{"id":10785,"date":"2025-03-03T15:20:57","date_gmt":"2025-03-03T14:20:57","guid":{"rendered":"https:\/\/vitapurastudio.ch\/foire-aux-questions-faq\/"},"modified":"2025-03-07T12:59:09","modified_gmt":"2025-03-07T11:59:09","slug":"foire-aux-questions-faq","status":"publish","type":"page","link":"https:\/\/vitapurastudio.ch\/fr\/foire-aux-questions-faq\/","title":{"rendered":"Foire aux questions (FAQ)"},"content":{"rendered":"\t\t<div data-elementor-type=\"wp-page\" data-elementor-id=\"10785\" class=\"elementor elementor-10785 elementor-84\" data-elementor-post-type=\"page\">\n\t\t\t\t\t\t<section class=\"elementor-section elementor-top-section elementor-element elementor-element-933f75e elementor-section-content-middle elementor-section-boxed elementor-section-height-default elementor-section-height-default\" data-id=\"933f75e\" data-element_type=\"section\" data-e-type=\"section\">\n\t\t\t\t\t\t\t<div class=\"elementor-background-overlay\"><\/div>\n\t\t\t\t\t\t\t<div class=\"elementor-container elementor-column-gap-default\">\n\t\t\t\t\t<div class=\"elementor-column elementor-col-100 elementor-top-column elementor-element elementor-element-699af10\" data-id=\"699af10\" data-element_type=\"column\" data-e-type=\"column\">\n\t\t\t<div class=\"elementor-widget-wrap elementor-element-populated\">\n\t\t\t\t\t\t<div class=\"elementor-element elementor-element-2b3ef0c elementor-widget elementor-widget-text-editor\" data-id=\"2b3ef0c\" data-element_type=\"widget\" data-e-type=\"widget\" data-widget_type=\"text-editor.default\">\n\t\t\t\t<div class=\"elementor-widget-container\">\n\t\t\t\t\t\t\t\t\t<div><pre><nav  aria-label=\"Fil d&#039;Ariane\"><ol class=\"breadcrumb\"><li class=\"breadcrumb-item active\" aria-current=\"page\"><span>Accueil<\/span><\/li><\/ol><\/nav><\/pre><\/div>\t\t\t\t\t\t\t\t<\/div>\n\t\t\t\t<\/div>\n\t\t\t\t\t<\/div>\n\t\t<\/div>\n\t\t\t\t\t<\/div>\n\t\t<\/section>\n\t\t\t\t<section class=\"elementor-section elementor-top-section elementor-element elementor-element-724ab242 elementor-section-boxed elementor-section-height-default elementor-section-height-default\" data-id=\"724ab242\" data-element_type=\"section\" data-e-type=\"section\">\n\t\t\t\t\t\t<div class=\"elementor-container elementor-column-gap-default\">\n\t\t\t\t\t<div class=\"elementor-column elementor-col-50 elementor-top-column elementor-element elementor-element-74090187\" data-id=\"74090187\" data-element_type=\"column\" data-e-type=\"column\">\n\t\t\t<div class=\"elementor-widget-wrap elementor-element-populated\">\n\t\t\t\t\t\t<div class=\"elementor-element elementor-element-782f39f4 elementor-widget elementor-widget-heading\" data-id=\"782f39f4\" data-element_type=\"widget\" data-e-type=\"widget\" data-widget_type=\"heading.default\">\n\t\t\t\t<div class=\"elementor-widget-container\">\n\t\t\t\t\t<h2 class=\"elementor-heading-title elementor-size-default\">Questions fr\u00e9quemment pos\u00e9es - Vita Pura Studio<\/h2>\t\t\t\t<\/div>\n\t\t\t\t<\/div>\n\t\t\t\t<div class=\"elementor-element elementor-element-ce6c77c elementor-widget elementor-widget-text-editor\" data-id=\"ce6c77c\" data-element_type=\"widget\" data-e-type=\"widget\" data-widget_type=\"text-editor.default\">\n\t\t\t\t<div class=\"elementor-widget-container\">\n\t\t\t\t\t\t\t\t\t<p>Bienvenue dans la section <strong data-start=\"72\" data-end=\"79\">FAQ<\/strong> de <strong data-start=\"83\" data-end=\"103\">Vita Pura Studio<\/strong>! Vous trouverez ici les r\u00e9ponses aux questions les plus courantes concernant nos traitements holistiques, les modalit\u00e9s de r\u00e9servation et les certifications. Si vous ne trouvez pas la r\u00e9ponse que vous cherchez, <strong data-start=\"279\" data-end=\"293\">contactez-nous<\/strong> et nous nous ferons un plaisir de vous aider. <\/p>\t\t\t\t\t\t\t\t<\/div>\n\t\t\t\t<\/div>\n\t\t\t\t<div class=\"elementor-element elementor-element-5f074b63 elementor-widget elementor-widget-toggle\" data-id=\"5f074b63\" data-element_type=\"widget\" data-e-type=\"widget\" data-widget_type=\"toggle.default\">\n\t\t\t\t<div class=\"elementor-widget-container\">\n\t\t\t\t\t\t\t<div class=\"elementor-toggle\">\n\t\t\t\t\t\t\t<div class=\"elementor-toggle-item\">\n\t\t\t\t\t<h5 id=\"elementor-tab-title-1591\" class=\"elementor-tab-title\" data-tab=\"1\" role=\"button\" aria-controls=\"elementor-tab-content-1591\" aria-expanded=\"false\">\n\t\t\t\t\t\t\t\t\t\t\t\t<span class=\"elementor-toggle-icon elementor-toggle-icon-left\" aria-hidden=\"true\">\n\t\t\t\t\t\t\t\t\t\t\t\t\t\t\t<span class=\"elementor-toggle-icon-closed\"><svg class=\"e-font-icon-svg e-fas-chevron-circle-down\" viewBox=\"0 0 512 512\" xmlns=\"http:\/\/www.w3.org\/2000\/svg\"><path d=\"M504 256c0 137-111 248-248 248S8 393 8 256 119 8 256 8s248 111 248 248zM273 369.9l135.5-135.5c9.4-9.4 9.4-24.6 0-33.9l-17-17c-9.4-9.4-24.6-9.4-33.9 0L256 285.1 154.4 183.5c-9.4-9.4-24.6-9.4-33.9 0l-17 17c-9.4 9.4-9.4 24.6 0 33.9L239 369.9c9.4 9.4 24.6 9.4 34 0z\"><\/path><\/svg><\/span>\n\t\t\t\t\t\t\t\t<span class=\"elementor-toggle-icon-opened\"><svg class=\"elementor-toggle-icon-opened e-font-icon-svg e-fas-chevron-circle-up\" viewBox=\"0 0 512 512\" xmlns=\"http:\/\/www.w3.org\/2000\/svg\"><path d=\"M8 256C8 119 119 8 256 8s248 111 248 248-111 248-248 248S8 393 8 256zm231-113.9L103.5 277.6c-9.4 9.4-9.4 24.6 0 33.9l17 17c9.4 9.4 24.6 9.4 33.9 0L256 226.9l101.6 101.6c9.4 9.4 24.6 9.4 33.9 0l17-17c9.4-9.4 9.4-24.6 0-33.9L273 142.1c-9.4-9.4-24.6-9.4-34 0z\"><\/path><\/svg><\/span>\n\t\t\t\t\t\t\t\t\t\t\t\t\t<\/span>\n\t\t\t\t\t\t\t\t\t\t\t\t<a class=\"elementor-toggle-title\" tabindex=\"0\">Quels sont les traitements propos\u00e9s par Vita Pura Studio?<\/a>\n\t\t\t\t\t<\/h5>\n\n\t\t\t\t\t<div id=\"elementor-tab-content-1591\" class=\"elementor-tab-content elementor-clearfix\" data-tab=\"1\" role=\"region\" aria-labelledby=\"elementor-tab-title-1591\"><p data-start=\"385\" data-end=\"836\">Nous proposons une large gamme de traitements pour le bien-\u00eatre physique, \u00e9nerg\u00e9tique et mental :<br data-start=\"480\" data-end=\"483\">\u2714 <strong data-start=\"485\" data-end=\"509\">Massages th\u00e9rapeutiques<\/strong> (classiques, sportifs, d\u00e9contracturants, lymphatiques, ayurv\u00e9diques, bio\u00e9nerg\u00e9tiques) <br data-start=\"586\" data-end=\"589\">\u2714 <strong data-start=\"591\" data-end=\"617\">R\u00e9flexologie plantaire<\/strong><br data-start=\"617\" data-end=\"620\">\u2714 <strong data-start=\"622\" data-end=\"657\">Reiki et \u00e9quilibrage \u00e9nerg\u00e9tique<\/strong><br data-start=\"657\" data-end=\"660\">\u2714 <strong data-start=\"662\" data-end=\"687\">Th\u00e9rapie craniosacrale<\/strong><br data-start=\"687\" data-end=\"690\">\u2714 <strong data-start=\"692\" data-end=\"726\">Th\u00e9rapie de fr\u00e9quence avec Diapason<\/strong><br data-start=\"726\" data-end=\"729\">\u2714 <strong data-start=\"731\" data-end=\"752\">Th\u00e9rapie des m\u00e9ridiens<\/strong><br data-start=\"752\" data-end=\"755\">\u2714 <strong data-start=\"757\" data-end=\"796\">Th\u00e9rapie de r\u00e9g\u00e9n\u00e9ration osseuse<\/strong><br data-start=\"796\" data-end=\"799\">\u2714        <strong data-start=\"801\" data-end=\"834\">Coaching spirituel et mental<\/strong><\/p>\n<p data-start=\"838\" data-end=\"914\">Tous les traitements sont personnalis\u00e9s en fonction des besoins du client.<\/p>\n<\/div>\n\t\t\t\t<\/div>\n\t\t\t\t\t\t\t<div class=\"elementor-toggle-item\">\n\t\t\t\t\t<h5 id=\"elementor-tab-title-1592\" class=\"elementor-tab-title\" data-tab=\"2\" role=\"button\" aria-controls=\"elementor-tab-content-1592\" aria-expanded=\"false\">\n\t\t\t\t\t\t\t\t\t\t\t\t<span class=\"elementor-toggle-icon elementor-toggle-icon-left\" aria-hidden=\"true\">\n\t\t\t\t\t\t\t\t\t\t\t\t\t\t\t<span class=\"elementor-toggle-icon-closed\"><svg class=\"e-font-icon-svg e-fas-chevron-circle-down\" viewBox=\"0 0 512 512\" xmlns=\"http:\/\/www.w3.org\/2000\/svg\"><path d=\"M504 256c0 137-111 248-248 248S8 393 8 256 119 8 256 8s248 111 248 248zM273 369.9l135.5-135.5c9.4-9.4 9.4-24.6 0-33.9l-17-17c-9.4-9.4-24.6-9.4-33.9 0L256 285.1 154.4 183.5c-9.4-9.4-24.6-9.4-33.9 0l-17 17c-9.4 9.4-9.4 24.6 0 33.9L239 369.9c9.4 9.4 24.6 9.4 34 0z\"><\/path><\/svg><\/span>\n\t\t\t\t\t\t\t\t<span class=\"elementor-toggle-icon-opened\"><svg class=\"elementor-toggle-icon-opened e-font-icon-svg e-fas-chevron-circle-up\" viewBox=\"0 0 512 512\" xmlns=\"http:\/\/www.w3.org\/2000\/svg\"><path d=\"M8 256C8 119 119 8 256 8s248 111 248 248-111 248-248 248S8 393 8 256zm231-113.9L103.5 277.6c-9.4 9.4-9.4 24.6 0 33.9l17 17c9.4 9.4 24.6 9.4 33.9 0L256 226.9l101.6 101.6c9.4 9.4 24.6 9.4 33.9 0l17-17c9.4-9.4 9.4-24.6 0-33.9L273 142.1c-9.4-9.4-24.6-9.4-34 0z\"><\/path><\/svg><\/span>\n\t\t\t\t\t\t\t\t\t\t\t\t\t<\/span>\n\t\t\t\t\t\t\t\t\t\t\t\t<a class=\"elementor-toggle-title\" tabindex=\"0\">  Les traitements sont-ils reconnus par les compagnies d'assurance maladie ?<\/a>\n\t\t\t\t\t<\/h5>\n\n\t\t\t\t\t<div id=\"elementor-tab-content-1592\" class=\"elementor-tab-content elementor-clearfix\" data-tab=\"2\" role=\"region\" aria-labelledby=\"elementor-tab-title-1592\"><p data-start=\"985\" data-end=\"1257\">Oui ! <strong data-start=\"989\" data-end=\"1030\">Vita Pura Studio est certifi\u00e9 RME.ch<\/strong>, ce qui signifie que beaucoup de nos traitements sont reconnus par les <strong data-start=\"1103\" data-end=\"1133\">assurances compl\u00e9mentaires<\/strong> en Suisse. Nous vous conseillons de v\u00e9rifier directement aupr\u00e8s de votre assurance si le traitement que vous souhaitez est pris en charge. <\/p>\n<\/div>\n\t\t\t\t<\/div>\n\t\t\t\t\t\t\t<div class=\"elementor-toggle-item\">\n\t\t\t\t\t<h5 id=\"elementor-tab-title-1593\" class=\"elementor-tab-title\" data-tab=\"3\" role=\"button\" aria-controls=\"elementor-tab-content-1593\" aria-expanded=\"false\">\n\t\t\t\t\t\t\t\t\t\t\t\t<span class=\"elementor-toggle-icon elementor-toggle-icon-left\" aria-hidden=\"true\">\n\t\t\t\t\t\t\t\t\t\t\t\t\t\t\t<span class=\"elementor-toggle-icon-closed\"><svg class=\"e-font-icon-svg e-fas-chevron-circle-down\" viewBox=\"0 0 512 512\" xmlns=\"http:\/\/www.w3.org\/2000\/svg\"><path d=\"M504 256c0 137-111 248-248 248S8 393 8 256 119 8 256 8s248 111 248 248zM273 369.9l135.5-135.5c9.4-9.4 9.4-24.6 0-33.9l-17-17c-9.4-9.4-24.6-9.4-33.9 0L256 285.1 154.4 183.5c-9.4-9.4-24.6-9.4-33.9 0l-17 17c-9.4 9.4-9.4 24.6 0 33.9L239 369.9c9.4 9.4 24.6 9.4 34 0z\"><\/path><\/svg><\/span>\n\t\t\t\t\t\t\t\t<span class=\"elementor-toggle-icon-opened\"><svg class=\"elementor-toggle-icon-opened e-font-icon-svg e-fas-chevron-circle-up\" viewBox=\"0 0 512 512\" xmlns=\"http:\/\/www.w3.org\/2000\/svg\"><path d=\"M8 256C8 119 119 8 256 8s248 111 248 248-111 248-248 248S8 393 8 256zm231-113.9L103.5 277.6c-9.4 9.4-9.4 24.6 0 33.9l17 17c9.4 9.4 24.6 9.4 33.9 0L256 226.9l101.6 101.6c9.4 9.4 24.6 9.4 33.9 0l17-17c9.4-9.4 9.4-24.6 0-33.9L273 142.1c-9.4-9.4-24.6-9.4-34 0z\"><\/path><\/svg><\/span>\n\t\t\t\t\t\t\t\t\t\t\t\t\t<\/span>\n\t\t\t\t\t\t\t\t\t\t\t\t<a class=\"elementor-toggle-title\" tabindex=\"0\">Comment puis-je r\u00e9server un traitement ?<\/a>\n\t\t\t\t\t<\/h5>\n\n\t\t\t\t\t<div id=\"elementor-tab-content-1593\" class=\"elementor-tab-content elementor-clearfix\" data-tab=\"3\" role=\"region\" aria-labelledby=\"elementor-tab-title-1593\"><p data-start=\"1313\" data-end=\"1575\">Vous pouvez prendre votre rendez-vous de plusieurs mani\u00e8res :<br data-start=\"1364\" data-end=\"1367\">\ud83d\udcc5 <strong data-start=\"1370\" data-end=\"1380\">En ligne<\/strong>: en remplissant le formulaire de r\u00e9servation sur notre site web.<br data-start=\"1439\" data-end=\"1442\">\ud83d\udce7 <strong data-start=\"1445\" data-end=\"1454\">Par courrier \u00e9lectronique<\/strong>: \u00c9crivez-nous \u00e0 <strong data-start=\"1467\" data-end=\"1493\"><a rel=\"noopener\" data-start=\"1469\" data-end=\"1491\">info@vitapurastudio.ch<\/a><\/strong><br data-start=\"1493\" data-end=\"1496\">\ud83d\udcde <strong data-start=\"1499\" data-end=\"1520\">T\u00e9l\u00e9phone\/WhatsApp<\/strong>: Appelez ou envoyez un message au <strong data-start=\"1553\" data-end=\"1573\">+41 79 661 55 18<\/strong><\/p>\n<p data-start=\"1577\" data-end=\"1683\">Il est recommand\u00e9 de r\u00e9server \u00e0 l&rsquo;avance pour s&rsquo;assurer de la disponibilit\u00e9 au jour et \u00e0 l&rsquo;heure souhait\u00e9s.<\/p>\n<\/div>\n\t\t\t\t<\/div>\n\t\t\t\t\t\t\t<div class=\"elementor-toggle-item\">\n\t\t\t\t\t<h5 id=\"elementor-tab-title-1594\" class=\"elementor-tab-title\" data-tab=\"4\" role=\"button\" aria-controls=\"elementor-tab-content-1594\" aria-expanded=\"false\">\n\t\t\t\t\t\t\t\t\t\t\t\t<span class=\"elementor-toggle-icon elementor-toggle-icon-left\" aria-hidden=\"true\">\n\t\t\t\t\t\t\t\t\t\t\t\t\t\t\t<span class=\"elementor-toggle-icon-closed\"><svg class=\"e-font-icon-svg e-fas-chevron-circle-down\" viewBox=\"0 0 512 512\" xmlns=\"http:\/\/www.w3.org\/2000\/svg\"><path d=\"M504 256c0 137-111 248-248 248S8 393 8 256 119 8 256 8s248 111 248 248zM273 369.9l135.5-135.5c9.4-9.4 9.4-24.6 0-33.9l-17-17c-9.4-9.4-24.6-9.4-33.9 0L256 285.1 154.4 183.5c-9.4-9.4-24.6-9.4-33.9 0l-17 17c-9.4 9.4-9.4 24.6 0 33.9L239 369.9c9.4 9.4 24.6 9.4 34 0z\"><\/path><\/svg><\/span>\n\t\t\t\t\t\t\t\t<span class=\"elementor-toggle-icon-opened\"><svg class=\"elementor-toggle-icon-opened e-font-icon-svg e-fas-chevron-circle-up\" viewBox=\"0 0 512 512\" xmlns=\"http:\/\/www.w3.org\/2000\/svg\"><path d=\"M8 256C8 119 119 8 256 8s248 111 248 248-111 248-248 248S8 393 8 256zm231-113.9L103.5 277.6c-9.4 9.4-9.4 24.6 0 33.9l17 17c9.4 9.4 24.6 9.4 33.9 0L256 226.9l101.6 101.6c9.4 9.4 24.6 9.4 33.9 0l17-17c9.4-9.4 9.4-24.6 0-33.9L273 142.1c-9.4-9.4-24.6-9.4-34 0z\"><\/path><\/svg><\/span>\n\t\t\t\t\t\t\t\t\t\t\t\t\t<\/span>\n\t\t\t\t\t\t\t\t\t\t\t\t<a class=\"elementor-toggle-title\" tabindex=\"0\">Les traitements conviennent-ils \u00e0 tout le monde ?<\/a>\n\t\t\t\t\t<\/h5>\n\n\t\t\t\t\t<div id=\"elementor-tab-content-1594\" class=\"elementor-tab-content elementor-clearfix\" data-tab=\"4\" role=\"region\" aria-labelledby=\"elementor-tab-title-1594\"><p data-start=\"2319\" data-end=\"2578\">Oui, les traitements conviennent aux <strong data-start=\"2351\" data-end=\"2378\">personnes de tout \u00e2ge<\/strong>. Toutefois, si vous pr\u00e9sentez des conditions de sant\u00e9 particuli\u00e8res (grossesse, probl\u00e8mes cardiovasculaires, intervention chirurgicale r\u00e9cente, etc.), nous vous recommandons de consulter votre m\u00e9decin avant de suivre un traitement. <\/p>\n<\/div>\n\t\t\t\t<\/div>\n\t\t\t\t\t\t\t\t\t\t<script type=\"application\/ld+json\">{\"@context\":\"https:\\\/\\\/schema.org\",\"@type\":\"FAQPage\",\"mainEntity\":[{\"@type\":\"Question\",\"name\":\"Quels sont les traitements propos\\u00e9s par Vita Pura Studio?\",\"acceptedAnswer\":{\"@type\":\"Answer\",\"text\":\"<p data-start=\\\"385\\\" data-end=\\\"836\\\">Nous proposons une large gamme de traitements pour le bien-\\u00eatre physique, \\u00e9nerg\\u00e9tique et mental :<br data-start=\\\"480\\\" data-end=\\\"483\\\">\\u2714 <strong data-start=\\\"485\\\" data-end=\\\"509\\\">Massages th\\u00e9rapeutiques<\\\/strong> (classiques, sportifs, d\\u00e9contracturants, lymphatiques, ayurv\\u00e9diques, bio\\u00e9nerg\\u00e9tiques) <br data-start=\\\"586\\\" data-end=\\\"589\\\">\\u2714 <strong data-start=\\\"591\\\" data-end=\\\"617\\\">R\\u00e9flexologie plantaire<\\\/strong><br data-start=\\\"617\\\" data-end=\\\"620\\\">\\u2714 <strong data-start=\\\"622\\\" data-end=\\\"657\\\">Reiki et \\u00e9quilibrage \\u00e9nerg\\u00e9tique<\\\/strong><br data-start=\\\"657\\\" data-end=\\\"660\\\">\\u2714 <strong data-start=\\\"662\\\" data-end=\\\"687\\\">Th\\u00e9rapie craniosacrale<\\\/strong><br data-start=\\\"687\\\" data-end=\\\"690\\\">\\u2714 <strong data-start=\\\"692\\\" data-end=\\\"726\\\">Th\\u00e9rapie de fr\\u00e9quence avec Diapason<\\\/strong><br data-start=\\\"726\\\" data-end=\\\"729\\\">\\u2714 <strong data-start=\\\"731\\\" data-end=\\\"752\\\">Th\\u00e9rapie des m\\u00e9ridiens<\\\/strong><br data-start=\\\"752\\\" data-end=\\\"755\\\">\\u2714 <strong data-start=\\\"757\\\" data-end=\\\"796\\\">Th\\u00e9rapie de r\\u00e9g\\u00e9n\\u00e9ration osseuse<\\\/strong><br data-start=\\\"796\\\" data-end=\\\"799\\\">\\u2714        <strong data-start=\\\"801\\\" data-end=\\\"834\\\">Coaching spirituel et mental<\\\/strong><\\\/p>\\n<p data-start=\\\"838\\\" data-end=\\\"914\\\">Tous les traitements sont personnalis\\u00e9s en fonction des besoins du client.<\\\/p>\\n\"}},{\"@type\":\"Question\",\"name\":\"Les traitements sont-ils reconnus par les compagnies d'assurance maladie ?\",\"acceptedAnswer\":{\"@type\":\"Answer\",\"text\":\"<p data-start=\\\"985\\\" data-end=\\\"1257\\\">Oui ! <strong data-start=\\\"989\\\" data-end=\\\"1030\\\">Vita Pura Studio est certifi\\u00e9 RME.ch<\\\/strong>, ce qui signifie que beaucoup de nos traitements sont reconnus par les <strong data-start=\\\"1103\\\" data-end=\\\"1133\\\">assurances compl\\u00e9mentaires<\\\/strong> en Suisse. Nous vous conseillons de v\\u00e9rifier directement aupr\\u00e8s de votre assurance si le traitement que vous souhaitez est pris en charge. <\\\/p>\\n\"}},{\"@type\":\"Question\",\"name\":\"Comment puis-je r\\u00e9server un traitement ?\",\"acceptedAnswer\":{\"@type\":\"Answer\",\"text\":\"<p data-start=\\\"1313\\\" data-end=\\\"1575\\\">Vous pouvez prendre votre rendez-vous de plusieurs mani\\u00e8res :<br data-start=\\\"1364\\\" data-end=\\\"1367\\\">\\ud83d\\udcc5 <strong data-start=\\\"1370\\\" data-end=\\\"1380\\\">En ligne<\\\/strong>: en remplissant le formulaire de r\\u00e9servation sur notre site web.<br data-start=\\\"1439\\\" data-end=\\\"1442\\\">\\ud83d\\udce7 <strong data-start=\\\"1445\\\" data-end=\\\"1454\\\">Par courrier \\u00e9lectronique<\\\/strong>: \\u00c9crivez-nous \\u00e0 <strong data-start=\\\"1467\\\" data-end=\\\"1493\\\"><a rel=\\\"noopener\\\" data-start=\\\"1469\\\" data-end=\\\"1491\\\">info@vitapurastudio.ch<\\\/a><\\\/strong><br data-start=\\\"1493\\\" data-end=\\\"1496\\\">\\ud83d\\udcde <strong data-start=\\\"1499\\\" data-end=\\\"1520\\\">T\\u00e9l\\u00e9phone\\\/WhatsApp<\\\/strong>: Appelez ou envoyez un message au <strong data-start=\\\"1553\\\" data-end=\\\"1573\\\">+41 79 661 55 18<\\\/strong><\\\/p>\\n<p data-start=\\\"1577\\\" data-end=\\\"1683\\\">Il est recommand\\u00e9 de r\\u00e9server \\u00e0 l&rsquo;avance pour s&rsquo;assurer de la disponibilit\\u00e9 au jour et \\u00e0 l&rsquo;heure souhait\\u00e9s.<\\\/p>\\n\"}},{\"@type\":\"Question\",\"name\":\"Les traitements conviennent-ils \\u00e0 tout le monde ?\",\"acceptedAnswer\":{\"@type\":\"Answer\",\"text\":\"<p data-start=\\\"2319\\\" data-end=\\\"2578\\\">Oui, les traitements conviennent aux <strong data-start=\\\"2351\\\" data-end=\\\"2378\\\">personnes de tout \\u00e2ge<\\\/strong>. Toutefois, si vous pr\\u00e9sentez des conditions de sant\\u00e9 particuli\\u00e8res (grossesse, probl\\u00e8mes cardiovasculaires, intervention chirurgicale r\\u00e9cente, etc.), nous vous recommandons de consulter votre m\\u00e9decin avant de suivre un traitement. <\\\/p>\\n\"}}]}<\/script>\n\t\t\t\t\t<\/div>\n\t\t\t\t\t\t<\/div>\n\t\t\t\t<\/div>\n\t\t\t\t\t<\/div>\n\t\t<\/div>\n\t\t\t\t<div class=\"elementor-column elementor-col-50 elementor-top-column elementor-element elementor-element-509380e9\" data-id=\"509380e9\" data-element_type=\"column\" data-e-type=\"column\">\n\t\t\t<div class=\"elementor-widget-wrap elementor-element-populated\">\n\t\t\t\t\t\t<div class=\"elementor-element elementor-element-4294f6db elementor-widget elementor-widget-heading\" data-id=\"4294f6db\" data-element_type=\"widget\" data-e-type=\"widget\" data-widget_type=\"heading.default\">\n\t\t\t\t<div class=\"elementor-widget-container\">\n\t\t\t\t\t<h5 class=\"elementor-heading-title elementor-size-default\">Contactez-moi pour plus d'informations<\/h5>\t\t\t\t<\/div>\n\t\t\t\t<\/div>\n\t\t\t\t<div class=\"elementor-element elementor-element-1b9d727 elementor-button-align-stretch elementor-widget elementor-widget-form\" data-id=\"1b9d727\" data-element_type=\"widget\" data-e-type=\"widget\" data-settings=\"{&quot;step_next_label&quot;:&quot;Suivant&quot;,&quot;step_previous_label&quot;:&quot;Pr\\u00e9c\\u00e9dent&quot;,&quot;button_width&quot;:&quot;100&quot;,&quot;step_type&quot;:&quot;number_text&quot;,&quot;step_icon_shape&quot;:&quot;circle&quot;}\" data-widget_type=\"form.default\">\n\t\t\t\t<div class=\"elementor-widget-container\">\n\t\t\t\t\t\t\t<form class=\"elementor-form\" method=\"post\" name=\"Nouveau module\" aria-label=\"Nouveau module\">\n\t\t\t<input type=\"hidden\" name=\"post_id\" value=\"10785\"\/>\n\t\t\t<input type=\"hidden\" name=\"form_id\" value=\"1b9d727\"\/>\n\t\t\t<input type=\"hidden\" name=\"referer_title\" value=\"Foire aux questions (FAQ)\" \/>\n\n\t\t\t\t\t\t\t<input type=\"hidden\" name=\"queried_id\" value=\"10785\"\/>\n\t\t\t\n\t\t\t<div class=\"elementor-form-fields-wrapper elementor-labels-above\">\n\t\t\t\t\t\t\t\t<div class=\"elementor-field-type-text elementor-field-group elementor-column elementor-field-group-name elementor-col-100\">\n\t\t\t\t\t\t\t\t\t\t\t\t<label for=\"form-field-name\" class=\"elementor-field-label\">\n\t\t\t\t\t\t\t\tNom\t\t\t\t\t\t\t<\/label>\n\t\t\t\t\t\t\t\t\t\t\t\t\t\t<input size=\"1\" type=\"text\" name=\"form_fields[name]\" id=\"form-field-name\" class=\"elementor-field elementor-size-sm  elementor-field-textual\" placeholder=\"Nom\">\n\t\t\t\t\t\t\t\t\t\t\t<\/div>\n\t\t\t\t\t\t\t\t<div class=\"elementor-field-type-email elementor-field-group elementor-column elementor-field-group-email elementor-col-100 elementor-field-required\">\n\t\t\t\t\t\t\t\t\t\t\t\t<label for=\"form-field-email\" class=\"elementor-field-label\">\n\t\t\t\t\t\t\t\tCourriel\t\t\t\t\t\t\t<\/label>\n\t\t\t\t\t\t\t\t\t\t\t\t\t\t<input size=\"1\" type=\"email\" name=\"form_fields[email]\" id=\"form-field-email\" class=\"elementor-field elementor-size-sm  elementor-field-textual\" placeholder=\"Courriel\" required=\"required\">\n\t\t\t\t\t\t\t\t\t\t\t<\/div>\n\t\t\t\t\t\t\t\t<div class=\"elementor-field-type-textarea elementor-field-group elementor-column elementor-field-group-message elementor-col-100\">\n\t\t\t\t\t\t\t\t\t\t\t\t<label for=\"form-field-message\" class=\"elementor-field-label\">\n\t\t\t\t\t\t\t\tMessage\t\t\t\t\t\t\t<\/label>\n\t\t\t\t\t\t<textarea class=\"elementor-field-textual elementor-field  elementor-size-sm\" name=\"form_fields[message]\" id=\"form-field-message\" rows=\"4\" placeholder=\"Message\"><\/textarea>\t\t\t\t<\/div>\n\t\t\t\t\t\t\t\t<div class=\"elementor-field-type-recaptcha_v3 elementor-field-group elementor-column elementor-field-group-field_b59fd1e elementor-col-100 recaptcha_v3-bottomright\">\n\t\t\t\t\t<div class=\"elementor-field\" id=\"form-field-field_b59fd1e\"><div class=\"elementor-g-recaptcha\" data-sitekey=\"6LeubesqAAAAAMwnCUuREwUlXr1n5kd6S3YcD5P4\" data-type=\"v3\" data-action=\"Form\" data-badge=\"bottomright\" data-size=\"invisible\"><\/div><\/div>\t\t\t\t<\/div>\n\t\t\t\t\t\t\t\t<div class=\"elementor-field-group elementor-column elementor-field-type-submit elementor-col-100 e-form__buttons\">\n\t\t\t\t\t<button class=\"elementor-button elementor-size-sm\" type=\"submit\">\n\t\t\t\t\t\t<span class=\"elementor-button-content-wrapper\">\n\t\t\t\t\t\t\t\t\t\t\t\t\t\t\t\t\t\t\t\t\t\t<span class=\"elementor-button-text\">Envoyer<\/span>\n\t\t\t\t\t\t\t\t\t\t\t\t\t<\/span>\n\t\t\t\t\t<\/button>\n\t\t\t\t<\/div>\n\t\t\t<\/div>\n\t\t<\/form>\n\t\t\t\t\t\t<\/div>\n\t\t\t\t<\/div>\n\t\t\t\t\t<\/div>\n\t\t<\/div>\n\t\t\t\t\t<\/div>\n\t\t<\/section>\n\t\t\t\t<\/div>\n\t\t","protected":false},"excerpt":{"rendered":"<p>Questions fr\u00e9quemment pos\u00e9es &#8211; Vita Pura Studio Bienvenue dans la section FAQ de Vita Pura Studio! Vous trouverez ici les r\u00e9ponses aux questions les plus courantes concernant nos traitements holistiques, les modalit\u00e9s de r\u00e9servation et les certifications. Si vous ne trouvez pas la r\u00e9ponse que vous cherchez, contactez-nous et nous nous ferons un plaisir de [&hellip;]<\/p>\n","protected":false},"author":2,"featured_media":0,"parent":0,"menu_order":0,"comment_status":"closed","ping_status":"closed","template":"","meta":{"_seopress_robots_primary_cat":"","_seopress_titles_title":"","_seopress_titles_desc":"","_seopress_robots_index":"","footnotes":""},"class_list":["post-10785","page","type-page","status-publish","hentry"],"_links":{"self":[{"href":"https:\/\/vitapurastudio.ch\/fr\/wp-json\/wp\/v2\/pages\/10785","targetHints":{"allow":["GET"]}}],"collection":[{"href":"https:\/\/vitapurastudio.ch\/fr\/wp-json\/wp\/v2\/pages"}],"about":[{"href":"https:\/\/vitapurastudio.ch\/fr\/wp-json\/wp\/v2\/types\/page"}],"author":[{"embeddable":true,"href":"https:\/\/vitapurastudio.ch\/fr\/wp-json\/wp\/v2\/users\/2"}],"replies":[{"embeddable":true,"href":"https:\/\/vitapurastudio.ch\/fr\/wp-json\/wp\/v2\/comments?post=10785"}],"version-history":[{"count":0,"href":"https:\/\/vitapurastudio.ch\/fr\/wp-json\/wp\/v2\/pages\/10785\/revisions"}],"wp:attachment":[{"href":"https:\/\/vitapurastudio.ch\/fr\/wp-json\/wp\/v2\/media?parent=10785"}],"curies":[{"name":"wp","href":"https:\/\/api.w.org\/{rel}","templated":true}]}}