{"id":10782,"date":"2025-03-05T13:53:25","date_gmt":"2025-03-05T12:53:25","guid":{"rendered":"https:\/\/vitapurastudio.ch\/notes-juridiques-impressum\/"},"modified":"2025-03-07T12:59:04","modified_gmt":"2025-03-07T11:59:04","slug":"notes-juridiques-impressum","status":"publish","type":"page","link":"https:\/\/vitapurastudio.ch\/fr\/notes-juridiques-impressum\/","title":{"rendered":"Notes juridiques (Impressum)"},"content":{"rendered":"\n<p><strong>Vita Pura Studio<\/strong><br\/>Giuseppe Priolo<br\/>\ud83d\udccd <strong>Adresse :<\/strong> Via Muro della Rossa 16, 6600 Solduno, Suisse<br\/>\ud83d\udce7 <strong>Courriel :<\/strong> <a>vitapurastudio@gmail.com<\/a><br\/>\ud83d\udcde <strong>T\u00e9l\u00e9phone :<\/strong> +41 79 661 55 18<\/p>\n\n<p><strong>Num\u00e9ro de TVA :<\/strong> [inserire se disponibile]<\/p>\n\n<hr class=\"wp-block-separator has-alpha-channel-opacity\"\/>\n\n<h3 class=\"wp-block-heading\"><strong>R\u00e9alisation du site web<\/strong><\/h3>\n\n<p>Ce site a \u00e9t\u00e9 d\u00e9velopp\u00e9 par <strong><a href=\"https:\/\/swisswebstudio.com\">Swiss Web Studio<\/a><\/strong>une agence sp\u00e9cialis\u00e9e dans le <strong>d\u00e9veloppement web, le r\u00e9f\u00e9rencement et le marketing num\u00e9rique<\/strong>.<\/p>\n\n<p>\ud83c\udf10 <strong>Site web :<\/strong> <a href=\"https:\/\/swisswebstudio.com\">https:\/\/swisswebstudio.com<\/a><\/p>\n\n<hr class=\"wp-block-separator has-alpha-channel-opacity\"\/>\n\n<h3 class=\"wp-block-heading\"><strong>Exclusion de la responsabilit\u00e9<\/strong><\/h3>\n\n<p>Tout le contenu de ce site web a \u00e9t\u00e9 cr\u00e9\u00e9 avec le plus grand soin. Toutefois, nous ne garantissons pas l&rsquo;exactitude, l&rsquo;exhaustivit\u00e9 ou l&rsquo;actualit\u00e9 des informations fournies. Nous d\u00e9clinons toute responsabilit\u00e9 pour les dommages r\u00e9sultant de l&rsquo;utilisation des informations contenues dans ce site web.  <\/p>\n\n<h3 class=\"wp-block-heading\"><strong>Droits d&rsquo;auteur<\/strong><\/h3>\n\n<p>L&rsquo;ensemble du contenu de ce site (textes, images, logos) est prot\u00e9g\u00e9 par le droit d&rsquo;auteur. Toute reproduction, distribution ou utilisation sans l&rsquo;autorisation \u00e9crite du propri\u00e9taire du site est interdite. <\/p>\n\n<p><\/p>\n","protected":false},"excerpt":{"rendered":"<p>Vita Pura StudioGiuseppe Priolo\ud83d\udccd Adresse : Via Muro della Rossa 16, 6600 Solduno, Suisse\ud83d\udce7 Courriel : vitapurastudio@gmail.com\ud83d\udcde T\u00e9l\u00e9phone : +41 79 661 55 18 Num\u00e9ro de TVA : [inserire se disponibile] R\u00e9alisation du site web Ce site a \u00e9t\u00e9 d\u00e9velopp\u00e9 par Swiss Web Studioune agence sp\u00e9cialis\u00e9e dans le d\u00e9veloppement web, le r\u00e9f\u00e9rencement et le marketing [&hellip;]<\/p>\n","protected":false},"author":2,"featured_media":0,"parent":0,"menu_order":0,"comment_status":"closed","ping_status":"closed","template":"","meta":{"_seopress_robots_primary_cat":"","_seopress_titles_title":"","_seopress_titles_desc":"","_seopress_robots_index":"","footnotes":""},"class_list":["post-10782","page","type-page","status-publish","hentry"],"_links":{"self":[{"href":"https:\/\/vitapurastudio.ch\/fr\/wp-json\/wp\/v2\/pages\/10782","targetHints":{"allow":["GET"]}}],"collection":[{"href":"https:\/\/vitapurastudio.ch\/fr\/wp-json\/wp\/v2\/pages"}],"about":[{"href":"https:\/\/vitapurastudio.ch\/fr\/wp-json\/wp\/v2\/types\/page"}],"author":[{"embeddable":true,"href":"https:\/\/vitapurastudio.ch\/fr\/wp-json\/wp\/v2\/users\/2"}],"replies":[{"embeddable":true,"href":"https:\/\/vitapurastudio.ch\/fr\/wp-json\/wp\/v2\/comments?post=10782"}],"version-history":[{"count":0,"href":"https:\/\/vitapurastudio.ch\/fr\/wp-json\/wp\/v2\/pages\/10782\/revisions"}],"wp:attachment":[{"href":"https:\/\/vitapurastudio.ch\/fr\/wp-json\/wp\/v2\/media?parent=10782"}],"curies":[{"name":"wp","href":"https:\/\/api.w.org\/{rel}","templated":true}]}}