{"id":10769,"date":"2025-03-05T13:51:58","date_gmt":"2025-03-05T12:51:58","guid":{"rendered":"https:\/\/vitapurastudio.ch\/politique-de-confidentialite\/"},"modified":"2025-03-07T12:59:04","modified_gmt":"2025-03-07T11:59:04","slug":"politique-de-confidentialite","status":"publish","type":"page","link":"https:\/\/vitapurastudio.ch\/fr\/politique-de-confidentialite\/","title":{"rendered":"Politique de confidentialit\u00e9"},"content":{"rendered":"\n<p><strong>Derni\u00e8re mise \u00e0 jour : 05.03.2025<\/strong><\/p>\n\n<p>La pr\u00e9sente politique de confidentialit\u00e9 d\u00e9crit comment <strong>Vita Pura Studio<\/strong>La pr\u00e9sente politique de <strong>protection des donn\u00e9es<\/strong> d\u00e9crit la mani\u00e8re dont le site Web de la Commission europ\u00e9enne, situ\u00e9 \u00e0 <strong>Via Muro della Rossa 16, Solduno, Suisse,<\/strong> recueille, utilise et prot\u00e8ge vos donn\u00e9es personnelles conform\u00e9ment \u00e0 la <strong>loi f\u00e9d\u00e9rale sur la protection des donn\u00e9es (nLPD)<\/strong> et au <strong>r\u00e8glement g\u00e9n\u00e9ral sur la protection des donn\u00e9es (RGPD), le cas \u00e9ch\u00e9ant.<\/strong><\/p>\n\n<h4 class=\"wp-block-heading\"><strong>1. Responsable du traitement des donn\u00e9es<\/strong><\/h4>\n\n<ul class=\"wp-block-list\">\n<li><strong>Vita Pura Studio<\/strong><\/li>\n\n\n\n<li><strong>Giuseppe Priolo<\/strong><\/li>\n\n\n\n<li><strong>Adresse :<\/strong> Via Muro della Rossa 16, 6600 Solduno, Suisse<\/li>\n\n\n\n<li><strong>Courriel :<\/strong> <a>vitapurastudio@gmail.com<\/a><\/li>\n\n\n\n<li><strong>T\u00e9l\u00e9phone :<\/strong> +41 79 661 55 18<\/li>\n<\/ul>\n\n<h4 class=\"wp-block-heading\"><strong>2. Donn\u00e9es collect\u00e9es<\/strong><\/h4>\n\n<p>Lorsque vous naviguez sur notre site et que vous utilisez nos services, nous pouvons collecter les donn\u00e9es suivantes :<\/p>\n\n<ul class=\"wp-block-list\">\n<li><strong>Donn\u00e9es personnelles :<\/strong> nom, pr\u00e9nom, adresse \u00e9lectronique, num\u00e9ro de t\u00e9l\u00e9phone, donn\u00e9es fournies volontairement par le biais de formulaires de contact ou de r\u00e9servation.<\/li>\n\n\n\n<li><strong>Donn\u00e9es techniques :<\/strong> adresse IP, type de navigateur, syst\u00e8me d&rsquo;exploitation, temps d&rsquo;acc\u00e8s et donn\u00e9es de navigation.<\/li>\n\n\n\n<li><strong>Cookies et technologies de suivi :<\/strong> pour am\u00e9liorer l&rsquo;exp\u00e9rience de l&rsquo;utilisateur et analyser le trafic sur notre site web.<\/li>\n<\/ul>\n\n<h4 class=\"wp-block-heading\"><strong>3. Finalit\u00e9 du traitement<\/strong><\/h4>\n\n<p>Les donn\u00e9es collect\u00e9es sont utilis\u00e9es pour :<\/p>\n\n<ul class=\"wp-block-list\">\n<li>G\u00e9rer les demandes d&rsquo;information ou de r\u00e9servation.<\/li>\n\n\n\n<li>Fournir les services demand\u00e9s.<\/li>\n\n\n\n<li>Am\u00e9liorer l&rsquo;exp\u00e9rience de l&rsquo;utilisateur sur notre site.<\/li>\n\n\n\n<li>Remplir les obligations l\u00e9gales et fiscales.<\/li>\n\n\n\n<li>Activit\u00e9s de marketing uniquement avec le consentement explicite de l&rsquo;utilisateur.<\/li>\n<\/ul>\n\n<h4 class=\"wp-block-heading\"><strong>4. Base juridique du traitement<\/strong><\/h4>\n\n<p>Nous traitons les donn\u00e9es personnelles sur la base de :<\/p>\n\n<ul class=\"wp-block-list\">\n<li>Le consentement de l&rsquo;utilisateur.<\/li>\n\n\n\n<li>L&rsquo;ex\u00e9cution d&rsquo;un contrat ou le respect d&rsquo;obligations pr\u00e9contractuelles.<\/li>\n\n\n\n<li>Obligations l\u00e9gales en vertu du droit suisse et europ\u00e9en.<\/li>\n\n\n\n<li>Int\u00e9r\u00eat l\u00e9gitime (par exemple, pour am\u00e9liorer le service offert).<\/li>\n<\/ul>\n\n<h4 class=\"wp-block-heading\"><strong>5. Conservation des donn\u00e9es<\/strong><\/h4>\n\n<p>Les donn\u00e9es \u00e0 caract\u00e8re personnel ne sont conserv\u00e9es que le temps n\u00e9cessaire pour atteindre les objectifs pour lesquels elles ont \u00e9t\u00e9 collect\u00e9es ou pour respecter les obligations l\u00e9gales.<\/p>\n\n<h4 class=\"wp-block-heading\"><strong>6. Partage des donn\u00e9es<\/strong><\/h4>\n\n<p>Nous ne vendons pas, ne louons pas et n&rsquo;\u00e9changeons pas de donn\u00e9es personnelles avec des tiers. Les donn\u00e9es ne peuvent \u00eatre partag\u00e9es qu&rsquo;avec : <\/p>\n\n<ul class=\"wp-block-list\">\n<li>des fournisseurs de services (par exemple, h\u00e9bergement de sites web, services de marketing par courrier \u00e9lectronique) disposant de mesures de s\u00e9curit\u00e9 ad\u00e9quates.<\/li>\n\n\n\n<li>Autorit\u00e9s comp\u00e9tentes en cas d&rsquo;obligation l\u00e9gale.<\/li>\n<\/ul>\n\n<h4 class=\"wp-block-heading\"><strong>7. S\u00e9curit\u00e9 des donn\u00e9es<\/strong><\/h4>\n\n<p>Nous prenons des mesures techniques et organisationnelles pour prot\u00e9ger les donn\u00e9es personnelles contre l&rsquo;acc\u00e8s non autoris\u00e9, la perte ou la modification.<\/p>\n\n<h4 class=\"wp-block-heading\"><strong>8. Droits des utilisateurs<\/strong><\/h4>\n\n<p>Les utilisateurs ont le droit de :<\/p>\n\n<ul class=\"wp-block-list\">\n<li>Acc\u00e9der \u00e0 vos donn\u00e9es personnelles.<\/li>\n\n\n\n<li>Demander la rectification ou la suppression des donn\u00e9es.<\/li>\n\n\n\n<li>S&rsquo;opposer au traitement \u00e0 des fins de marketing.<\/li>\n\n\n\n<li>Retirer son consentement \u00e0 tout moment.<\/li>\n\n\n\n<li>Demander la portabilit\u00e9 des donn\u00e9es (le cas \u00e9ch\u00e9ant).<\/li>\n<\/ul>\n\n<p>Pour exercer vos droits, vous pouvez nous contacter \u00e0 l&rsquo;adresse suivante <strong><a>info@vitapurastudio.ch<\/a><\/strong>.<\/p>\n\n<h4 class=\"wp-block-heading\"><strong>9. Politique en mati\u00e8re de cookies<\/strong><\/h4>\n\n<p>Nous utilisons des <strong>cookies techniques et analytiques<\/strong> pour am\u00e9liorer l&rsquo;exp\u00e9rience des utilisateurs. Les utilisateurs peuvent g\u00e9rer leurs pr\u00e9f\u00e9rences en mati\u00e8re de cookies directement \u00e0 partir de leur navigateur. <\/p>\n\n<h4 class=\"wp-block-heading\"><strong>10. Modifications de la politique de confidentialit\u00e9<\/strong><\/h4>\n\n<p>Nous nous r\u00e9servons le droit de modifier la pr\u00e9sente politique de confidentialit\u00e9. Les modifications seront publi\u00e9es sur cette page. <\/p>\n","protected":false},"excerpt":{"rendered":"<p>Derni\u00e8re mise \u00e0 jour : 05.03.2025 La pr\u00e9sente politique de confidentialit\u00e9 d\u00e9crit comment Vita Pura StudioLa pr\u00e9sente politique de protection des donn\u00e9es d\u00e9crit la mani\u00e8re dont le site Web de la Commission europ\u00e9enne, situ\u00e9 \u00e0 Via Muro della Rossa 16, Solduno, Suisse, recueille, utilise et prot\u00e8ge vos donn\u00e9es personnelles conform\u00e9ment \u00e0 la loi f\u00e9d\u00e9rale sur [&hellip;]<\/p>\n","protected":false},"author":2,"featured_media":0,"parent":0,"menu_order":0,"comment_status":"closed","ping_status":"closed","template":"","meta":{"_seopress_robots_primary_cat":"","_seopress_titles_title":"","_seopress_titles_desc":"","_seopress_robots_index":"","footnotes":""},"class_list":["post-10769","page","type-page","status-publish","hentry"],"_links":{"self":[{"href":"https:\/\/vitapurastudio.ch\/fr\/wp-json\/wp\/v2\/pages\/10769","targetHints":{"allow":["GET"]}}],"collection":[{"href":"https:\/\/vitapurastudio.ch\/fr\/wp-json\/wp\/v2\/pages"}],"about":[{"href":"https:\/\/vitapurastudio.ch\/fr\/wp-json\/wp\/v2\/types\/page"}],"author":[{"embeddable":true,"href":"https:\/\/vitapurastudio.ch\/fr\/wp-json\/wp\/v2\/users\/2"}],"replies":[{"embeddable":true,"href":"https:\/\/vitapurastudio.ch\/fr\/wp-json\/wp\/v2\/comments?post=10769"}],"version-history":[{"count":0,"href":"https:\/\/vitapurastudio.ch\/fr\/wp-json\/wp\/v2\/pages\/10769\/revisions"}],"wp:attachment":[{"href":"https:\/\/vitapurastudio.ch\/fr\/wp-json\/wp\/v2\/media?parent=10769"}],"curies":[{"name":"wp","href":"https:\/\/api.w.org\/{rel}","templated":true}]}}