{"id":10767,"date":"2025-03-05T10:46:50","date_gmt":"2025-03-05T09:46:50","guid":{"rendered":"https:\/\/vitapurastudio.ch\/reservation-de-traitement\/"},"modified":"2025-03-07T12:59:03","modified_gmt":"2025-03-07T11:59:03","slug":"reservation-de-traitement","status":"publish","type":"page","link":"https:\/\/vitapurastudio.ch\/fr\/reservation-de-traitement\/","title":{"rendered":"R\u00e9servation de traitement"},"content":{"rendered":"\t\t<div data-elementor-type=\"wp-page\" data-elementor-id=\"10767\" class=\"elementor elementor-10767 elementor-263\" data-elementor-post-type=\"page\">\n\t\t\t\t\t\t<section class=\"elementor-section elementor-top-section elementor-element elementor-element-474c248 elementor-section-content-middle elementor-section-boxed elementor-section-height-default elementor-section-height-default\" data-id=\"474c248\" data-element_type=\"section\" data-e-type=\"section\">\n\t\t\t\t\t\t\t<div class=\"elementor-background-overlay\"><\/div>\n\t\t\t\t\t\t\t<div class=\"elementor-container elementor-column-gap-default\">\n\t\t\t\t\t<div class=\"elementor-column elementor-col-100 elementor-top-column elementor-element elementor-element-d804e84\" data-id=\"d804e84\" data-element_type=\"column\" data-e-type=\"column\">\n\t\t\t<div class=\"elementor-widget-wrap elementor-element-populated\">\n\t\t\t\t\t\t<div class=\"elementor-element elementor-element-205b057 elementor-widget elementor-widget-text-editor\" data-id=\"205b057\" data-element_type=\"widget\" data-e-type=\"widget\" data-widget_type=\"text-editor.default\">\n\t\t\t\t<div class=\"elementor-widget-container\">\n\t\t\t\t\t\t\t\t\t<div><pre><nav  aria-label=\"Fil d&#039;Ariane\"><ol class=\"breadcrumb\"><li class=\"breadcrumb-item active\" aria-current=\"page\"><span>Accueil<\/span><\/li><\/ol><\/nav><\/pre><\/div>\t\t\t\t\t\t\t\t<\/div>\n\t\t\t\t<\/div>\n\t\t\t\t\t<\/div>\n\t\t<\/div>\n\t\t\t\t\t<\/div>\n\t\t<\/section>\n\t\t\t\t<section class=\"elementor-section elementor-top-section elementor-element elementor-element-34f0336 elementor-section-full_width elementor-section-height-default elementor-section-height-default\" data-id=\"34f0336\" data-element_type=\"section\" data-e-type=\"section\" data-settings=\"{&quot;background_background&quot;:&quot;classic&quot;}\">\n\t\t\t\t\t\t<div class=\"elementor-container elementor-column-gap-default\">\n\t\t\t\t\t<div class=\"elementor-column elementor-col-100 elementor-top-column elementor-element elementor-element-bed4425\" data-id=\"bed4425\" data-element_type=\"column\" data-e-type=\"column\">\n\t\t\t<div class=\"elementor-widget-wrap elementor-element-populated\">\n\t\t\t\t\t\t<section class=\"elementor-section elementor-inner-section elementor-element elementor-element-1382713 elementor-section-boxed elementor-section-height-default elementor-section-height-default\" data-id=\"1382713\" data-element_type=\"section\" data-e-type=\"section\">\n\t\t\t\t\t\t<div class=\"elementor-container elementor-column-gap-default\">\n\t\t\t\t\t<div class=\"elementor-column elementor-col-100 elementor-inner-column elementor-element elementor-element-b879f62\" data-id=\"b879f62\" data-element_type=\"column\" data-e-type=\"column\">\n\t\t\t<div class=\"elementor-widget-wrap elementor-element-populated\">\n\t\t\t\t\t\t<div class=\"elementor-element elementor-element-9dabc86 elementor-widget elementor-widget-heading\" data-id=\"9dabc86\" data-element_type=\"widget\" data-e-type=\"widget\" data-widget_type=\"heading.default\">\n\t\t\t\t<div class=\"elementor-widget-container\">\n\t\t\t\t\t<h2 class=\"elementor-heading-title elementor-size-default\">R\u00e9servez votre traitement et retrouvez votre bien-\u00eatre<\/h2>\t\t\t\t<\/div>\n\t\t\t\t<\/div>\n\t\t\t\t<div class=\"elementor-element elementor-element-50e0bee elementor-widget elementor-widget-text-editor\" data-id=\"50e0bee\" data-element_type=\"widget\" data-e-type=\"widget\" data-widget_type=\"text-editor.default\">\n\t\t\t\t<div class=\"elementor-widget-container\">\n\t\t\t\t\t\t\t\t\t<p data-start=\"61\" data-end=\"299\">Prenez soin de vous avec les traitements holistiques de <strong data-start=\"111\" data-end=\"131\">Vita Pura Studio<\/strong>. Que vous ayez besoin de <strong data-start=\"157\" data-end=\"260\" data-is-only-node=\"\">vous d\u00e9tendre, de rel\u00e2cher les tensions musculaires, de r\u00e9\u00e9quilibrer votre \u00e9nergie ou de trouver l&rsquo;harmonie int\u00e9rieure<\/strong>, vous trouverez la voie qui vous convient. <\/p><p data-start=\"301\" data-end=\"525\">Remplissez le formulaire ci-dessous et r\u00e9servez votre s\u00e9ance personnalis\u00e9e de <strong data-start=\"373\" data-end=\"458\">massage th\u00e9rapeutique, r\u00e9flexologie, Reiki, craniosacral et autres.<\/strong> Nous vous guiderons vers le traitement le mieux adapt\u00e9 \u00e0 votre bien-\u00eatre. <\/p>\t\t\t\t\t\t\t\t<\/div>\n\t\t\t\t<\/div>\n\t\t\t\t<div class=\"elementor-element elementor-element-40f6c39 elementor-button-align-stretch elementor-widget elementor-widget-form\" data-id=\"40f6c39\" data-element_type=\"widget\" data-e-type=\"widget\" data-settings=\"{&quot;step_next_label&quot;:&quot;Suivant&quot;,&quot;step_previous_label&quot;:&quot;Pr\\u00e9c\\u00e9dent&quot;,&quot;button_width&quot;:&quot;100&quot;,&quot;step_type&quot;:&quot;number_text&quot;,&quot;step_icon_shape&quot;:&quot;circle&quot;}\" data-widget_type=\"form.default\">\n\t\t\t\t<div class=\"elementor-widget-container\">\n\t\t\t\t\t\t\t<form class=\"elementor-form\" method=\"post\" name=\"R\u00e9servation\" aria-label=\"R\u00e9servation\">\n\t\t\t<input type=\"hidden\" name=\"post_id\" value=\"10767\"\/>\n\t\t\t<input type=\"hidden\" name=\"form_id\" value=\"40f6c39\"\/>\n\t\t\t<input type=\"hidden\" name=\"referer_title\" value=\"R\u00e9servation de traitement\" \/>\n\n\t\t\t\t\t\t\t<input type=\"hidden\" name=\"queried_id\" value=\"10767\"\/>\n\t\t\t\n\t\t\t<div class=\"elementor-form-fields-wrapper elementor-labels-above\">\n\t\t\t\t\t\t\t\t<div class=\"elementor-field-type-text elementor-field-group elementor-column elementor-field-group-name elementor-col-100\">\n\t\t\t\t\t\t\t\t\t\t\t\t<label for=\"form-field-name\" class=\"elementor-field-label\">\n\t\t\t\t\t\t\t\tNom\t\t\t\t\t\t\t<\/label>\n\t\t\t\t\t\t\t\t\t\t\t\t\t\t<input size=\"1\" type=\"text\" name=\"form_fields[name]\" id=\"form-field-name\" class=\"elementor-field elementor-size-sm  elementor-field-textual\" placeholder=\"Nom\">\n\t\t\t\t\t\t\t\t\t\t\t<\/div>\n\t\t\t\t\t\t\t\t<div class=\"elementor-field-type-text elementor-field-group elementor-column elementor-field-group-field_d158348 elementor-col-100 elementor-field-required\">\n\t\t\t\t\t\t\t\t\t\t\t\t<label for=\"form-field-field_d158348\" class=\"elementor-field-label\">\n\t\t\t\t\t\t\t\tT\u00e9l\u00e9phone\t\t\t\t\t\t\t<\/label>\n\t\t\t\t\t\t\t\t\t\t\t\t\t\t<input size=\"1\" type=\"text\" name=\"form_fields[field_d158348]\" id=\"form-field-field_d158348\" class=\"elementor-field elementor-size-sm  elementor-field-textual\" placeholder=\"T\u00e9l\u00e9phone\" required=\"required\">\n\t\t\t\t\t\t\t\t\t\t\t<\/div>\n\t\t\t\t\t\t\t\t<div class=\"elementor-field-type-email elementor-field-group elementor-column elementor-field-group-email elementor-col-100 elementor-field-required\">\n\t\t\t\t\t\t\t\t\t\t\t\t<label for=\"form-field-email\" class=\"elementor-field-label\">\n\t\t\t\t\t\t\t\tCourriel\t\t\t\t\t\t\t<\/label>\n\t\t\t\t\t\t\t\t\t\t\t\t\t\t<input size=\"1\" type=\"email\" name=\"form_fields[email]\" id=\"form-field-email\" class=\"elementor-field elementor-size-sm  elementor-field-textual\" placeholder=\"Courriel\" required=\"required\">\n\t\t\t\t\t\t\t\t\t\t\t<\/div>\n\t\t\t\t\t\t\t\t<div class=\"elementor-field-type-select elementor-field-group elementor-column elementor-field-group-field_93dbd20 elementor-col-100\">\n\t\t\t\t\t\t\t\t\t\t\t\t<label for=\"form-field-field_93dbd20\" class=\"elementor-field-label\">\n\t\t\t\t\t\t\t\tChoisir le traitement\t\t\t\t\t\t\t<\/label>\n\t\t\t\t\t\t\t\t<div class=\"elementor-field elementor-select-wrapper remove-before \">\n\t\t\t<div class=\"select-caret-down-wrapper\">\n\t\t\t\t<svg aria-hidden=\"true\" class=\"e-font-icon-svg e-eicon-caret-down\" viewBox=\"0 0 571.4 571.4\" xmlns=\"http:\/\/www.w3.org\/2000\/svg\"><path d=\"M571 393Q571 407 561 418L311 668Q300 679 286 679T261 668L11 418Q0 407 0 393T11 368 36 357H536Q550 357 561 368T571 393Z\"><\/path><\/svg>\t\t\t<\/div>\n\t\t\t<select name=\"form_fields[field_93dbd20]\" id=\"form-field-field_93dbd20\" class=\"elementor-field-textual elementor-size-sm\">\n\t\t\t\t\t\t\t\t\t<option value=\"Massage\">Massage<\/option>\n\t\t\t\t\t\t\t\t\t<option value=\"R\u00e9flexologie plantaire\">R\u00e9flexologie plantaire<\/option>\n\t\t\t\t\t\t\t\t\t<option value=\"Craniosacral\">Craniosacral<\/option>\n\t\t\t\t\t\t\t\t\t<option value=\"Reiki\">Reiki<\/option>\n\t\t\t\t\t\t\t\t\t<option value=\"Th\u00e9rapie de r\u00e9g\u00e9n\u00e9ration osseuse\">Th\u00e9rapie de r\u00e9g\u00e9n\u00e9ration osseuse<\/option>\n\t\t\t\t\t\t\t\t\t<option value=\"Th\u00e9rapie des m\u00e9ridiens\">Th\u00e9rapie des m\u00e9ridiens<\/option>\n\t\t\t\t\t\t\t\t\t<option value=\"Th\u00e9rapie des diapasons\">Th\u00e9rapie des diapasons<\/option>\n\t\t\t\t\t\t\t\t\t<option value=\"Accompagnateur spirituel et mental\">Accompagnateur spirituel et mental<\/option>\n\t\t\t\t\t\t\t<\/select>\n\t\t<\/div>\n\t\t\t\t\t\t<\/div>\n\t\t\t\t\t\t\t\t<div class=\"elementor-field-type-textarea elementor-field-group elementor-column elementor-field-group-message elementor-col-100\">\n\t\t\t\t\t\t\t\t\t\t\t\t<label for=\"form-field-message\" class=\"elementor-field-label\">\n\t\t\t\t\t\t\t\tMessage\t\t\t\t\t\t\t<\/label>\n\t\t\t\t\t\t<textarea class=\"elementor-field-textual elementor-field  elementor-size-sm\" name=\"form_fields[message]\" id=\"form-field-message\" rows=\"4\" placeholder=\"D\u00e9crivez bri\u00e8vement\"><\/textarea>\t\t\t\t<\/div>\n\t\t\t\t\t\t\t\t<div class=\"elementor-field-type-recaptcha_v3 elementor-field-group elementor-column elementor-field-group-field_b59fd1e elementor-col-100 recaptcha_v3-bottomright\">\n\t\t\t\t\t<div class=\"elementor-field\" id=\"form-field-field_b59fd1e\"><div class=\"elementor-g-recaptcha\" data-sitekey=\"6LeubesqAAAAAMwnCUuREwUlXr1n5kd6S3YcD5P4\" data-type=\"v3\" data-action=\"Form\" data-badge=\"bottomright\" data-size=\"invisible\"><\/div><\/div>\t\t\t\t<\/div>\n\t\t\t\t\t\t\t\t<div class=\"elementor-field-group elementor-column elementor-field-type-submit elementor-col-100 e-form__buttons\">\n\t\t\t\t\t<button class=\"elementor-button elementor-size-sm\" type=\"submit\">\n\t\t\t\t\t\t<span class=\"elementor-button-content-wrapper\">\n\t\t\t\t\t\t\t\t\t\t\t\t\t\t\t\t\t\t\t\t\t\t<span class=\"elementor-button-text\">Envoyer<\/span>\n\t\t\t\t\t\t\t\t\t\t\t\t\t<\/span>\n\t\t\t\t\t<\/button>\n\t\t\t\t<\/div>\n\t\t\t<\/div>\n\t\t<\/form>\n\t\t\t\t\t\t<\/div>\n\t\t\t\t<\/div>\n\t\t\t\t\t<\/div>\n\t\t<\/div>\n\t\t\t\t\t<\/div>\n\t\t<\/section>\n\t\t\t\t\t<\/div>\n\t\t<\/div>\n\t\t\t\t\t<\/div>\n\t\t<\/section>\n\t\t\t\t<\/div>\n\t\t","protected":false},"excerpt":{"rendered":"<p>R\u00e9servez votre traitement et retrouvez votre bien-\u00eatre Prenez soin de vous avec les traitements holistiques de Vita Pura Studio. Que vous ayez besoin de vous d\u00e9tendre, de rel\u00e2cher les tensions musculaires, de r\u00e9\u00e9quilibrer votre \u00e9nergie ou de trouver l&rsquo;harmonie int\u00e9rieure, vous trouverez la voie qui vous convient. Remplissez le formulaire ci-dessous et r\u00e9servez votre s\u00e9ance [&hellip;]<\/p>\n","protected":false},"author":2,"featured_media":0,"parent":0,"menu_order":0,"comment_status":"closed","ping_status":"closed","template":"","meta":{"_seopress_robots_primary_cat":"","_seopress_titles_title":"R\u00e9servez votre traitement sur Vita Pura Studio - Holistic Wellness in Solduno","_seopress_titles_desc":"R\u00e9servez votre traitement holistique sur Vita Pura Studio. Massage, Reiki, craniosacral et th\u00e9rapies \u00e9nerg\u00e9tiques certifi\u00e9s par RME.ch. Remplissez le formulaire maintenant !  ","_seopress_robots_index":"","footnotes":""},"class_list":["post-10767","page","type-page","status-publish","hentry"],"_links":{"self":[{"href":"https:\/\/vitapurastudio.ch\/fr\/wp-json\/wp\/v2\/pages\/10767","targetHints":{"allow":["GET"]}}],"collection":[{"href":"https:\/\/vitapurastudio.ch\/fr\/wp-json\/wp\/v2\/pages"}],"about":[{"href":"https:\/\/vitapurastudio.ch\/fr\/wp-json\/wp\/v2\/types\/page"}],"author":[{"embeddable":true,"href":"https:\/\/vitapurastudio.ch\/fr\/wp-json\/wp\/v2\/users\/2"}],"replies":[{"embeddable":true,"href":"https:\/\/vitapurastudio.ch\/fr\/wp-json\/wp\/v2\/comments?post=10767"}],"version-history":[{"count":0,"href":"https:\/\/vitapurastudio.ch\/fr\/wp-json\/wp\/v2\/pages\/10767\/revisions"}],"wp:attachment":[{"href":"https:\/\/vitapurastudio.ch\/fr\/wp-json\/wp\/v2\/media?parent=10767"}],"curies":[{"name":"wp","href":"https:\/\/api.w.org\/{rel}","templated":true}]}}