{"id":10717,"date":"2025-03-05T10:38:14","date_gmt":"2025-03-05T09:38:14","guid":{"rendered":"https:\/\/vitapurastudio.ch\/massages\/"},"modified":"2025-03-11T19:33:50","modified_gmt":"2025-03-11T18:33:50","slug":"massages","status":"publish","type":"page","link":"https:\/\/vitapurastudio.ch\/fr\/traitements\/massages\/","title":{"rendered":"Massages"},"content":{"rendered":"\t\t<div data-elementor-type=\"wp-page\" data-elementor-id=\"10717\" class=\"elementor elementor-10717 elementor-237\" data-elementor-post-type=\"page\">\n\t\t\t\t\t\t<section class=\"elementor-section elementor-top-section elementor-element elementor-element-7a00dd89 elementor-section-content-middle elementor-section-boxed elementor-section-height-default elementor-section-height-default\" data-id=\"7a00dd89\" data-element_type=\"section\" data-e-type=\"section\">\n\t\t\t\t\t\t\t<div class=\"elementor-background-overlay\"><\/div>\n\t\t\t\t\t\t\t<div class=\"elementor-container elementor-column-gap-default\">\n\t\t\t\t\t<div class=\"elementor-column elementor-col-100 elementor-top-column elementor-element elementor-element-1d0c85ef\" data-id=\"1d0c85ef\" data-element_type=\"column\" data-e-type=\"column\">\n\t\t\t<div class=\"elementor-widget-wrap elementor-element-populated\">\n\t\t\t\t\t\t<div class=\"elementor-element elementor-element-793ba83b elementor-widget elementor-widget-text-editor\" data-id=\"793ba83b\" data-element_type=\"widget\" data-e-type=\"widget\" data-widget_type=\"text-editor.default\">\n\t\t\t\t<div class=\"elementor-widget-container\">\n\t\t\t\t\t\t\t\t\t<div><pre><nav  aria-label=\"Fil d&#039;Ariane\"><ol class=\"breadcrumb\"><li class=\"breadcrumb-item active\" aria-current=\"page\"><span>Accueil<\/span><\/li><\/ol><\/nav><\/pre><\/div>\t\t\t\t\t\t\t\t<\/div>\n\t\t\t\t<\/div>\n\t\t\t\t\t<\/div>\n\t\t<\/div>\n\t\t\t\t\t<\/div>\n\t\t<\/section>\n\t\t\t\t<section class=\"elementor-section elementor-top-section elementor-element elementor-element-ee0a169 elementor-reverse-mobile elementor-section-boxed elementor-section-height-default elementor-section-height-default\" data-id=\"ee0a169\" data-element_type=\"section\" data-e-type=\"section\">\n\t\t\t\t\t\t<div class=\"elementor-container elementor-column-gap-default\">\n\t\t\t\t\t<div class=\"elementor-column elementor-col-33 elementor-top-column elementor-element elementor-element-93a4deb\" data-id=\"93a4deb\" data-element_type=\"column\" data-e-type=\"column\">\n\t\t\t<div class=\"elementor-widget-wrap elementor-element-populated\">\n\t\t\t\t\t\t<section class=\"elementor-section elementor-inner-section elementor-element elementor-element-c4a74cc elementor-section-boxed elementor-section-height-default elementor-section-height-default\" data-id=\"c4a74cc\" data-element_type=\"section\" data-e-type=\"section\" data-settings=\"{&quot;background_background&quot;:&quot;classic&quot;,&quot;sticky&quot;:&quot;top&quot;,&quot;sticky_on&quot;:[&quot;desktop&quot;],&quot;sticky_offset&quot;:&quot;50&quot;,&quot;sticky_effects_offset&quot;:0,&quot;sticky_anchor_link_offset&quot;:0}\">\n\t\t\t\t\t\t<div class=\"elementor-container elementor-column-gap-default\">\n\t\t\t\t\t<div class=\"elementor-column elementor-col-100 elementor-inner-column elementor-element elementor-element-bd6130b\" data-id=\"bd6130b\" data-element_type=\"column\" data-e-type=\"column\">\n\t\t\t<div class=\"elementor-widget-wrap elementor-element-populated\">\n\t\t\t\t\t\t<div class=\"elementor-element elementor-element-0259ecf elementor-widget elementor-widget-heading\" data-id=\"0259ecf\" data-element_type=\"widget\" data-e-type=\"widget\" data-widget_type=\"heading.default\">\n\t\t\t\t<div class=\"elementor-widget-container\">\n\t\t\t\t\t<h3 class=\"elementor-heading-title elementor-size-default\">Comment puis-je vous aider ?<\/h3>\t\t\t\t<\/div>\n\t\t\t\t<\/div>\n\t\t\t\t<div class=\"elementor-element elementor-element-d35dd4d elementor-widget elementor-widget-text-editor\" data-id=\"d35dd4d\" data-element_type=\"widget\" data-e-type=\"widget\" data-widget_type=\"text-editor.default\">\n\t\t\t\t<div class=\"elementor-widget-container\">\n\t\t\t\t\t\t\t\t\t<p data-start=\"61\" data-end=\"311\">D\u00e9couvrez un parcours de bien-\u00eatre sur mesure avec des traitements holistiques, des massages th\u00e9rapeutiques et des techniques \u00e9nerg\u00e9tiques avanc\u00e9es. D\u00e9barrassez-vous du stress, rel\u00e2chez les tensions et red\u00e9couvrez votre harmonie int\u00e9rieure avec le soutien d&rsquo;un th\u00e9rapeute exp\u00e9riment\u00e9. <\/p>\t\t\t\t\t\t\t\t<\/div>\n\t\t\t\t<\/div>\n\t\t\t\t<div class=\"elementor-element elementor-element-bcc652b elementor-align-justify elementor-widget elementor-widget-button\" data-id=\"bcc652b\" data-element_type=\"widget\" data-e-type=\"widget\" data-widget_type=\"button.default\">\n\t\t\t\t<div class=\"elementor-widget-container\">\n\t\t\t\t\t\t\t\t\t<div class=\"elementor-button-wrapper\">\n\t\t\t\t\t<a class=\"elementor-button elementor-button-link elementor-size-sm\" href=\"https:\/\/vitapurastudio.ch\/fr\/reservation-de-traitement\/\">\n\t\t\t\t\t\t<span class=\"elementor-button-content-wrapper\">\n\t\t\t\t\t\t\t\t\t<span class=\"elementor-button-text\">R\u00c9SERVEZ VOTRE TRAITEMENT<\/span>\n\t\t\t\t\t<\/span>\n\t\t\t\t\t<\/a>\n\t\t\t\t<\/div>\n\t\t\t\t\t\t\t\t<\/div>\n\t\t\t\t<\/div>\n\t\t\t\t\t<\/div>\n\t\t<\/div>\n\t\t\t\t\t<\/div>\n\t\t<\/section>\n\t\t\t\t<section class=\"elementor-section elementor-inner-section elementor-element elementor-element-fa5bb14 elementor-section-boxed elementor-section-height-default elementor-section-height-default\" data-id=\"fa5bb14\" data-element_type=\"section\" data-e-type=\"section\" data-settings=\"{&quot;background_background&quot;:&quot;classic&quot;}\">\n\t\t\t\t\t\t<div class=\"elementor-container elementor-column-gap-default\">\n\t\t\t\t\t<div class=\"elementor-column elementor-col-100 elementor-inner-column elementor-element elementor-element-3bde76a\" data-id=\"3bde76a\" data-element_type=\"column\" data-e-type=\"column\">\n\t\t\t<div class=\"elementor-widget-wrap elementor-element-populated\">\n\t\t\t\t\t\t<div class=\"elementor-element elementor-element-6b84e95 elementor-widget elementor-widget-heading\" data-id=\"6b84e95\" data-element_type=\"widget\" data-e-type=\"widget\" data-widget_type=\"heading.default\">\n\t\t\t\t<div class=\"elementor-widget-container\">\n\t\t\t\t\t<h3 class=\"elementor-heading-title elementor-size-default\">Tous les traitements<\/h3>\t\t\t\t<\/div>\n\t\t\t\t<\/div>\n\t\t\t\t<div class=\"elementor-element elementor-element-6713a04 elementor-tablet-align-center elementor-mobile-align-start elementor-icon-list--layout-traditional elementor-list-item-link-full_width elementor-widget elementor-widget-global elementor-global-15713 elementor-global-243 elementor-widget-icon-list\" data-id=\"6713a04\" data-element_type=\"widget\" data-e-type=\"widget\" data-widget_type=\"icon-list.default\">\n\t\t\t\t<div class=\"elementor-widget-container\">\n\t\t\t\t\t\t\t<ul class=\"elementor-icon-list-items\">\n\t\t\t\t\t\t\t<li class=\"elementor-icon-list-item\">\n\t\t\t\t\t\t\t\t\t\t\t<a href=\"https:\/\/vitapurastudio.ch\/fr\/traitements\/massages\/\">\n\n\t\t\t\t\t\t\t\t\t\t\t\t<span class=\"elementor-icon-list-icon\">\n\t\t\t\t\t\t\t<svg aria-hidden=\"true\" class=\"e-font-icon-svg e-fas-check\" viewBox=\"0 0 512 512\" xmlns=\"http:\/\/www.w3.org\/2000\/svg\"><path d=\"M173.898 439.404l-166.4-166.4c-9.997-9.997-9.997-26.206 0-36.204l36.203-36.204c9.997-9.998 26.207-9.998 36.204 0L192 312.69 432.095 72.596c9.997-9.997 26.207-9.997 36.204 0l36.203 36.204c9.997 9.997 9.997 26.206 0 36.204l-294.4 294.401c-9.998 9.997-26.207 9.997-36.204-.001z\"><\/path><\/svg>\t\t\t\t\t\t<\/span>\n\t\t\t\t\t\t\t\t\t\t<span class=\"elementor-icon-list-text\">Massages<\/span>\n\t\t\t\t\t\t\t\t\t\t\t<\/a>\n\t\t\t\t\t\t\t\t\t<\/li>\n\t\t\t\t\t\t\t\t<li class=\"elementor-icon-list-item\">\n\t\t\t\t\t\t\t\t\t\t\t<a href=\"https:\/\/vitapurastudio.ch\/fr\/traitements\/reflexologie\/\">\n\n\t\t\t\t\t\t\t\t\t\t\t\t<span class=\"elementor-icon-list-icon\">\n\t\t\t\t\t\t\t<svg aria-hidden=\"true\" class=\"e-font-icon-svg e-fas-check\" viewBox=\"0 0 512 512\" xmlns=\"http:\/\/www.w3.org\/2000\/svg\"><path d=\"M173.898 439.404l-166.4-166.4c-9.997-9.997-9.997-26.206 0-36.204l36.203-36.204c9.997-9.998 26.207-9.998 36.204 0L192 312.69 432.095 72.596c9.997-9.997 26.207-9.997 36.204 0l36.203 36.204c9.997 9.997 9.997 26.206 0 36.204l-294.4 294.401c-9.998 9.997-26.207 9.997-36.204-.001z\"><\/path><\/svg>\t\t\t\t\t\t<\/span>\n\t\t\t\t\t\t\t\t\t\t<span class=\"elementor-icon-list-text\">R\u00e9flexologie<\/span>\n\t\t\t\t\t\t\t\t\t\t\t<\/a>\n\t\t\t\t\t\t\t\t\t<\/li>\n\t\t\t\t\t\t\t\t<li class=\"elementor-icon-list-item\">\n\t\t\t\t\t\t\t\t\t\t\t<span class=\"elementor-icon-list-icon\">\n\t\t\t\t\t\t\t<svg aria-hidden=\"true\" class=\"e-font-icon-svg e-fas-check\" viewBox=\"0 0 512 512\" xmlns=\"http:\/\/www.w3.org\/2000\/svg\"><path d=\"M173.898 439.404l-166.4-166.4c-9.997-9.997-9.997-26.206 0-36.204l36.203-36.204c9.997-9.998 26.207-9.998 36.204 0L192 312.69 432.095 72.596c9.997-9.997 26.207-9.997 36.204 0l36.203 36.204c9.997 9.997 9.997 26.206 0 36.204l-294.4 294.401c-9.998 9.997-26.207 9.997-36.204-.001z\"><\/path><\/svg>\t\t\t\t\t\t<\/span>\n\t\t\t\t\t\t\t\t\t\t<span class=\"elementor-icon-list-text\">Cr\u00e2nio-sacr\u00e9<\/span>\n\t\t\t\t\t\t\t\t\t<\/li>\n\t\t\t\t\t\t\t\t<li class=\"elementor-icon-list-item\">\n\t\t\t\t\t\t\t\t\t\t\t<span class=\"elementor-icon-list-icon\">\n\t\t\t\t\t\t\t<svg aria-hidden=\"true\" class=\"e-font-icon-svg e-fas-check\" viewBox=\"0 0 512 512\" xmlns=\"http:\/\/www.w3.org\/2000\/svg\"><path d=\"M173.898 439.404l-166.4-166.4c-9.997-9.997-9.997-26.206 0-36.204l36.203-36.204c9.997-9.998 26.207-9.998 36.204 0L192 312.69 432.095 72.596c9.997-9.997 26.207-9.997 36.204 0l36.203 36.204c9.997 9.997 9.997 26.206 0 36.204l-294.4 294.401c-9.998 9.997-26.207 9.997-36.204-.001z\"><\/path><\/svg>\t\t\t\t\t\t<\/span>\n\t\t\t\t\t\t\t\t\t\t<span class=\"elementor-icon-list-text\">Reiki<\/span>\n\t\t\t\t\t\t\t\t\t<\/li>\n\t\t\t\t\t\t\t\t<li class=\"elementor-icon-list-item\">\n\t\t\t\t\t\t\t\t\t\t\t<span class=\"elementor-icon-list-icon\">\n\t\t\t\t\t\t\t<svg aria-hidden=\"true\" class=\"e-font-icon-svg e-fas-check\" viewBox=\"0 0 512 512\" xmlns=\"http:\/\/www.w3.org\/2000\/svg\"><path d=\"M173.898 439.404l-166.4-166.4c-9.997-9.997-9.997-26.206 0-36.204l36.203-36.204c9.997-9.998 26.207-9.998 36.204 0L192 312.69 432.095 72.596c9.997-9.997 26.207-9.997 36.204 0l36.203 36.204c9.997 9.997 9.997 26.206 0 36.204l-294.4 294.401c-9.998 9.997-26.207 9.997-36.204-.001z\"><\/path><\/svg>\t\t\t\t\t\t<\/span>\n\t\t\t\t\t\t\t\t\t\t<span class=\"elementor-icon-list-text\">Th\u00e9rapie de r\u00e9g\u00e9n\u00e9ration osseuse<\/span>\n\t\t\t\t\t\t\t\t\t<\/li>\n\t\t\t\t\t\t\t\t<li class=\"elementor-icon-list-item\">\n\t\t\t\t\t\t\t\t\t\t\t<span class=\"elementor-icon-list-icon\">\n\t\t\t\t\t\t\t<svg aria-hidden=\"true\" class=\"e-font-icon-svg e-fas-check\" viewBox=\"0 0 512 512\" xmlns=\"http:\/\/www.w3.org\/2000\/svg\"><path d=\"M173.898 439.404l-166.4-166.4c-9.997-9.997-9.997-26.206 0-36.204l36.203-36.204c9.997-9.998 26.207-9.998 36.204 0L192 312.69 432.095 72.596c9.997-9.997 26.207-9.997 36.204 0l36.203 36.204c9.997 9.997 9.997 26.206 0 36.204l-294.4 294.401c-9.998 9.997-26.207 9.997-36.204-.001z\"><\/path><\/svg>\t\t\t\t\t\t<\/span>\n\t\t\t\t\t\t\t\t\t\t<span class=\"elementor-icon-list-text\">Th\u00e9rapie Meridiana  <\/span>\n\t\t\t\t\t\t\t\t\t<\/li>\n\t\t\t\t\t\t\t\t<li class=\"elementor-icon-list-item\">\n\t\t\t\t\t\t\t\t\t\t\t<span class=\"elementor-icon-list-icon\">\n\t\t\t\t\t\t\t<svg aria-hidden=\"true\" class=\"e-font-icon-svg e-fas-check\" viewBox=\"0 0 512 512\" xmlns=\"http:\/\/www.w3.org\/2000\/svg\"><path d=\"M173.898 439.404l-166.4-166.4c-9.997-9.997-9.997-26.206 0-36.204l36.203-36.204c9.997-9.998 26.207-9.998 36.204 0L192 312.69 432.095 72.596c9.997-9.997 26.207-9.997 36.204 0l36.203 36.204c9.997 9.997 9.997 26.206 0 36.204l-294.4 294.401c-9.998 9.997-26.207 9.997-36.204-.001z\"><\/path><\/svg>\t\t\t\t\t\t<\/span>\n\t\t\t\t\t\t\t\t\t\t<span class=\"elementor-icon-list-text\">Th\u00e9rapie par le diapason<\/span>\n\t\t\t\t\t\t\t\t\t<\/li>\n\t\t\t\t\t\t\t\t<li class=\"elementor-icon-list-item\">\n\t\t\t\t\t\t\t\t\t\t\t<a href=\"https:\/\/vitapurastudio.ch\/fr\/traitements\/coach-spirituel-et-mental\/\">\n\n\t\t\t\t\t\t\t\t\t\t\t\t<span class=\"elementor-icon-list-icon\">\n\t\t\t\t\t\t\t<svg aria-hidden=\"true\" class=\"e-font-icon-svg e-fas-check\" viewBox=\"0 0 512 512\" xmlns=\"http:\/\/www.w3.org\/2000\/svg\"><path d=\"M173.898 439.404l-166.4-166.4c-9.997-9.997-9.997-26.206 0-36.204l36.203-36.204c9.997-9.998 26.207-9.998 36.204 0L192 312.69 432.095 72.596c9.997-9.997 26.207-9.997 36.204 0l36.203 36.204c9.997 9.997 9.997 26.206 0 36.204l-294.4 294.401c-9.998 9.997-26.207 9.997-36.204-.001z\"><\/path><\/svg>\t\t\t\t\t\t<\/span>\n\t\t\t\t\t\t\t\t\t\t<span class=\"elementor-icon-list-text\">Coach spirituel et mental<\/span>\n\t\t\t\t\t\t\t\t\t\t\t<\/a>\n\t\t\t\t\t\t\t\t\t<\/li>\n\t\t\t\t\t\t<\/ul>\n\t\t\t\t\t\t<\/div>\n\t\t\t\t<\/div>\n\t\t\t\t\t<\/div>\n\t\t<\/div>\n\t\t\t\t\t<\/div>\n\t\t<\/section>\n\t\t\t\t\t<\/div>\n\t\t<\/div>\n\t\t\t\t<div class=\"elementor-column elementor-col-66 elementor-top-column elementor-element elementor-element-521ee76\" data-id=\"521ee76\" data-element_type=\"column\" data-e-type=\"column\">\n\t\t\t<div class=\"elementor-widget-wrap elementor-element-populated\">\n\t\t\t\t\t\t<div class=\"elementor-element elementor-element-7f5813d elementor-widget elementor-widget-image\" data-id=\"7f5813d\" data-element_type=\"widget\" data-e-type=\"widget\" data-widget_type=\"image.default\">\n\t\t\t\t<div class=\"elementor-widget-container\">\n\t\t\t\t\t\t\t\t\t\t\t\t\t\t\t<img fetchpriority=\"high\" decoding=\"async\" width=\"800\" height=\"842\" src=\"https:\/\/vitapurastudio.ch\/wp-content\/uploads\/sites\/82\/2025\/03\/IMG_3543-973x1024.jpg\" class=\"attachment-large size-large wp-image-15825\" alt=\"\" srcset=\"https:\/\/vitapurastudio.ch\/wp-content\/uploads\/sites\/82\/2025\/03\/IMG_3543-973x1024.jpg 973w, https:\/\/vitapurastudio.ch\/wp-content\/uploads\/sites\/82\/2025\/03\/IMG_3543-285x300.jpg 285w, https:\/\/vitapurastudio.ch\/wp-content\/uploads\/sites\/82\/2025\/03\/IMG_3543-768x808.jpg 768w, https:\/\/vitapurastudio.ch\/wp-content\/uploads\/sites\/82\/2025\/03\/IMG_3543.jpg 1242w\" sizes=\"(max-width: 800px) 100vw, 800px\" \/>\t\t\t\t\t\t\t\t\t\t\t\t\t\t\t<\/div>\n\t\t\t\t<\/div>\n\t\t\t\t<div class=\"elementor-element elementor-element-c2c296f elementor-widget elementor-widget-heading\" data-id=\"c2c296f\" data-element_type=\"widget\" data-e-type=\"widget\" data-widget_type=\"heading.default\">\n\t\t\t\t<div class=\"elementor-widget-container\">\n\t\t\t\t\t<h2 class=\"elementor-heading-title elementor-size-default\">Massages holistiques et th\u00e9rapeutiques<\/h2>\t\t\t\t<\/div>\n\t\t\t\t<\/div>\n\t\t\t\t<div class=\"elementor-element elementor-element-a86c574 elementor-widget elementor-widget-heading\" data-id=\"a86c574\" data-element_type=\"widget\" data-e-type=\"widget\" data-widget_type=\"heading.default\">\n\t\t\t\t<div class=\"elementor-widget-container\">\n\t\t\t\t\t<h3 class=\"elementor-heading-title elementor-size-default\">Retrouvez votre bien-\u00eatre avec Vita Pura Studio<\/h3>\t\t\t\t<\/div>\n\t\t\t\t<\/div>\n\t\t\t\t<div class=\"elementor-element elementor-element-1ea46b1 elementor-widget elementor-widget-text-editor\" data-id=\"1ea46b1\" data-element_type=\"widget\" data-e-type=\"widget\" data-widget_type=\"text-editor.default\">\n\t\t\t\t<div class=\"elementor-widget-container\">\n\t\t\t\t\t\t\t\t\t<p data-start=\"87\" data-end=\"439\">Le massage est l&rsquo;une des techniques les plus efficaces pour rel\u00e2cher les tensions, am\u00e9liorer la circulation et r\u00e9tablir l&rsquo;\u00e9quilibre entre le corps et l&rsquo;esprit. A <strong data-start=\"237\" data-end=\"257\">Vita Pura Studio<\/strong>Nous proposons une gamme de <strong data-start=\"281\" data-end=\"316\">massages th\u00e9rapeutiques et holistiques<\/strong> con\u00e7us pour r\u00e9pondre aux besoins de chacun, afin de vous aider \u00e0 retrouver \u00e9nergie, d\u00e9tente et harmonie int\u00e9rieure. <\/p><hr data-start=\"441\" data-end=\"444\"><h3 data-start=\"446\" data-end=\"507\"><strong data-start=\"450\" data-end=\"505\">\ud83c\udf3f Massage th\u00e9rapeutique : soulagement du corps et de l&rsquo;esprit<\/strong><\/h3><p data-start=\"509\" data-end=\"914\">\u2714 Massage <strong data-start=\"511\" data-end=\"573\">classique, sportif, d\u00e9contracturant et lymphatique<\/strong><br data-start=\"573\" data-end=\"576\">Le massage classique et sportif est id\u00e9al pour d\u00e9tendre les muscles, am\u00e9liorer la circulation et r\u00e9duire les tensions physiques. Le <strong data-start=\"703\" data-end=\"733\">massage d\u00e9contractant<\/strong> est parfait pour ceux qui souffrent de raideurs musculaires et de douleurs localis\u00e9es, tandis que le <strong data-start=\"814\" data-end=\"837\">massage lymphatique<\/strong> aide \u00e0 drainer les liquides en exc\u00e8s et favorise la purification de l&rsquo;organisme. <\/p><p data-start=\"916\" data-end=\"1145\">Ces traitements sont particuli\u00e8rement recommand\u00e9s pour<br data-start=\"969\" data-end=\"972\">\u2705 Lib\u00e9rer les contractures et les tensions musculaires accumul\u00e9es<br data-start=\"1028\" data-end=\"1031\">\u2705 Am\u00e9liorer la circulation sanguine et lymphatique<br data-start=\"1081\" data-end=\"1084\">\u2705 Favoriser la r\u00e9cup\u00e9ration musculaire et l&rsquo;\u00e9lasticit\u00e9 des tissus<\/p><hr data-start=\"1147\" data-end=\"1150\"><h3 data-start=\"1152\" data-end=\"1209\"><strong data-start=\"1156\" data-end=\"1207\">\ud83d\udd2e Massage bio\u00e9nerg\u00e9tique \u00e0 deux ou quatre mains<\/strong><\/h3><p data-start=\"1211\" data-end=\"1590\">Un traitement en profondeur qui combine le toucher th\u00e9rapeutique et l&rsquo;\u00e9quilibrage \u00e9nerg\u00e9tique. Ce massage agit sur les tensions physiques et \u00e9motionnelles, en dissolvant les blocages et en r\u00e9activant le flux d&rsquo;\u00e9nergie vitale. Avec l&rsquo;option <strong data-start=\"1440\" data-end=\"1456\">\u00e0 quatre mains<\/strong>, le traitement devient encore plus enveloppant et harmonieux, favorisant une relaxation intense et une sensation de bien-\u00eatre profond.  <\/p><p data-start=\"1592\" data-end=\"1795\">\ud83d\udc86 <strong data-start=\"1595\" data-end=\"1636\">Avantages du massage bio\u00e9nerg\u00e9tique :<\/strong><br data-start=\"1636\" data-end=\"1639\">\u2714 Stimule la lib\u00e9ration des tensions \u00e9motionnelles<br data-start=\"1683\" data-end=\"1686\">\u2714 Favorise l&rsquo;\u00e9quilibre entre le corps, l&rsquo;\u00e2me et l&rsquo;esprit<br data-start=\"1737\" data-end=\"1740\">\u2714 Favorise la relaxation et la connexion int\u00e9rieure<\/p><hr data-start=\"1797\" data-end=\"1800\"><h3 data-start=\"1802\" data-end=\"1867\"><strong data-start=\"1806\" data-end=\"1865\">\ud83e\uddd8 Massage ayurv\u00e9dique : \u00e9quilibre et harmonie int\u00e9rieure<\/strong><\/h3><p data-start=\"1869\" data-end=\"2153\">Le <strong data-start=\"1872\" data-end=\"1896\">massage ayurv\u00e9dique<\/strong> est une pratique mill\u00e9naire de la m\u00e9decine indienne, bas\u00e9e sur l&rsquo;\u00e9quilibre des doshas (\u00e9nergies vitales). \u00c0 l&rsquo;aide d&rsquo;huiles naturelles et de mouvements profonds, ce traitement permet de d\u00e9tendre l&rsquo;esprit, de r\u00e9\u00e9quilibrer les \u00e9nergies et d&rsquo;am\u00e9liorer la vitalit\u00e9 g\u00e9n\u00e9rale. <\/p><p data-start=\"2155\" data-end=\"2348\">\ud83c\udf3f <strong data-start=\"2158\" data-end=\"2175\">Parfait pour :<\/strong><br data-start=\"2175\" data-end=\"2178\">\u2705 R\u00e9\u00e9quilibrer le corps et l&rsquo;esprit par le toucher th\u00e9rapeutique<br data-start=\"2239\" data-end=\"2242\">\u2705 Stimuler la circulation et le m\u00e9tabolisme<br data-start=\"2286\" data-end=\"2289\">\u2705 R\u00e9duire le stress et favoriser un \u00e9tat de calme profond<\/p><hr data-start=\"2350\" data-end=\"2353\"><h3 data-start=\"2355\" data-end=\"2416\"><strong data-start=\"2359\" data-end=\"2414\">\u2728 R\u00e9servez votre massage et red\u00e9couvrez le bien-\u00eatre !<\/strong><\/h3><p data-start=\"2418\" data-end=\"2637\">A <strong data-start=\"2420\" data-end=\"2440\">Vita Pura Studio<\/strong>Chaque massage est personnalis\u00e9 en fonction de vos besoins pour un maximum de bienfaits. Faites confiance \u00e0 nos techniques holistiques et th\u00e9rapeutiques pour retrouver \u00e9quilibre, \u00e9nergie et s\u00e9r\u00e9nit\u00e9. <\/p>\t\t\t\t\t\t\t\t<\/div>\n\t\t\t\t<\/div>\n\t\t\t\t\t<\/div>\n\t\t<\/div>\n\t\t\t\t\t<\/div>\n\t\t<\/section>\n\t\t\t\t<\/div>\n\t\t","protected":false},"excerpt":{"rendered":"<p>Comment puis-je vous aider ? D\u00e9couvrez un parcours de bien-\u00eatre sur mesure avec des traitements holistiques, des massages th\u00e9rapeutiques et des techniques \u00e9nerg\u00e9tiques avanc\u00e9es. D\u00e9barrassez-vous du stress, rel\u00e2chez les tensions et red\u00e9couvrez votre harmonie int\u00e9rieure avec le soutien d&rsquo;un th\u00e9rapeute exp\u00e9riment\u00e9. R\u00c9SERVEZ VOTRE TRAITEMENT Tous les traitements Massaggi Riflessologia plantare Craniosacrale Reiki Terapia rigenerazione delle [&hellip;]<\/p>\n","protected":false},"author":2,"featured_media":0,"parent":10751,"menu_order":0,"comment_status":"closed","ping_status":"closed","template":"","meta":{"_seopress_robots_primary_cat":"","_seopress_titles_title":"Massage Holistique et Th\u00e9rapeutique | Bien-\u00eatre et Relaxation - Vita Pura Studio","_seopress_titles_desc":"Meta Title (Holistic and Therapeutic Massage - SEO) :\nHolistic and Therapeutic Massage | Wellness and Relaxation - (Massage holistique et th\u00e9rapeutique - bien-\u00eatre et relaxation) Vita Pura Studio\n\nMeta Description (160 caract\u00e8res) :\nD\u00e9couvrez les massages holistiques et th\u00e9rapeutiques de Vita Pura Studio \u00e0 Solduno. D\u00e9tendre les muscles, rel\u00e2cher les tensions et r\u00e9\u00e9quilibrer le corps et l'esprit. Traitement certifi\u00e9 RME.ch.  ","_seopress_robots_index":"","footnotes":""},"class_list":["post-10717","page","type-page","status-publish","hentry"],"_links":{"self":[{"href":"https:\/\/vitapurastudio.ch\/fr\/wp-json\/wp\/v2\/pages\/10717","targetHints":{"allow":["GET"]}}],"collection":[{"href":"https:\/\/vitapurastudio.ch\/fr\/wp-json\/wp\/v2\/pages"}],"about":[{"href":"https:\/\/vitapurastudio.ch\/fr\/wp-json\/wp\/v2\/types\/page"}],"author":[{"embeddable":true,"href":"https:\/\/vitapurastudio.ch\/fr\/wp-json\/wp\/v2\/users\/2"}],"replies":[{"embeddable":true,"href":"https:\/\/vitapurastudio.ch\/fr\/wp-json\/wp\/v2\/comments?post=10717"}],"version-history":[{"count":0,"href":"https:\/\/vitapurastudio.ch\/fr\/wp-json\/wp\/v2\/pages\/10717\/revisions"}],"up":[{"embeddable":true,"href":"https:\/\/vitapurastudio.ch\/fr\/wp-json\/wp\/v2\/pages\/10751"}],"wp:attachment":[{"href":"https:\/\/vitapurastudio.ch\/fr\/wp-json\/wp\/v2\/media?parent=10717"}],"curies":[{"name":"wp","href":"https:\/\/api.w.org\/{rel}","templated":true}]}}