{"id":10705,"date":"2025-03-05T11:03:49","date_gmt":"2025-03-05T10:03:49","guid":{"rendered":"https:\/\/vitapurastudio.ch\/diapason-pour-la-therapie-par-les-frequences\/"},"modified":"2025-03-11T20:37:17","modified_gmt":"2025-03-11T19:37:17","slug":"diapason-pour-la-therapie-par-les-frequences","status":"publish","type":"page","link":"https:\/\/vitapurastudio.ch\/fr\/traitements\/diapason-pour-la-therapie-par-les-frequences\/","title":{"rendered":"Diapason pour la th\u00e9rapie par les fr\u00e9quences"},"content":{"rendered":"\t\t<div data-elementor-type=\"wp-page\" data-elementor-id=\"10705\" class=\"elementor elementor-10705 elementor-312\" data-elementor-post-type=\"page\">\n\t\t\t\t\t\t<section class=\"elementor-section elementor-top-section elementor-element elementor-element-08dc5e0 elementor-section-content-middle elementor-section-boxed elementor-section-height-default elementor-section-height-default\" data-id=\"08dc5e0\" data-element_type=\"section\" data-e-type=\"section\">\n\t\t\t\t\t\t\t<div class=\"elementor-background-overlay\"><\/div>\n\t\t\t\t\t\t\t<div class=\"elementor-container elementor-column-gap-default\">\n\t\t\t\t\t<div class=\"elementor-column elementor-col-100 elementor-top-column elementor-element elementor-element-ae55d56\" data-id=\"ae55d56\" data-element_type=\"column\" data-e-type=\"column\">\n\t\t\t<div class=\"elementor-widget-wrap elementor-element-populated\">\n\t\t\t\t\t\t<div class=\"elementor-element elementor-element-e5daa69 elementor-widget elementor-widget-text-editor\" data-id=\"e5daa69\" data-element_type=\"widget\" data-e-type=\"widget\" data-widget_type=\"text-editor.default\">\n\t\t\t\t<div class=\"elementor-widget-container\">\n\t\t\t\t\t\t\t\t\t<div><pre><nav  aria-label=\"Fil d&#039;Ariane\"><ol class=\"breadcrumb\"><li class=\"breadcrumb-item active\" aria-current=\"page\"><span>Accueil<\/span><\/li><\/ol><\/nav><\/pre><\/div>\t\t\t\t\t\t\t\t<\/div>\n\t\t\t\t<\/div>\n\t\t\t\t\t<\/div>\n\t\t<\/div>\n\t\t\t\t\t<\/div>\n\t\t<\/section>\n\t\t\t\t<section class=\"elementor-section elementor-top-section elementor-element elementor-element-e47ede3 elementor-reverse-mobile elementor-section-boxed elementor-section-height-default elementor-section-height-default\" data-id=\"e47ede3\" data-element_type=\"section\" data-e-type=\"section\">\n\t\t\t\t\t\t<div class=\"elementor-container elementor-column-gap-default\">\n\t\t\t\t\t<div class=\"elementor-column elementor-col-33 elementor-top-column elementor-element elementor-element-3fe5b98\" data-id=\"3fe5b98\" data-element_type=\"column\" data-e-type=\"column\">\n\t\t\t<div class=\"elementor-widget-wrap elementor-element-populated\">\n\t\t\t\t\t\t<section class=\"elementor-section elementor-inner-section elementor-element elementor-element-40c13f3 elementor-section-boxed elementor-section-height-default elementor-section-height-default\" data-id=\"40c13f3\" data-element_type=\"section\" data-e-type=\"section\" data-settings=\"{&quot;background_background&quot;:&quot;classic&quot;,&quot;sticky&quot;:&quot;top&quot;,&quot;sticky_on&quot;:[&quot;desktop&quot;],&quot;sticky_offset&quot;:&quot;50&quot;,&quot;sticky_effects_offset&quot;:0,&quot;sticky_anchor_link_offset&quot;:0}\">\n\t\t\t\t\t\t<div class=\"elementor-container elementor-column-gap-default\">\n\t\t\t\t\t<div class=\"elementor-column elementor-col-100 elementor-inner-column elementor-element elementor-element-edbb6f2\" data-id=\"edbb6f2\" data-element_type=\"column\" data-e-type=\"column\">\n\t\t\t<div class=\"elementor-widget-wrap elementor-element-populated\">\n\t\t\t\t\t\t<div class=\"elementor-element elementor-element-0588ad5 elementor-widget elementor-widget-heading\" data-id=\"0588ad5\" data-element_type=\"widget\" data-e-type=\"widget\" data-widget_type=\"heading.default\">\n\t\t\t\t<div class=\"elementor-widget-container\">\n\t\t\t\t\t<h3 class=\"elementor-heading-title elementor-size-default\">Comment puis-je vous aider ?<\/h3>\t\t\t\t<\/div>\n\t\t\t\t<\/div>\n\t\t\t\t<div class=\"elementor-element elementor-element-69a2c50 elementor-widget elementor-widget-text-editor\" data-id=\"69a2c50\" data-element_type=\"widget\" data-e-type=\"widget\" data-widget_type=\"text-editor.default\">\n\t\t\t\t<div class=\"elementor-widget-container\">\n\t\t\t\t\t\t\t\t\t<p data-start=\"61\" data-end=\"311\">D\u00e9couvrez un parcours de bien-\u00eatre sur mesure avec des traitements holistiques, des massages th\u00e9rapeutiques et des techniques \u00e9nerg\u00e9tiques avanc\u00e9es. D\u00e9barrassez-vous du stress, rel\u00e2chez les tensions et red\u00e9couvrez votre harmonie int\u00e9rieure avec le soutien d&rsquo;un th\u00e9rapeute exp\u00e9riment\u00e9. <\/p>\t\t\t\t\t\t\t\t<\/div>\n\t\t\t\t<\/div>\n\t\t\t\t<div class=\"elementor-element elementor-element-f77c893 elementor-align-justify elementor-widget elementor-widget-button\" data-id=\"f77c893\" data-element_type=\"widget\" data-e-type=\"widget\" data-widget_type=\"button.default\">\n\t\t\t\t<div class=\"elementor-widget-container\">\n\t\t\t\t\t\t\t\t\t<div class=\"elementor-button-wrapper\">\n\t\t\t\t\t<a class=\"elementor-button elementor-button-link elementor-size-sm\" href=\"https:\/\/vitapurastudio.ch\/prenotazione-del-trattamento\/\">\n\t\t\t\t\t\t<span class=\"elementor-button-content-wrapper\">\n\t\t\t\t\t\t\t\t\t<span class=\"elementor-button-text\">R\u00c9SERVEZ VOTRE TRAITEMENT<\/span>\n\t\t\t\t\t<\/span>\n\t\t\t\t\t<\/a>\n\t\t\t\t<\/div>\n\t\t\t\t\t\t\t\t<\/div>\n\t\t\t\t<\/div>\n\t\t\t\t\t<\/div>\n\t\t<\/div>\n\t\t\t\t\t<\/div>\n\t\t<\/section>\n\t\t\t\t<section class=\"elementor-section elementor-inner-section elementor-element elementor-element-56116f9 elementor-section-boxed elementor-section-height-default elementor-section-height-default\" data-id=\"56116f9\" data-element_type=\"section\" data-e-type=\"section\" data-settings=\"{&quot;background_background&quot;:&quot;classic&quot;}\">\n\t\t\t\t\t\t<div class=\"elementor-container elementor-column-gap-default\">\n\t\t\t\t\t<div class=\"elementor-column elementor-col-100 elementor-inner-column elementor-element elementor-element-1936e17\" data-id=\"1936e17\" data-element_type=\"column\" data-e-type=\"column\">\n\t\t\t<div class=\"elementor-widget-wrap elementor-element-populated\">\n\t\t\t\t\t\t<div class=\"elementor-element elementor-element-b55013f elementor-widget elementor-widget-heading\" data-id=\"b55013f\" data-element_type=\"widget\" data-e-type=\"widget\" data-widget_type=\"heading.default\">\n\t\t\t\t<div class=\"elementor-widget-container\">\n\t\t\t\t\t<h3 class=\"elementor-heading-title elementor-size-default\">Tous les traitements<\/h3>\t\t\t\t<\/div>\n\t\t\t\t<\/div>\n\t\t\t\t<div class=\"elementor-element elementor-element-6fb7ad8 elementor-tablet-align-center elementor-mobile-align-start elementor-icon-list--layout-traditional elementor-list-item-link-full_width elementor-widget elementor-widget-global elementor-global-15713 elementor-global-243 elementor-widget-icon-list\" data-id=\"6fb7ad8\" data-element_type=\"widget\" data-e-type=\"widget\" data-widget_type=\"icon-list.default\">\n\t\t\t\t<div class=\"elementor-widget-container\">\n\t\t\t\t\t\t\t<ul class=\"elementor-icon-list-items\">\n\t\t\t\t\t\t\t<li class=\"elementor-icon-list-item\">\n\t\t\t\t\t\t\t\t\t\t\t<a href=\"https:\/\/vitapurastudio.ch\/fr\/traitements\/massages\/\">\n\n\t\t\t\t\t\t\t\t\t\t\t\t<span class=\"elementor-icon-list-icon\">\n\t\t\t\t\t\t\t<svg aria-hidden=\"true\" class=\"e-font-icon-svg e-fas-check\" viewBox=\"0 0 512 512\" xmlns=\"http:\/\/www.w3.org\/2000\/svg\"><path d=\"M173.898 439.404l-166.4-166.4c-9.997-9.997-9.997-26.206 0-36.204l36.203-36.204c9.997-9.998 26.207-9.998 36.204 0L192 312.69 432.095 72.596c9.997-9.997 26.207-9.997 36.204 0l36.203 36.204c9.997 9.997 9.997 26.206 0 36.204l-294.4 294.401c-9.998 9.997-26.207 9.997-36.204-.001z\"><\/path><\/svg>\t\t\t\t\t\t<\/span>\n\t\t\t\t\t\t\t\t\t\t<span class=\"elementor-icon-list-text\">Massages<\/span>\n\t\t\t\t\t\t\t\t\t\t\t<\/a>\n\t\t\t\t\t\t\t\t\t<\/li>\n\t\t\t\t\t\t\t\t<li class=\"elementor-icon-list-item\">\n\t\t\t\t\t\t\t\t\t\t\t<a href=\"https:\/\/vitapurastudio.ch\/fr\/traitements\/reflexologie\/\">\n\n\t\t\t\t\t\t\t\t\t\t\t\t<span class=\"elementor-icon-list-icon\">\n\t\t\t\t\t\t\t<svg aria-hidden=\"true\" class=\"e-font-icon-svg e-fas-check\" viewBox=\"0 0 512 512\" xmlns=\"http:\/\/www.w3.org\/2000\/svg\"><path d=\"M173.898 439.404l-166.4-166.4c-9.997-9.997-9.997-26.206 0-36.204l36.203-36.204c9.997-9.998 26.207-9.998 36.204 0L192 312.69 432.095 72.596c9.997-9.997 26.207-9.997 36.204 0l36.203 36.204c9.997 9.997 9.997 26.206 0 36.204l-294.4 294.401c-9.998 9.997-26.207 9.997-36.204-.001z\"><\/path><\/svg>\t\t\t\t\t\t<\/span>\n\t\t\t\t\t\t\t\t\t\t<span class=\"elementor-icon-list-text\">R\u00e9flexologie<\/span>\n\t\t\t\t\t\t\t\t\t\t\t<\/a>\n\t\t\t\t\t\t\t\t\t<\/li>\n\t\t\t\t\t\t\t\t<li class=\"elementor-icon-list-item\">\n\t\t\t\t\t\t\t\t\t\t\t<span class=\"elementor-icon-list-icon\">\n\t\t\t\t\t\t\t<svg aria-hidden=\"true\" class=\"e-font-icon-svg e-fas-check\" viewBox=\"0 0 512 512\" xmlns=\"http:\/\/www.w3.org\/2000\/svg\"><path d=\"M173.898 439.404l-166.4-166.4c-9.997-9.997-9.997-26.206 0-36.204l36.203-36.204c9.997-9.998 26.207-9.998 36.204 0L192 312.69 432.095 72.596c9.997-9.997 26.207-9.997 36.204 0l36.203 36.204c9.997 9.997 9.997 26.206 0 36.204l-294.4 294.401c-9.998 9.997-26.207 9.997-36.204-.001z\"><\/path><\/svg>\t\t\t\t\t\t<\/span>\n\t\t\t\t\t\t\t\t\t\t<span class=\"elementor-icon-list-text\">Cr\u00e2nio-sacr\u00e9<\/span>\n\t\t\t\t\t\t\t\t\t<\/li>\n\t\t\t\t\t\t\t\t<li class=\"elementor-icon-list-item\">\n\t\t\t\t\t\t\t\t\t\t\t<span class=\"elementor-icon-list-icon\">\n\t\t\t\t\t\t\t<svg aria-hidden=\"true\" class=\"e-font-icon-svg e-fas-check\" viewBox=\"0 0 512 512\" xmlns=\"http:\/\/www.w3.org\/2000\/svg\"><path d=\"M173.898 439.404l-166.4-166.4c-9.997-9.997-9.997-26.206 0-36.204l36.203-36.204c9.997-9.998 26.207-9.998 36.204 0L192 312.69 432.095 72.596c9.997-9.997 26.207-9.997 36.204 0l36.203 36.204c9.997 9.997 9.997 26.206 0 36.204l-294.4 294.401c-9.998 9.997-26.207 9.997-36.204-.001z\"><\/path><\/svg>\t\t\t\t\t\t<\/span>\n\t\t\t\t\t\t\t\t\t\t<span class=\"elementor-icon-list-text\">Reiki<\/span>\n\t\t\t\t\t\t\t\t\t<\/li>\n\t\t\t\t\t\t\t\t<li class=\"elementor-icon-list-item\">\n\t\t\t\t\t\t\t\t\t\t\t<span class=\"elementor-icon-list-icon\">\n\t\t\t\t\t\t\t<svg aria-hidden=\"true\" class=\"e-font-icon-svg e-fas-check\" viewBox=\"0 0 512 512\" xmlns=\"http:\/\/www.w3.org\/2000\/svg\"><path d=\"M173.898 439.404l-166.4-166.4c-9.997-9.997-9.997-26.206 0-36.204l36.203-36.204c9.997-9.998 26.207-9.998 36.204 0L192 312.69 432.095 72.596c9.997-9.997 26.207-9.997 36.204 0l36.203 36.204c9.997 9.997 9.997 26.206 0 36.204l-294.4 294.401c-9.998 9.997-26.207 9.997-36.204-.001z\"><\/path><\/svg>\t\t\t\t\t\t<\/span>\n\t\t\t\t\t\t\t\t\t\t<span class=\"elementor-icon-list-text\">Th\u00e9rapie de r\u00e9g\u00e9n\u00e9ration osseuse<\/span>\n\t\t\t\t\t\t\t\t\t<\/li>\n\t\t\t\t\t\t\t\t<li class=\"elementor-icon-list-item\">\n\t\t\t\t\t\t\t\t\t\t\t<span class=\"elementor-icon-list-icon\">\n\t\t\t\t\t\t\t<svg aria-hidden=\"true\" class=\"e-font-icon-svg e-fas-check\" viewBox=\"0 0 512 512\" xmlns=\"http:\/\/www.w3.org\/2000\/svg\"><path d=\"M173.898 439.404l-166.4-166.4c-9.997-9.997-9.997-26.206 0-36.204l36.203-36.204c9.997-9.998 26.207-9.998 36.204 0L192 312.69 432.095 72.596c9.997-9.997 26.207-9.997 36.204 0l36.203 36.204c9.997 9.997 9.997 26.206 0 36.204l-294.4 294.401c-9.998 9.997-26.207 9.997-36.204-.001z\"><\/path><\/svg>\t\t\t\t\t\t<\/span>\n\t\t\t\t\t\t\t\t\t\t<span class=\"elementor-icon-list-text\">Th\u00e9rapie Meridiana  <\/span>\n\t\t\t\t\t\t\t\t\t<\/li>\n\t\t\t\t\t\t\t\t<li class=\"elementor-icon-list-item\">\n\t\t\t\t\t\t\t\t\t\t\t<span class=\"elementor-icon-list-icon\">\n\t\t\t\t\t\t\t<svg aria-hidden=\"true\" class=\"e-font-icon-svg e-fas-check\" viewBox=\"0 0 512 512\" xmlns=\"http:\/\/www.w3.org\/2000\/svg\"><path d=\"M173.898 439.404l-166.4-166.4c-9.997-9.997-9.997-26.206 0-36.204l36.203-36.204c9.997-9.998 26.207-9.998 36.204 0L192 312.69 432.095 72.596c9.997-9.997 26.207-9.997 36.204 0l36.203 36.204c9.997 9.997 9.997 26.206 0 36.204l-294.4 294.401c-9.998 9.997-26.207 9.997-36.204-.001z\"><\/path><\/svg>\t\t\t\t\t\t<\/span>\n\t\t\t\t\t\t\t\t\t\t<span class=\"elementor-icon-list-text\">Th\u00e9rapie par le diapason<\/span>\n\t\t\t\t\t\t\t\t\t<\/li>\n\t\t\t\t\t\t\t\t<li class=\"elementor-icon-list-item\">\n\t\t\t\t\t\t\t\t\t\t\t<a href=\"https:\/\/vitapurastudio.ch\/fr\/traitements\/coach-spirituel-et-mental\/\">\n\n\t\t\t\t\t\t\t\t\t\t\t\t<span class=\"elementor-icon-list-icon\">\n\t\t\t\t\t\t\t<svg aria-hidden=\"true\" class=\"e-font-icon-svg e-fas-check\" viewBox=\"0 0 512 512\" xmlns=\"http:\/\/www.w3.org\/2000\/svg\"><path d=\"M173.898 439.404l-166.4-166.4c-9.997-9.997-9.997-26.206 0-36.204l36.203-36.204c9.997-9.998 26.207-9.998 36.204 0L192 312.69 432.095 72.596c9.997-9.997 26.207-9.997 36.204 0l36.203 36.204c9.997 9.997 9.997 26.206 0 36.204l-294.4 294.401c-9.998 9.997-26.207 9.997-36.204-.001z\"><\/path><\/svg>\t\t\t\t\t\t<\/span>\n\t\t\t\t\t\t\t\t\t\t<span class=\"elementor-icon-list-text\">Coach spirituel et mental<\/span>\n\t\t\t\t\t\t\t\t\t\t\t<\/a>\n\t\t\t\t\t\t\t\t\t<\/li>\n\t\t\t\t\t\t<\/ul>\n\t\t\t\t\t\t<\/div>\n\t\t\t\t<\/div>\n\t\t\t\t\t<\/div>\n\t\t<\/div>\n\t\t\t\t\t<\/div>\n\t\t<\/section>\n\t\t\t\t\t<\/div>\n\t\t<\/div>\n\t\t\t\t<div class=\"elementor-column elementor-col-66 elementor-top-column elementor-element elementor-element-28c893e\" data-id=\"28c893e\" data-element_type=\"column\" data-e-type=\"column\">\n\t\t\t<div class=\"elementor-widget-wrap elementor-element-populated\">\n\t\t\t\t\t\t<div class=\"elementor-element elementor-element-ab6473d elementor-widget elementor-widget-image\" data-id=\"ab6473d\" data-element_type=\"widget\" data-e-type=\"widget\" data-widget_type=\"image.default\">\n\t\t\t\t<div class=\"elementor-widget-container\">\n\t\t\t\t\t\t\t\t\t\t\t\t\t\t\t<img fetchpriority=\"high\" decoding=\"async\" width=\"768\" height=\"1024\" src=\"https:\/\/vitapurastudio.ch\/wp-content\/uploads\/sites\/82\/2025\/03\/IMG_8227-1-768x1024.jpeg\" class=\"attachment-large size-large wp-image-15833\" alt=\"\" srcset=\"https:\/\/vitapurastudio.ch\/wp-content\/uploads\/sites\/82\/2025\/03\/IMG_8227-1-768x1024.jpeg 768w, https:\/\/vitapurastudio.ch\/wp-content\/uploads\/sites\/82\/2025\/03\/IMG_8227-1-225x300.jpeg 225w, https:\/\/vitapurastudio.ch\/wp-content\/uploads\/sites\/82\/2025\/03\/IMG_8227-1-1152x1536.jpeg 1152w, https:\/\/vitapurastudio.ch\/wp-content\/uploads\/sites\/82\/2025\/03\/IMG_8227-1-1536x2048.jpeg 1536w, https:\/\/vitapurastudio.ch\/wp-content\/uploads\/sites\/82\/2025\/03\/IMG_8227-1-scaled.jpeg 1920w\" sizes=\"(max-width: 768px) 100vw, 768px\" \/>\t\t\t\t\t\t\t\t\t\t\t\t\t\t\t<\/div>\n\t\t\t\t<\/div>\n\t\t\t\t<div class=\"elementor-element elementor-element-3adbb17 elementor-widget elementor-widget-heading\" data-id=\"3adbb17\" data-element_type=\"widget\" data-e-type=\"widget\" data-widget_type=\"heading.default\">\n\t\t\t\t<div class=\"elementor-widget-container\">\n\t\t\t\t\t<h2 class=\"elementor-heading-title elementor-size-default\">Fr\u00e9quence des lames vibrantes  <\/h2>\t\t\t\t<\/div>\n\t\t\t\t<\/div>\n\t\t\t\t<div class=\"elementor-element elementor-element-901ddc0 elementor-widget elementor-widget-heading\" data-id=\"901ddc0\" data-element_type=\"widget\" data-e-type=\"widget\" data-widget_type=\"heading.default\">\n\t\t\t\t<div class=\"elementor-widget-container\">\n\t\t\t\t\t<h3 class=\"elementor-heading-title elementor-size-default\">Harmonisez votre corps avec les vibrations sonores\n<\/h3>\t\t\t\t<\/div>\n\t\t\t\t<\/div>\n\t\t\t\t<div class=\"elementor-element elementor-element-c2e688d elementor-widget elementor-widget-text-editor\" data-id=\"c2e688d\" data-element_type=\"widget\" data-e-type=\"widget\" data-widget_type=\"text-editor.default\">\n\t\t\t\t<div class=\"elementor-widget-container\">\n\t\t\t\t\t\t\t\t\t<p data-start=\"88\" data-end=\"463\"><strong data-start=\"91\" data-end=\"125\">La th\u00e9rapie par les fr\u00e9quences des diapasons<\/strong> est un traitement vibratoire qui utilise les ondes sonores pour r\u00e9tablir l&rsquo;\u00e9quilibre \u00e9nerg\u00e9tique et promouvoir le bien-\u00eatre psychophysique. L&rsquo;application des diapasons sur des points pr\u00e9cis du corps g\u00e9n\u00e8re des vibrations profondes qui contribuent \u00e0 <strong data-start=\"374\" data-end=\"460\">d\u00e9tendre le syst\u00e8me nerveux, \u00e0 soulager les tensions et \u00e0 am\u00e9liorer la circulation de l&rsquo;\u00e9nergie.<\/strong> <\/p><p data-start=\"465\" data-end=\"626\">A <strong data-start=\"467\" data-end=\"487\">Vita Pura Studio<\/strong>nous utilisons cette technique pour harmoniser le corps et l&rsquo;esprit, en favorisant un \u00e9tat de relaxation profonde et de r\u00e9g\u00e9n\u00e9ration cellulaire.<\/p><hr data-start=\"628\" data-end=\"631\"><h3 data-start=\"633\" data-end=\"684\"><strong data-start=\"637\" data-end=\"682\">\ud83c\udf3f Comment fonctionne la th\u00e9rapie par les diapasons ?<\/strong><\/h3><p data-start=\"685\" data-end=\"950\">Les diapasons, instruments calibr\u00e9s sur des fr\u00e9quences sp\u00e9cifiques, sont plac\u00e9s \u00e0 des endroits strat\u00e9giques du corps pour transmettre des vibrations b\u00e9n\u00e9fiques. Ces ondes sonores p\u00e9n\u00e8trent les tissus et les cellules, stimulant le <strong data-start=\"899\" data-end=\"947\">r\u00e9\u00e9quilibrage des syst\u00e8mes nerveux et musculaire<\/strong>. <\/p><p data-start=\"952\" data-end=\"1142\">\ud83d\udd39 <strong data-start=\"955\" data-end=\"1017\">Aide \u00e0 rel\u00e2cher les tensions musculaires et les blocages \u00e9nerg\u00e9tiques<\/strong><br data-start=\"1017\" data-end=\"1020\">\ud83d\udd39 <strong data-start=\"1023\" data-end=\"1079\">Stimule la relaxation profonde et la concentration<\/strong><br data-start=\"1079\" data-end=\"1082\">\ud83d\udd39 <strong data-start=\"1085\" data-end=\"1140\">Favorise l&rsquo;harmonisation des fr\u00e9quences corporelles<\/strong><\/p><hr data-start=\"1144\" data-end=\"1147\"><h3 data-start=\"1149\" data-end=\"1207\"><strong data-start=\"1153\" data-end=\"1205\">\ud83d\udc86 Les bienfaits de la th\u00e9rapie par les fr\u00e9quences des diapasons<\/strong><\/h3><p data-start=\"1208\" data-end=\"1785\">\u2714 <strong data-start=\"1210\" data-end=\"1259\">R\u00e9duction du stress, de l&rsquo;anxi\u00e9t\u00e9 et des tensions \u00e9motionnelles<\/strong> &#8211; Le son favorise un \u00e9tat de calme et de s\u00e9r\u00e9nit\u00e9.<br data-start=\"1311\" data-end=\"1314\">\u2714 <strong data-start=\"1316\" data-end=\"1366\">Am\u00e9lioration du sommeil et de la concentration<\/strong> &#8211; Les fr\u00e9quences harmonisent l&rsquo;activit\u00e9 c\u00e9r\u00e9brale.<br data-start=\"1415\" data-end=\"1418\">\u2714 <strong data-start=\"1420\" data-end=\"1466\">\u00c9quilibrage \u00e9nerg\u00e9tique et bien-\u00eatre physique<\/strong> &#8211; Les vibrations ont un effet profond sur les muscles et le syst\u00e8me nerveux.<br data-start=\"1535\" data-end=\"1538\">\u2714 So <strong data-start=\"1540\" data-end=\"1598\" data-is-only-node=\"\">utien \u00e0 la gu\u00e9rison des douleurs chroniques et des inflammations<\/strong> &#8211; La th\u00e9rapie aide \u00e0 r\u00e9duire les douleurs musculaires et articulaires.<br data-start=\"1659\" data-end=\"1662\">\u2714 <strong data-start=\"1664\" data-end=\"1725\">Stimulation du syst\u00e8me immunitaire et de la circulation<\/strong> &#8211; Les vibrations favorisent une meilleure circulation de l&rsquo;\u00e9nergie.<\/p><hr data-start=\"1787\" data-end=\"1790\"><h3 data-start=\"1792\" data-end=\"1874\"><strong data-start=\"1796\" data-end=\"1872\">\u2728 R\u00e9servez d\u00e8s \u00e0 pr\u00e9sent votre traitement de th\u00e9rapie par les fr\u00e9quences des diapasons !<\/strong><\/h3><p data-start=\"1876\" data-end=\"2053\">Si vous souhaitez <strong data-start=\"1888\" data-end=\"1986\">retrouver votre \u00e9quilibre int\u00e9rieur, soulager vos tensions et am\u00e9liorer votre bien-\u00eatre psychophysique<\/strong>, la th\u00e9rapie par les fr\u00e9quences Diapason est la solution id\u00e9ale pour vous.<\/p>\t\t\t\t\t\t\t\t<\/div>\n\t\t\t\t<\/div>\n\t\t\t\t\t<\/div>\n\t\t<\/div>\n\t\t\t\t\t<\/div>\n\t\t<\/section>\n\t\t\t\t<\/div>\n\t\t","protected":false},"excerpt":{"rendered":"<p>Comment puis-je vous aider ? D\u00e9couvrez un parcours de bien-\u00eatre sur mesure avec des traitements holistiques, des massages th\u00e9rapeutiques et des techniques \u00e9nerg\u00e9tiques avanc\u00e9es. D\u00e9barrassez-vous du stress, rel\u00e2chez les tensions et red\u00e9couvrez votre harmonie int\u00e9rieure avec le soutien d&rsquo;un th\u00e9rapeute exp\u00e9riment\u00e9. R\u00c9SERVEZ VOTRE TRAITEMENT Tous les traitements Massaggi Riflessologia plantare Craniosacrale Reiki Terapia rigenerazione delle [&hellip;]<\/p>\n","protected":false},"author":2,"featured_media":0,"parent":10751,"menu_order":0,"comment_status":"closed","ping_status":"closed","template":"","meta":{"_seopress_robots_primary_cat":"","_seopress_titles_title":"Th\u00e9rapie par fr\u00e9quences diapasoniques | \u00c9quilibrage \u00e9nerg\u00e9tique et vibrations sonores","_seopress_titles_desc":"Harmonisez votre corps et votre esprit avec la th\u00e9rapie de fr\u00e9quence Diapason sur le site Vita Pura Studio \u00e0 Solduno. Relaxation profonde et r\u00e9\u00e9quilibrage \u00e9nerg\u00e9tique. R\u00e9servez votre traitement d\u00e8s maintenant !  ","_seopress_robots_index":"","footnotes":""},"class_list":["post-10705","page","type-page","status-publish","hentry"],"_links":{"self":[{"href":"https:\/\/vitapurastudio.ch\/fr\/wp-json\/wp\/v2\/pages\/10705","targetHints":{"allow":["GET"]}}],"collection":[{"href":"https:\/\/vitapurastudio.ch\/fr\/wp-json\/wp\/v2\/pages"}],"about":[{"href":"https:\/\/vitapurastudio.ch\/fr\/wp-json\/wp\/v2\/types\/page"}],"author":[{"embeddable":true,"href":"https:\/\/vitapurastudio.ch\/fr\/wp-json\/wp\/v2\/users\/2"}],"replies":[{"embeddable":true,"href":"https:\/\/vitapurastudio.ch\/fr\/wp-json\/wp\/v2\/comments?post=10705"}],"version-history":[{"count":0,"href":"https:\/\/vitapurastudio.ch\/fr\/wp-json\/wp\/v2\/pages\/10705\/revisions"}],"up":[{"embeddable":true,"href":"https:\/\/vitapurastudio.ch\/fr\/wp-json\/wp\/v2\/pages\/10751"}],"wp:attachment":[{"href":"https:\/\/vitapurastudio.ch\/fr\/wp-json\/wp\/v2\/media?parent=10705"}],"curies":[{"name":"wp","href":"https:\/\/api.w.org\/{rel}","templated":true}]}}