{"id":10699,"date":"2025-03-05T11:09:37","date_gmt":"2025-03-05T10:09:37","guid":{"rendered":"https:\/\/vitapurastudio.ch\/therapie-de-regeneration-osseuse\/"},"modified":"2025-03-07T12:58:57","modified_gmt":"2025-03-07T11:58:57","slug":"therapie-de-regeneration-osseuse","status":"publish","type":"page","link":"https:\/\/vitapurastudio.ch\/fr\/traitements\/therapie-de-regeneration-osseuse\/","title":{"rendered":"Th\u00e9rapie de r\u00e9g\u00e9n\u00e9ration osseuse"},"content":{"rendered":"\t\t<div data-elementor-type=\"wp-page\" data-elementor-id=\"10699\" class=\"elementor elementor-10699 elementor-326\" data-elementor-post-type=\"page\">\n\t\t\t\t\t\t<section class=\"elementor-section elementor-top-section elementor-element elementor-element-9abe1c7 elementor-section-content-middle elementor-section-boxed elementor-section-height-default elementor-section-height-default\" data-id=\"9abe1c7\" data-element_type=\"section\" data-e-type=\"section\">\n\t\t\t\t\t\t\t<div class=\"elementor-background-overlay\"><\/div>\n\t\t\t\t\t\t\t<div class=\"elementor-container elementor-column-gap-default\">\n\t\t\t\t\t<div class=\"elementor-column elementor-col-100 elementor-top-column elementor-element elementor-element-9819bf2\" data-id=\"9819bf2\" data-element_type=\"column\" data-e-type=\"column\">\n\t\t\t<div class=\"elementor-widget-wrap elementor-element-populated\">\n\t\t\t\t\t\t<div class=\"elementor-element elementor-element-69b4c84 elementor-widget elementor-widget-text-editor\" data-id=\"69b4c84\" data-element_type=\"widget\" data-e-type=\"widget\" data-widget_type=\"text-editor.default\">\n\t\t\t\t<div class=\"elementor-widget-container\">\n\t\t\t\t\t\t\t\t\t<div><pre><nav  aria-label=\"Fil d&#039;Ariane\"><ol class=\"breadcrumb\"><li class=\"breadcrumb-item active\" aria-current=\"page\"><span>Accueil<\/span><\/li><\/ol><\/nav><\/pre><\/div>\t\t\t\t\t\t\t\t<\/div>\n\t\t\t\t<\/div>\n\t\t\t\t\t<\/div>\n\t\t<\/div>\n\t\t\t\t\t<\/div>\n\t\t<\/section>\n\t\t\t\t<section class=\"elementor-section elementor-top-section elementor-element elementor-element-2faf275 elementor-reverse-mobile elementor-section-boxed elementor-section-height-default elementor-section-height-default\" data-id=\"2faf275\" data-element_type=\"section\" data-e-type=\"section\">\n\t\t\t\t\t\t<div class=\"elementor-container elementor-column-gap-default\">\n\t\t\t\t\t<div class=\"elementor-column elementor-col-33 elementor-top-column elementor-element elementor-element-6242a14\" data-id=\"6242a14\" data-element_type=\"column\" data-e-type=\"column\">\n\t\t\t<div class=\"elementor-widget-wrap elementor-element-populated\">\n\t\t\t\t\t\t<section class=\"elementor-section elementor-inner-section elementor-element elementor-element-0c77008 elementor-section-boxed elementor-section-height-default elementor-section-height-default\" data-id=\"0c77008\" data-element_type=\"section\" data-e-type=\"section\" data-settings=\"{&quot;background_background&quot;:&quot;classic&quot;,&quot;sticky&quot;:&quot;top&quot;,&quot;sticky_on&quot;:[&quot;desktop&quot;],&quot;sticky_offset&quot;:50,&quot;sticky_effects_offset&quot;:0,&quot;sticky_anchor_link_offset&quot;:0}\">\n\t\t\t\t\t\t<div class=\"elementor-container elementor-column-gap-default\">\n\t\t\t\t\t<div class=\"elementor-column elementor-col-100 elementor-inner-column elementor-element elementor-element-a537fb9\" data-id=\"a537fb9\" data-element_type=\"column\" data-e-type=\"column\">\n\t\t\t<div class=\"elementor-widget-wrap elementor-element-populated\">\n\t\t\t\t\t\t<div class=\"elementor-element elementor-element-c62e7ad elementor-widget elementor-widget-heading\" data-id=\"c62e7ad\" data-element_type=\"widget\" data-e-type=\"widget\" data-widget_type=\"heading.default\">\n\t\t\t\t<div class=\"elementor-widget-container\">\n\t\t\t\t\t<h3 class=\"elementor-heading-title elementor-size-default\">Comment puis-je vous aider ?<\/h3>\t\t\t\t<\/div>\n\t\t\t\t<\/div>\n\t\t\t\t<div class=\"elementor-element elementor-element-043a3ac elementor-widget elementor-widget-text-editor\" data-id=\"043a3ac\" data-element_type=\"widget\" data-e-type=\"widget\" data-widget_type=\"text-editor.default\">\n\t\t\t\t<div class=\"elementor-widget-container\">\n\t\t\t\t\t\t\t\t\t<p data-start=\"61\" data-end=\"311\">D\u00e9couvrez un parcours de bien-\u00eatre sur mesure avec des traitements holistiques, des massages th\u00e9rapeutiques et des techniques \u00e9nerg\u00e9tiques avanc\u00e9es. D\u00e9barrassez-vous du stress, rel\u00e2chez les tensions et red\u00e9couvrez votre harmonie int\u00e9rieure avec le soutien d&rsquo;un th\u00e9rapeute exp\u00e9riment\u00e9. <\/p>\t\t\t\t\t\t\t\t<\/div>\n\t\t\t\t<\/div>\n\t\t\t\t<div class=\"elementor-element elementor-element-2f387fd elementor-align-justify elementor-widget elementor-widget-button\" data-id=\"2f387fd\" data-element_type=\"widget\" data-e-type=\"widget\" data-widget_type=\"button.default\">\n\t\t\t\t<div class=\"elementor-widget-container\">\n\t\t\t\t\t\t\t\t\t<div class=\"elementor-button-wrapper\">\n\t\t\t\t\t<a class=\"elementor-button elementor-button-link elementor-size-sm\" href=\"https:\/\/vitapurastudio.ch\/prenotazione-del-trattamento\/\">\n\t\t\t\t\t\t<span class=\"elementor-button-content-wrapper\">\n\t\t\t\t\t\t\t\t\t<span class=\"elementor-button-text\">R\u00c9SERVEZ VOTRE TRAITEMENT<\/span>\n\t\t\t\t\t<\/span>\n\t\t\t\t\t<\/a>\n\t\t\t\t<\/div>\n\t\t\t\t\t\t\t\t<\/div>\n\t\t\t\t<\/div>\n\t\t\t\t\t<\/div>\n\t\t<\/div>\n\t\t\t\t\t<\/div>\n\t\t<\/section>\n\t\t\t\t<section class=\"elementor-section elementor-inner-section elementor-element elementor-element-3becec2 elementor-section-boxed elementor-section-height-default elementor-section-height-default\" data-id=\"3becec2\" data-element_type=\"section\" data-e-type=\"section\" data-settings=\"{&quot;background_background&quot;:&quot;classic&quot;}\">\n\t\t\t\t\t\t<div class=\"elementor-container elementor-column-gap-default\">\n\t\t\t\t\t<div class=\"elementor-column elementor-col-100 elementor-inner-column elementor-element elementor-element-c06a01a\" data-id=\"c06a01a\" data-element_type=\"column\" data-e-type=\"column\">\n\t\t\t<div class=\"elementor-widget-wrap elementor-element-populated\">\n\t\t\t\t\t\t<div class=\"elementor-element elementor-element-e6036a3 elementor-widget elementor-widget-heading\" data-id=\"e6036a3\" data-element_type=\"widget\" data-e-type=\"widget\" data-widget_type=\"heading.default\">\n\t\t\t\t<div class=\"elementor-widget-container\">\n\t\t\t\t\t<h3 class=\"elementor-heading-title elementor-size-default\">Tous les traitements<\/h3>\t\t\t\t<\/div>\n\t\t\t\t<\/div>\n\t\t\t\t<div class=\"elementor-element elementor-element-186dd07 elementor-tablet-align-center elementor-mobile-align-start elementor-icon-list--layout-traditional elementor-list-item-link-full_width elementor-widget elementor-widget-global elementor-global-15713 elementor-global-243 elementor-widget-icon-list\" data-id=\"186dd07\" data-element_type=\"widget\" data-e-type=\"widget\" data-widget_type=\"icon-list.default\">\n\t\t\t\t<div class=\"elementor-widget-container\">\n\t\t\t\t\t\t\t<ul class=\"elementor-icon-list-items\">\n\t\t\t\t\t\t\t<li class=\"elementor-icon-list-item\">\n\t\t\t\t\t\t\t\t\t\t\t<a href=\"https:\/\/vitapurastudio.ch\/fr\/traitements\/massages\/\">\n\n\t\t\t\t\t\t\t\t\t\t\t\t<span class=\"elementor-icon-list-icon\">\n\t\t\t\t\t\t\t<svg aria-hidden=\"true\" class=\"e-font-icon-svg e-fas-check\" viewBox=\"0 0 512 512\" xmlns=\"http:\/\/www.w3.org\/2000\/svg\"><path d=\"M173.898 439.404l-166.4-166.4c-9.997-9.997-9.997-26.206 0-36.204l36.203-36.204c9.997-9.998 26.207-9.998 36.204 0L192 312.69 432.095 72.596c9.997-9.997 26.207-9.997 36.204 0l36.203 36.204c9.997 9.997 9.997 26.206 0 36.204l-294.4 294.401c-9.998 9.997-26.207 9.997-36.204-.001z\"><\/path><\/svg>\t\t\t\t\t\t<\/span>\n\t\t\t\t\t\t\t\t\t\t<span class=\"elementor-icon-list-text\">Massages<\/span>\n\t\t\t\t\t\t\t\t\t\t\t<\/a>\n\t\t\t\t\t\t\t\t\t<\/li>\n\t\t\t\t\t\t\t\t<li class=\"elementor-icon-list-item\">\n\t\t\t\t\t\t\t\t\t\t\t<a href=\"https:\/\/vitapurastudio.ch\/fr\/traitements\/reflexologie\/\">\n\n\t\t\t\t\t\t\t\t\t\t\t\t<span class=\"elementor-icon-list-icon\">\n\t\t\t\t\t\t\t<svg aria-hidden=\"true\" class=\"e-font-icon-svg e-fas-check\" viewBox=\"0 0 512 512\" xmlns=\"http:\/\/www.w3.org\/2000\/svg\"><path d=\"M173.898 439.404l-166.4-166.4c-9.997-9.997-9.997-26.206 0-36.204l36.203-36.204c9.997-9.998 26.207-9.998 36.204 0L192 312.69 432.095 72.596c9.997-9.997 26.207-9.997 36.204 0l36.203 36.204c9.997 9.997 9.997 26.206 0 36.204l-294.4 294.401c-9.998 9.997-26.207 9.997-36.204-.001z\"><\/path><\/svg>\t\t\t\t\t\t<\/span>\n\t\t\t\t\t\t\t\t\t\t<span class=\"elementor-icon-list-text\">R\u00e9flexologie<\/span>\n\t\t\t\t\t\t\t\t\t\t\t<\/a>\n\t\t\t\t\t\t\t\t\t<\/li>\n\t\t\t\t\t\t\t\t<li class=\"elementor-icon-list-item\">\n\t\t\t\t\t\t\t\t\t\t\t<span class=\"elementor-icon-list-icon\">\n\t\t\t\t\t\t\t<svg aria-hidden=\"true\" class=\"e-font-icon-svg e-fas-check\" viewBox=\"0 0 512 512\" xmlns=\"http:\/\/www.w3.org\/2000\/svg\"><path d=\"M173.898 439.404l-166.4-166.4c-9.997-9.997-9.997-26.206 0-36.204l36.203-36.204c9.997-9.998 26.207-9.998 36.204 0L192 312.69 432.095 72.596c9.997-9.997 26.207-9.997 36.204 0l36.203 36.204c9.997 9.997 9.997 26.206 0 36.204l-294.4 294.401c-9.998 9.997-26.207 9.997-36.204-.001z\"><\/path><\/svg>\t\t\t\t\t\t<\/span>\n\t\t\t\t\t\t\t\t\t\t<span class=\"elementor-icon-list-text\">Cr\u00e2nio-sacr\u00e9<\/span>\n\t\t\t\t\t\t\t\t\t<\/li>\n\t\t\t\t\t\t\t\t<li class=\"elementor-icon-list-item\">\n\t\t\t\t\t\t\t\t\t\t\t<span class=\"elementor-icon-list-icon\">\n\t\t\t\t\t\t\t<svg aria-hidden=\"true\" class=\"e-font-icon-svg e-fas-check\" viewBox=\"0 0 512 512\" xmlns=\"http:\/\/www.w3.org\/2000\/svg\"><path d=\"M173.898 439.404l-166.4-166.4c-9.997-9.997-9.997-26.206 0-36.204l36.203-36.204c9.997-9.998 26.207-9.998 36.204 0L192 312.69 432.095 72.596c9.997-9.997 26.207-9.997 36.204 0l36.203 36.204c9.997 9.997 9.997 26.206 0 36.204l-294.4 294.401c-9.998 9.997-26.207 9.997-36.204-.001z\"><\/path><\/svg>\t\t\t\t\t\t<\/span>\n\t\t\t\t\t\t\t\t\t\t<span class=\"elementor-icon-list-text\">Reiki<\/span>\n\t\t\t\t\t\t\t\t\t<\/li>\n\t\t\t\t\t\t\t\t<li class=\"elementor-icon-list-item\">\n\t\t\t\t\t\t\t\t\t\t\t<span class=\"elementor-icon-list-icon\">\n\t\t\t\t\t\t\t<svg aria-hidden=\"true\" class=\"e-font-icon-svg e-fas-check\" viewBox=\"0 0 512 512\" xmlns=\"http:\/\/www.w3.org\/2000\/svg\"><path d=\"M173.898 439.404l-166.4-166.4c-9.997-9.997-9.997-26.206 0-36.204l36.203-36.204c9.997-9.998 26.207-9.998 36.204 0L192 312.69 432.095 72.596c9.997-9.997 26.207-9.997 36.204 0l36.203 36.204c9.997 9.997 9.997 26.206 0 36.204l-294.4 294.401c-9.998 9.997-26.207 9.997-36.204-.001z\"><\/path><\/svg>\t\t\t\t\t\t<\/span>\n\t\t\t\t\t\t\t\t\t\t<span class=\"elementor-icon-list-text\">Th\u00e9rapie de r\u00e9g\u00e9n\u00e9ration osseuse<\/span>\n\t\t\t\t\t\t\t\t\t<\/li>\n\t\t\t\t\t\t\t\t<li class=\"elementor-icon-list-item\">\n\t\t\t\t\t\t\t\t\t\t\t<span class=\"elementor-icon-list-icon\">\n\t\t\t\t\t\t\t<svg aria-hidden=\"true\" class=\"e-font-icon-svg e-fas-check\" viewBox=\"0 0 512 512\" xmlns=\"http:\/\/www.w3.org\/2000\/svg\"><path d=\"M173.898 439.404l-166.4-166.4c-9.997-9.997-9.997-26.206 0-36.204l36.203-36.204c9.997-9.998 26.207-9.998 36.204 0L192 312.69 432.095 72.596c9.997-9.997 26.207-9.997 36.204 0l36.203 36.204c9.997 9.997 9.997 26.206 0 36.204l-294.4 294.401c-9.998 9.997-26.207 9.997-36.204-.001z\"><\/path><\/svg>\t\t\t\t\t\t<\/span>\n\t\t\t\t\t\t\t\t\t\t<span class=\"elementor-icon-list-text\">Th\u00e9rapie Meridiana  <\/span>\n\t\t\t\t\t\t\t\t\t<\/li>\n\t\t\t\t\t\t\t\t<li class=\"elementor-icon-list-item\">\n\t\t\t\t\t\t\t\t\t\t\t<span class=\"elementor-icon-list-icon\">\n\t\t\t\t\t\t\t<svg aria-hidden=\"true\" class=\"e-font-icon-svg e-fas-check\" viewBox=\"0 0 512 512\" xmlns=\"http:\/\/www.w3.org\/2000\/svg\"><path d=\"M173.898 439.404l-166.4-166.4c-9.997-9.997-9.997-26.206 0-36.204l36.203-36.204c9.997-9.998 26.207-9.998 36.204 0L192 312.69 432.095 72.596c9.997-9.997 26.207-9.997 36.204 0l36.203 36.204c9.997 9.997 9.997 26.206 0 36.204l-294.4 294.401c-9.998 9.997-26.207 9.997-36.204-.001z\"><\/path><\/svg>\t\t\t\t\t\t<\/span>\n\t\t\t\t\t\t\t\t\t\t<span class=\"elementor-icon-list-text\">Th\u00e9rapie par le diapason<\/span>\n\t\t\t\t\t\t\t\t\t<\/li>\n\t\t\t\t\t\t\t\t<li class=\"elementor-icon-list-item\">\n\t\t\t\t\t\t\t\t\t\t\t<a href=\"https:\/\/vitapurastudio.ch\/fr\/traitements\/coach-spirituel-et-mental\/\">\n\n\t\t\t\t\t\t\t\t\t\t\t\t<span class=\"elementor-icon-list-icon\">\n\t\t\t\t\t\t\t<svg aria-hidden=\"true\" class=\"e-font-icon-svg e-fas-check\" viewBox=\"0 0 512 512\" xmlns=\"http:\/\/www.w3.org\/2000\/svg\"><path d=\"M173.898 439.404l-166.4-166.4c-9.997-9.997-9.997-26.206 0-36.204l36.203-36.204c9.997-9.998 26.207-9.998 36.204 0L192 312.69 432.095 72.596c9.997-9.997 26.207-9.997 36.204 0l36.203 36.204c9.997 9.997 9.997 26.206 0 36.204l-294.4 294.401c-9.998 9.997-26.207 9.997-36.204-.001z\"><\/path><\/svg>\t\t\t\t\t\t<\/span>\n\t\t\t\t\t\t\t\t\t\t<span class=\"elementor-icon-list-text\">Coach spirituel et mental<\/span>\n\t\t\t\t\t\t\t\t\t\t\t<\/a>\n\t\t\t\t\t\t\t\t\t<\/li>\n\t\t\t\t\t\t<\/ul>\n\t\t\t\t\t\t<\/div>\n\t\t\t\t<\/div>\n\t\t\t\t\t<\/div>\n\t\t<\/div>\n\t\t\t\t\t<\/div>\n\t\t<\/section>\n\t\t\t\t\t<\/div>\n\t\t<\/div>\n\t\t\t\t<div class=\"elementor-column elementor-col-66 elementor-top-column elementor-element elementor-element-dc23b04\" data-id=\"dc23b04\" data-element_type=\"column\" data-e-type=\"column\">\n\t\t\t<div class=\"elementor-widget-wrap elementor-element-populated\">\n\t\t\t\t\t\t<div class=\"elementor-element elementor-element-2fd3a3d elementor-widget elementor-widget-image\" data-id=\"2fd3a3d\" data-element_type=\"widget\" data-e-type=\"widget\" data-widget_type=\"image.default\">\n\t\t\t\t<div class=\"elementor-widget-container\">\n\t\t\t\t\t\t\t\t\t\t\t\t\t\t\t<img fetchpriority=\"high\" decoding=\"async\" width=\"800\" height=\"533\" src=\"https:\/\/vitapurastudio.ch\/wp-content\/uploads\/sites\/82\/2025\/03\/physical-therapy-asian-therapist-doctor-treat-perform-pain-young-man-in-hospital--1024x682.jpg\" class=\"attachment-large size-large wp-image-4613\" alt=\"\" srcset=\"https:\/\/vitapurastudio.ch\/wp-content\/uploads\/sites\/82\/2025\/03\/physical-therapy-asian-therapist-doctor-treat-perform-pain-young-man-in-hospital--1024x682.jpg 1024w, https:\/\/vitapurastudio.ch\/wp-content\/uploads\/sites\/82\/2025\/03\/physical-therapy-asian-therapist-doctor-treat-perform-pain-young-man-in-hospital--300x200.jpg 300w, https:\/\/vitapurastudio.ch\/wp-content\/uploads\/sites\/82\/2025\/03\/physical-therapy-asian-therapist-doctor-treat-perform-pain-young-man-in-hospital--768x512.jpg 768w, https:\/\/vitapurastudio.ch\/wp-content\/uploads\/sites\/82\/2025\/03\/physical-therapy-asian-therapist-doctor-treat-perform-pain-young-man-in-hospital--1536x1024.jpg 1536w, https:\/\/vitapurastudio.ch\/wp-content\/uploads\/sites\/82\/2025\/03\/physical-therapy-asian-therapist-doctor-treat-perform-pain-young-man-in-hospital--800x533.jpg 800w, https:\/\/vitapurastudio.ch\/wp-content\/uploads\/sites\/82\/2025\/03\/physical-therapy-asian-therapist-doctor-treat-perform-pain-young-man-in-hospital-.jpg 2000w\" sizes=\"(max-width: 800px) 100vw, 800px\" \/>\t\t\t\t\t\t\t\t\t\t\t\t\t\t\t<\/div>\n\t\t\t\t<\/div>\n\t\t\t\t<div class=\"elementor-element elementor-element-941d92c elementor-widget elementor-widget-heading\" data-id=\"941d92c\" data-element_type=\"widget\" data-e-type=\"widget\" data-widget_type=\"heading.default\">\n\t\t\t\t<div class=\"elementor-widget-container\">\n\t\t\t\t\t<h2 class=\"elementor-heading-title elementor-size-default\">Th\u00e9rapie de r\u00e9g\u00e9n\u00e9ration osseuse<\/h2>\t\t\t\t<\/div>\n\t\t\t\t<\/div>\n\t\t\t\t<div class=\"elementor-element elementor-element-0861316 elementor-widget elementor-widget-heading\" data-id=\"0861316\" data-element_type=\"widget\" data-e-type=\"widget\" data-widget_type=\"heading.default\">\n\t\t\t\t<div class=\"elementor-widget-container\">\n\t\t\t\t\t<h3 class=\"elementor-heading-title elementor-size-default\">Renouvelez votre structure osseuse et retrouvez le bien-\u00eatre<\/h3>\t\t\t\t<\/div>\n\t\t\t\t<\/div>\n\t\t\t\t<div class=\"elementor-element elementor-element-541f0b9 elementor-widget elementor-widget-text-editor\" data-id=\"541f0b9\" data-element_type=\"widget\" data-e-type=\"widget\" data-widget_type=\"text-editor.default\">\n\t\t\t\t<div class=\"elementor-widget-container\">\n\t\t\t\t\t\t\t\t\t<p data-start=\"103\" data-end=\"492\"><strong data-start=\"106\" data-end=\"145\">La th\u00e9rapie de r\u00e9g\u00e9n\u00e9ration osseuse<\/strong> est un traitement innovant qui aide \u00e0 stimuler les processus d&rsquo;<strong data-start=\"210\" data-end=\"259\">autor\u00e9paration des tissus osseux et musculaires<\/strong>, favorisant la r\u00e9cup\u00e9ration posturale et le soulagement des douleurs chroniques. Gr\u00e2ce \u00e0 des techniques sp\u00e9cifiques et \u00e0 une approche holistique, cette th\u00e9rapie vise \u00e0 am\u00e9liorer la mobilit\u00e9, \u00e0 renforcer le syst\u00e8me squelettique et \u00e0 r\u00e9duire les tensions profondes. <\/p><p data-start=\"494\" data-end=\"655\">A <strong data-start=\"496\" data-end=\"516\">Vita Pura Studio<\/strong>Avec cette th\u00e9rapie, nous aidons les personnes \u00e0 retrouver un bien-\u00eatre physique en am\u00e9liorant la stabilit\u00e9 et la r\u00e9sistance du corps.<\/p><hr data-start=\"657\" data-end=\"660\"><h3 data-start=\"662\" data-end=\"728\"><strong data-start=\"666\" data-end=\"726\">\ud83c\udf3f Comment fonctionne la th\u00e9rapie de r\u00e9g\u00e9n\u00e9ration osseuse ?<\/strong><\/h3><p data-start=\"729\" data-end=\"1009\">Le traitement est bas\u00e9 sur des <strong data-start=\"755\" data-end=\"828\">manipulations douces, des vibrations et des techniques de stimulation \u00e9nerg\u00e9tique<\/strong> afin d&rsquo;activer le processus naturel de r\u00e9g\u00e9n\u00e9ration osseuse. Cette pratique est particuli\u00e8rement utile pour les personnes souffrant de <strong data-start=\"944\" data-end=\"1006\">douleurs articulaires, de raideurs musculaires et de probl\u00e8mes posturaux.<\/strong> <\/p><p data-start=\"1011\" data-end=\"1155\">\ud83d\udd39 <strong data-start=\"1014\" data-end=\"1055\">Am\u00e9liore la densit\u00e9 et la sant\u00e9 des os<\/strong><br data-start=\"1055\" data-end=\"1058\">\ud83d\udd39 <strong data-start=\"1061\" data-end=\"1097\">R\u00e9duit les tensions et les douleurs chroniques<\/strong><br data-start=\"1097\" data-end=\"1100\">\ud83d\udd39 <strong data-start=\"1103\" data-end=\"1153\">Stimule le syst\u00e8me d&rsquo;autogu\u00e9rison de l&rsquo;organisme<\/strong><\/p><hr data-start=\"1157\" data-end=\"1160\"><h3 data-start=\"1162\" data-end=\"1225\"><strong data-start=\"1166\" data-end=\"1223\">\ud83d\udc86 Avantages de la th\u00e9rapie de r\u00e9g\u00e9n\u00e9ration osseuse<\/strong><\/h3><p data-start=\"1226\" data-end=\"1762\">\u2714 So <strong data-start=\"1228\" data-end=\"1273\">ulagement des douleurs articulaires et musculaires<\/strong> &#8211; Id\u00e9al pour les personnes souffrant de raideur et d&rsquo;inconfort chroniques.<br data-start=\"1328\" data-end=\"1331\">\u2714 <strong data-start=\"1333\" data-end=\"1381\">Am\u00e9lioration de la posture et de la mobilit\u00e9<\/strong> &#8211; Aide \u00e0 r\u00e9tablir l&rsquo;\u00e9quilibre structurel du corps.<br data-start=\"1439\" data-end=\"1442\">\u2714 <strong data-start=\"1444\" data-end=\"1491\">R\u00e9g\u00e9n\u00e9ration des tissus osseux et musculaires<\/strong> &#8211; Stimule les processus de r\u00e9paration cellulaire.<br data-start=\"1538\" data-end=\"1541\">\u2714 <strong data-start=\"1543\" data-end=\"1596\" data-is-only-node=\"\">Augmentation de l&rsquo;\u00e9lasticit\u00e9 et de l&rsquo;endurance physique<\/strong> &#8211; Renforce le corps en am\u00e9liorant le bien-\u00eatre g\u00e9n\u00e9ral.<br data-start=\"1651\" data-end=\"1654\">\u2714 <strong data-start=\"1656\" data-end=\"1709\">Soutien \u00e0 la r\u00e9cup\u00e9ration apr\u00e8s un traumatisme ou une intervention chirurgicale<\/strong> &#8211; Acc\u00e9l\u00e8re le temps de gu\u00e9rison de mani\u00e8re naturelle.<\/p><hr data-start=\"1764\" data-end=\"1767\"><h3 data-start=\"1769\" data-end=\"1832\"><strong data-start=\"1773\" data-end=\"1830\">\u2728 R\u00e9servez d\u00e8s maintenant votre s\u00e9ance de r\u00e9g\u00e9n\u00e9ration osseuse !<\/strong><\/h3><p data-start=\"1834\" data-end=\"1971\">Si vous souffrez de douleurs chroniques, de probl\u00e8mes posturaux ou si vous souhaitez am\u00e9liorer la sant\u00e9 de vos os et de vos muscles, cette th\u00e9rapie est faite pour vous.<\/p>\t\t\t\t\t\t\t\t<\/div>\n\t\t\t\t<\/div>\n\t\t\t\t\t<\/div>\n\t\t<\/div>\n\t\t\t\t\t<\/div>\n\t\t<\/section>\n\t\t\t\t<\/div>\n\t\t","protected":false},"excerpt":{"rendered":"<p>Comment puis-je vous aider ? D\u00e9couvrez un parcours de bien-\u00eatre sur mesure avec des traitements holistiques, des massages th\u00e9rapeutiques et des techniques \u00e9nerg\u00e9tiques avanc\u00e9es. D\u00e9barrassez-vous du stress, rel\u00e2chez les tensions et red\u00e9couvrez votre harmonie int\u00e9rieure avec le soutien d&rsquo;un th\u00e9rapeute exp\u00e9riment\u00e9. R\u00c9SERVEZ VOTRE TRAITEMENT Tous les traitements Massaggi Riflessologia plantare Craniosacrale Reiki Terapia rigenerazione delle [&hellip;]<\/p>\n","protected":false},"author":2,"featured_media":0,"parent":10751,"menu_order":0,"comment_status":"closed","ping_status":"closed","template":"","meta":{"_seopress_robots_primary_cat":"","_seopress_titles_title":"Th\u00e9rapie de r\u00e9g\u00e9n\u00e9ration osseuse | Bien-\u00eatre et r\u00e9tablissement - Vita Pura Studio","_seopress_titles_desc":"Stimulez la r\u00e9g\u00e9n\u00e9ration osseuse gr\u00e2ce \u00e0 un traitement sur Vita Pura Studio \u00e0 Solduno. Soulagement des douleurs articulaires et r\u00e9cup\u00e9ration posturale. R\u00e9servez votre traitement d\u00e8s maintenant !  ","_seopress_robots_index":"","footnotes":""},"class_list":["post-10699","page","type-page","status-publish","hentry"],"_links":{"self":[{"href":"https:\/\/vitapurastudio.ch\/fr\/wp-json\/wp\/v2\/pages\/10699","targetHints":{"allow":["GET"]}}],"collection":[{"href":"https:\/\/vitapurastudio.ch\/fr\/wp-json\/wp\/v2\/pages"}],"about":[{"href":"https:\/\/vitapurastudio.ch\/fr\/wp-json\/wp\/v2\/types\/page"}],"author":[{"embeddable":true,"href":"https:\/\/vitapurastudio.ch\/fr\/wp-json\/wp\/v2\/users\/2"}],"replies":[{"embeddable":true,"href":"https:\/\/vitapurastudio.ch\/fr\/wp-json\/wp\/v2\/comments?post=10699"}],"version-history":[{"count":0,"href":"https:\/\/vitapurastudio.ch\/fr\/wp-json\/wp\/v2\/pages\/10699\/revisions"}],"up":[{"embeddable":true,"href":"https:\/\/vitapurastudio.ch\/fr\/wp-json\/wp\/v2\/pages\/10751"}],"wp:attachment":[{"href":"https:\/\/vitapurastudio.ch\/fr\/wp-json\/wp\/v2\/media?parent=10699"}],"curies":[{"name":"wp","href":"https:\/\/api.w.org\/{rel}","templated":true}]}}