{"id":10778,"date":"2025-03-03T15:20:57","date_gmt":"2025-03-03T14:20:57","guid":{"rendered":"https:\/\/vitapurastudio.ch\/haeufig-gestellte-fragen-faq\/"},"modified":"2025-03-07T12:59:03","modified_gmt":"2025-03-07T11:59:03","slug":"haeufig-gestellte-fragen-faq","status":"publish","type":"page","link":"https:\/\/vitapurastudio.ch\/de\/haeufig-gestellte-fragen-faq\/","title":{"rendered":"H\u00e4ufig gestellte Fragen (FAQ)"},"content":{"rendered":"\t\t<div data-elementor-type=\"wp-page\" data-elementor-id=\"10778\" class=\"elementor elementor-10778 elementor-84\" data-elementor-post-type=\"page\">\n\t\t\t\t\t\t<section class=\"elementor-section elementor-top-section elementor-element elementor-element-933f75e elementor-section-content-middle elementor-section-boxed elementor-section-height-default elementor-section-height-default\" data-id=\"933f75e\" data-element_type=\"section\" data-e-type=\"section\">\n\t\t\t\t\t\t\t<div class=\"elementor-background-overlay\"><\/div>\n\t\t\t\t\t\t\t<div class=\"elementor-container elementor-column-gap-default\">\n\t\t\t\t\t<div class=\"elementor-column elementor-col-100 elementor-top-column elementor-element elementor-element-699af10\" data-id=\"699af10\" data-element_type=\"column\" data-e-type=\"column\">\n\t\t\t<div class=\"elementor-widget-wrap elementor-element-populated\">\n\t\t\t\t\t\t<div class=\"elementor-element elementor-element-2b3ef0c elementor-widget elementor-widget-text-editor\" data-id=\"2b3ef0c\" data-element_type=\"widget\" data-e-type=\"widget\" data-widget_type=\"text-editor.default\">\n\t\t\t\t<div class=\"elementor-widget-container\">\n\t\t\t\t\t\t\t\t\t<div><pre><nav  aria-label=\"Brotkrumen\"><ol class=\"breadcrumb\"><li class=\"breadcrumb-item active\" aria-current=\"page\"><span>Home<\/span><\/li><\/ol><\/nav><\/pre><\/div>\t\t\t\t\t\t\t\t<\/div>\n\t\t\t\t<\/div>\n\t\t\t\t\t<\/div>\n\t\t<\/div>\n\t\t\t\t\t<\/div>\n\t\t<\/section>\n\t\t\t\t<section class=\"elementor-section elementor-top-section elementor-element elementor-element-724ab242 elementor-section-boxed elementor-section-height-default elementor-section-height-default\" data-id=\"724ab242\" data-element_type=\"section\" data-e-type=\"section\">\n\t\t\t\t\t\t<div class=\"elementor-container elementor-column-gap-default\">\n\t\t\t\t\t<div class=\"elementor-column elementor-col-50 elementor-top-column elementor-element elementor-element-74090187\" data-id=\"74090187\" data-element_type=\"column\" data-e-type=\"column\">\n\t\t\t<div class=\"elementor-widget-wrap elementor-element-populated\">\n\t\t\t\t\t\t<div class=\"elementor-element elementor-element-782f39f4 elementor-widget elementor-widget-heading\" data-id=\"782f39f4\" data-element_type=\"widget\" data-e-type=\"widget\" data-widget_type=\"heading.default\">\n\t\t\t\t<div class=\"elementor-widget-container\">\n\t\t\t\t\t<h2 class=\"elementor-heading-title elementor-size-default\">H\u00e4ufig gestellte Fragen - Vita Pura Studio<\/h2>\t\t\t\t<\/div>\n\t\t\t\t<\/div>\n\t\t\t\t<div class=\"elementor-element elementor-element-ce6c77c elementor-widget elementor-widget-text-editor\" data-id=\"ce6c77c\" data-element_type=\"widget\" data-e-type=\"widget\" data-widget_type=\"text-editor.default\">\n\t\t\t\t<div class=\"elementor-widget-container\">\n\t\t\t\t\t\t\t\t\t<p>Willkommen im <strong data-start=\"72\" data-end=\"79\">FAQ-Bereich<\/strong> von <strong data-start=\"83\" data-end=\"103\">Vita Pura Studio<\/strong>! Hier finden Sie Antworten auf die h\u00e4ufigsten Fragen zu unseren ganzheitlichen Behandlungen, zu Buchungsm\u00f6glichkeiten und Zertifizierungen. Wenn Sie die gesuchte Antwort nicht finden, <strong data-start=\"279\" data-end=\"293\">kontaktieren Sie uns<\/strong> bitte und wir werden Ihnen gerne weiterhelfen. <\/p>\t\t\t\t\t\t\t\t<\/div>\n\t\t\t\t<\/div>\n\t\t\t\t<div class=\"elementor-element elementor-element-5f074b63 elementor-widget elementor-widget-toggle\" data-id=\"5f074b63\" data-element_type=\"widget\" data-e-type=\"widget\" data-widget_type=\"toggle.default\">\n\t\t\t\t<div class=\"elementor-widget-container\">\n\t\t\t\t\t\t\t<div class=\"elementor-toggle\">\n\t\t\t\t\t\t\t<div class=\"elementor-toggle-item\">\n\t\t\t\t\t<h5 id=\"elementor-tab-title-1591\" class=\"elementor-tab-title\" data-tab=\"1\" role=\"button\" aria-controls=\"elementor-tab-content-1591\" aria-expanded=\"false\">\n\t\t\t\t\t\t\t\t\t\t\t\t<span class=\"elementor-toggle-icon elementor-toggle-icon-left\" aria-hidden=\"true\">\n\t\t\t\t\t\t\t\t\t\t\t\t\t\t\t<span class=\"elementor-toggle-icon-closed\"><svg class=\"e-font-icon-svg e-fas-chevron-circle-down\" viewBox=\"0 0 512 512\" xmlns=\"http:\/\/www.w3.org\/2000\/svg\"><path d=\"M504 256c0 137-111 248-248 248S8 393 8 256 119 8 256 8s248 111 248 248zM273 369.9l135.5-135.5c9.4-9.4 9.4-24.6 0-33.9l-17-17c-9.4-9.4-24.6-9.4-33.9 0L256 285.1 154.4 183.5c-9.4-9.4-24.6-9.4-33.9 0l-17 17c-9.4 9.4-9.4 24.6 0 33.9L239 369.9c9.4 9.4 24.6 9.4 34 0z\"><\/path><\/svg><\/span>\n\t\t\t\t\t\t\t\t<span class=\"elementor-toggle-icon-opened\"><svg class=\"elementor-toggle-icon-opened e-font-icon-svg e-fas-chevron-circle-up\" viewBox=\"0 0 512 512\" xmlns=\"http:\/\/www.w3.org\/2000\/svg\"><path d=\"M8 256C8 119 119 8 256 8s248 111 248 248-111 248-248 248S8 393 8 256zm231-113.9L103.5 277.6c-9.4 9.4-9.4 24.6 0 33.9l17 17c9.4 9.4 24.6 9.4 33.9 0L256 226.9l101.6 101.6c9.4 9.4 24.6 9.4 33.9 0l17-17c9.4-9.4 9.4-24.6 0-33.9L273 142.1c-9.4-9.4-24.6-9.4-34 0z\"><\/path><\/svg><\/span>\n\t\t\t\t\t\t\t\t\t\t\t\t\t<\/span>\n\t\t\t\t\t\t\t\t\t\t\t\t<a class=\"elementor-toggle-title\" tabindex=\"0\">Welche Behandlungen bietet Vita Pura Studio an?<\/a>\n\t\t\t\t\t<\/h5>\n\n\t\t\t\t\t<div id=\"elementor-tab-content-1591\" class=\"elementor-tab-content elementor-clearfix\" data-tab=\"1\" role=\"region\" aria-labelledby=\"elementor-tab-title-1591\"><p data-start=\"385\" data-end=\"836\">Wir bieten eine breite Palette von Behandlungen f\u00fcr k\u00f6rperliches, energetisches und geistiges Wohlbefinden an, darunter:<br data-start=\"480\" data-end=\"483\">\u2714 <strong data-start=\"485\" data-end=\"509\">Therapeutische Massagen<\/strong> (klassisch, sportlich, entkrampfend, lymphatisch, ayurvedisch, bioenergetisch) <br data-start=\"586\" data-end=\"589\">\u2714 <strong data-start=\"591\" data-end=\"617\">Fu\u00dfreflexzonenmassage<\/strong><br data-start=\"617\" data-end=\"620\">\u2714 <strong data-start=\"622\" data-end=\"657\">Reiki und Energieausgleich<\/strong><br data-start=\"657\" data-end=\"660\">\u2714 <strong data-start=\"662\" data-end=\"687\">Craniosacrale Therapie<\/strong><br data-start=\"687\" data-end=\"690\">\u2714 <strong data-start=\"692\" data-end=\"726\">Frequenztherapie mit Diapason<\/strong><br data-start=\"726\" data-end=\"729\">\u2714 <strong data-start=\"731\" data-end=\"752\">Meridiantherapie<\/strong><br data-start=\"752\" data-end=\"755\">\u2714 <strong data-start=\"757\" data-end=\"796\">Knochenregenerationstherapie<\/strong><br data-start=\"796\" data-end=\"799\">\u2714        <strong data-start=\"801\" data-end=\"834\">Spirituelles und mentales Coaching<\/strong><\/p>\n<p data-start=\"838\" data-end=\"914\">Alle Behandlungen werden individuell auf die Bed\u00fcrfnisse des Kunden abgestimmt.<\/p>\n<\/div>\n\t\t\t\t<\/div>\n\t\t\t\t\t\t\t<div class=\"elementor-toggle-item\">\n\t\t\t\t\t<h5 id=\"elementor-tab-title-1592\" class=\"elementor-tab-title\" data-tab=\"2\" role=\"button\" aria-controls=\"elementor-tab-content-1592\" aria-expanded=\"false\">\n\t\t\t\t\t\t\t\t\t\t\t\t<span class=\"elementor-toggle-icon elementor-toggle-icon-left\" aria-hidden=\"true\">\n\t\t\t\t\t\t\t\t\t\t\t\t\t\t\t<span class=\"elementor-toggle-icon-closed\"><svg class=\"e-font-icon-svg e-fas-chevron-circle-down\" viewBox=\"0 0 512 512\" xmlns=\"http:\/\/www.w3.org\/2000\/svg\"><path d=\"M504 256c0 137-111 248-248 248S8 393 8 256 119 8 256 8s248 111 248 248zM273 369.9l135.5-135.5c9.4-9.4 9.4-24.6 0-33.9l-17-17c-9.4-9.4-24.6-9.4-33.9 0L256 285.1 154.4 183.5c-9.4-9.4-24.6-9.4-33.9 0l-17 17c-9.4 9.4-9.4 24.6 0 33.9L239 369.9c9.4 9.4 24.6 9.4 34 0z\"><\/path><\/svg><\/span>\n\t\t\t\t\t\t\t\t<span class=\"elementor-toggle-icon-opened\"><svg class=\"elementor-toggle-icon-opened e-font-icon-svg e-fas-chevron-circle-up\" viewBox=\"0 0 512 512\" xmlns=\"http:\/\/www.w3.org\/2000\/svg\"><path d=\"M8 256C8 119 119 8 256 8s248 111 248 248-111 248-248 248S8 393 8 256zm231-113.9L103.5 277.6c-9.4 9.4-9.4 24.6 0 33.9l17 17c9.4 9.4 24.6 9.4 33.9 0L256 226.9l101.6 101.6c9.4 9.4 24.6 9.4 33.9 0l17-17c9.4-9.4 9.4-24.6 0-33.9L273 142.1c-9.4-9.4-24.6-9.4-34 0z\"><\/path><\/svg><\/span>\n\t\t\t\t\t\t\t\t\t\t\t\t\t<\/span>\n\t\t\t\t\t\t\t\t\t\t\t\t<a class=\"elementor-toggle-title\" tabindex=\"0\">  Sind die Behandlungen von den Krankenkassen anerkannt?<\/a>\n\t\t\t\t\t<\/h5>\n\n\t\t\t\t\t<div id=\"elementor-tab-content-1592\" class=\"elementor-tab-content elementor-clearfix\" data-tab=\"2\" role=\"region\" aria-labelledby=\"elementor-tab-title-1592\"><p data-start=\"985\" data-end=\"1257\">Ja! <strong data-start=\"989\" data-end=\"1030\">Vita Pura Studio ist RME.ch-zertifiziert<\/strong>, was bedeutet, dass viele unserer Behandlungen von den <strong data-start=\"1103\" data-end=\"1133\">Zusatzversicherungen<\/strong> in der Schweiz anerkannt werden. Wir empfehlen Ihnen, sich direkt bei Ihrer Versicherung zu erkundigen, ob die von Ihnen gew\u00fcnschte Behandlung gedeckt ist. <\/p>\n<\/div>\n\t\t\t\t<\/div>\n\t\t\t\t\t\t\t<div class=\"elementor-toggle-item\">\n\t\t\t\t\t<h5 id=\"elementor-tab-title-1593\" class=\"elementor-tab-title\" data-tab=\"3\" role=\"button\" aria-controls=\"elementor-tab-content-1593\" aria-expanded=\"false\">\n\t\t\t\t\t\t\t\t\t\t\t\t<span class=\"elementor-toggle-icon elementor-toggle-icon-left\" aria-hidden=\"true\">\n\t\t\t\t\t\t\t\t\t\t\t\t\t\t\t<span class=\"elementor-toggle-icon-closed\"><svg class=\"e-font-icon-svg e-fas-chevron-circle-down\" viewBox=\"0 0 512 512\" xmlns=\"http:\/\/www.w3.org\/2000\/svg\"><path d=\"M504 256c0 137-111 248-248 248S8 393 8 256 119 8 256 8s248 111 248 248zM273 369.9l135.5-135.5c9.4-9.4 9.4-24.6 0-33.9l-17-17c-9.4-9.4-24.6-9.4-33.9 0L256 285.1 154.4 183.5c-9.4-9.4-24.6-9.4-33.9 0l-17 17c-9.4 9.4-9.4 24.6 0 33.9L239 369.9c9.4 9.4 24.6 9.4 34 0z\"><\/path><\/svg><\/span>\n\t\t\t\t\t\t\t\t<span class=\"elementor-toggle-icon-opened\"><svg class=\"elementor-toggle-icon-opened e-font-icon-svg e-fas-chevron-circle-up\" viewBox=\"0 0 512 512\" xmlns=\"http:\/\/www.w3.org\/2000\/svg\"><path d=\"M8 256C8 119 119 8 256 8s248 111 248 248-111 248-248 248S8 393 8 256zm231-113.9L103.5 277.6c-9.4 9.4-9.4 24.6 0 33.9l17 17c9.4 9.4 24.6 9.4 33.9 0L256 226.9l101.6 101.6c9.4 9.4 24.6 9.4 33.9 0l17-17c9.4-9.4 9.4-24.6 0-33.9L273 142.1c-9.4-9.4-24.6-9.4-34 0z\"><\/path><\/svg><\/span>\n\t\t\t\t\t\t\t\t\t\t\t\t\t<\/span>\n\t\t\t\t\t\t\t\t\t\t\t\t<a class=\"elementor-toggle-title\" tabindex=\"0\">Wie kann ich eine Behandlung buchen?<\/a>\n\t\t\t\t\t<\/h5>\n\n\t\t\t\t\t<div id=\"elementor-tab-content-1593\" class=\"elementor-tab-content elementor-clearfix\" data-tab=\"3\" role=\"region\" aria-labelledby=\"elementor-tab-title-1593\"><p data-start=\"1313\" data-end=\"1575\">Sie k\u00f6nnen Ihren Termin auf verschiedene Weise buchen:<br data-start=\"1364\" data-end=\"1367\">\ud83d\udcc5 <strong data-start=\"1370\" data-end=\"1380\">Online<\/strong>: Durch Ausf\u00fcllen des Buchungsformulars auf unserer Website.<br data-start=\"1439\" data-end=\"1442\">\ud83d\udce7 <strong data-start=\"1445\" data-end=\"1454\">Per E-Mail<\/strong>: Schreiben Sie uns an <strong data-start=\"1467\" data-end=\"1493\"><a rel=\"noopener\" data-start=\"1469\" data-end=\"1491\">info@vitapurastudio.ch<\/a><\/strong><br data-start=\"1493\" data-end=\"1496\">\ud83d\udcde <strong data-start=\"1499\" data-end=\"1520\">Telefon\/WhatsApp<\/strong>: Rufen Sie an oder senden Sie eine Nachricht an <strong data-start=\"1553\" data-end=\"1573\">+41 79 661 55 18<\/strong><\/p>\n<p data-start=\"1577\" data-end=\"1683\">Wir empfehlen, im Voraus zu buchen, um die Verf\u00fcgbarkeit am gew\u00fcnschten Tag und zur gew\u00fcnschten Uhrzeit sicherzustellen.<\/p>\n<\/div>\n\t\t\t\t<\/div>\n\t\t\t\t\t\t\t<div class=\"elementor-toggle-item\">\n\t\t\t\t\t<h5 id=\"elementor-tab-title-1594\" class=\"elementor-tab-title\" data-tab=\"4\" role=\"button\" aria-controls=\"elementor-tab-content-1594\" aria-expanded=\"false\">\n\t\t\t\t\t\t\t\t\t\t\t\t<span class=\"elementor-toggle-icon elementor-toggle-icon-left\" aria-hidden=\"true\">\n\t\t\t\t\t\t\t\t\t\t\t\t\t\t\t<span class=\"elementor-toggle-icon-closed\"><svg class=\"e-font-icon-svg e-fas-chevron-circle-down\" viewBox=\"0 0 512 512\" xmlns=\"http:\/\/www.w3.org\/2000\/svg\"><path d=\"M504 256c0 137-111 248-248 248S8 393 8 256 119 8 256 8s248 111 248 248zM273 369.9l135.5-135.5c9.4-9.4 9.4-24.6 0-33.9l-17-17c-9.4-9.4-24.6-9.4-33.9 0L256 285.1 154.4 183.5c-9.4-9.4-24.6-9.4-33.9 0l-17 17c-9.4 9.4-9.4 24.6 0 33.9L239 369.9c9.4 9.4 24.6 9.4 34 0z\"><\/path><\/svg><\/span>\n\t\t\t\t\t\t\t\t<span class=\"elementor-toggle-icon-opened\"><svg class=\"elementor-toggle-icon-opened e-font-icon-svg e-fas-chevron-circle-up\" viewBox=\"0 0 512 512\" xmlns=\"http:\/\/www.w3.org\/2000\/svg\"><path d=\"M8 256C8 119 119 8 256 8s248 111 248 248-111 248-248 248S8 393 8 256zm231-113.9L103.5 277.6c-9.4 9.4-9.4 24.6 0 33.9l17 17c9.4 9.4 24.6 9.4 33.9 0L256 226.9l101.6 101.6c9.4 9.4 24.6 9.4 33.9 0l17-17c9.4-9.4 9.4-24.6 0-33.9L273 142.1c-9.4-9.4-24.6-9.4-34 0z\"><\/path><\/svg><\/span>\n\t\t\t\t\t\t\t\t\t\t\t\t\t<\/span>\n\t\t\t\t\t\t\t\t\t\t\t\t<a class=\"elementor-toggle-title\" tabindex=\"0\">Sind die Behandlungen f\u00fcr jeden geeignet?<\/a>\n\t\t\t\t\t<\/h5>\n\n\t\t\t\t\t<div id=\"elementor-tab-content-1594\" class=\"elementor-tab-content elementor-clearfix\" data-tab=\"4\" role=\"region\" aria-labelledby=\"elementor-tab-title-1594\"><p data-start=\"2319\" data-end=\"2578\">Ja, die Behandlungen sind f\u00fcr <strong data-start=\"2351\" data-end=\"2378\">Menschen jeden Alters<\/strong> geeignet. Wenn Sie jedoch besondere gesundheitliche Probleme haben (Schwangerschaft, Herz-Kreislauf-Probleme, k\u00fcrzliche Operationen usw.), empfehlen wir Ihnen, vor der Behandlung Ihren Arzt zu konsultieren. <\/p>\n<\/div>\n\t\t\t\t<\/div>\n\t\t\t\t\t\t\t\t\t\t<script type=\"application\/ld+json\">{\"@context\":\"https:\\\/\\\/schema.org\",\"@type\":\"FAQPage\",\"mainEntity\":[{\"@type\":\"Question\",\"name\":\"Welche Behandlungen bietet Vita Pura Studio an?\",\"acceptedAnswer\":{\"@type\":\"Answer\",\"text\":\"<p data-start=\\\"385\\\" data-end=\\\"836\\\">Wir bieten eine breite Palette von Behandlungen f\\u00fcr k\\u00f6rperliches, energetisches und geistiges Wohlbefinden an, darunter:<br data-start=\\\"480\\\" data-end=\\\"483\\\">\\u2714 <strong data-start=\\\"485\\\" data-end=\\\"509\\\">Therapeutische Massagen<\\\/strong> (klassisch, sportlich, entkrampfend, lymphatisch, ayurvedisch, bioenergetisch) <br data-start=\\\"586\\\" data-end=\\\"589\\\">\\u2714 <strong data-start=\\\"591\\\" data-end=\\\"617\\\">Fu\\u00dfreflexzonenmassage<\\\/strong><br data-start=\\\"617\\\" data-end=\\\"620\\\">\\u2714 <strong data-start=\\\"622\\\" data-end=\\\"657\\\">Reiki und Energieausgleich<\\\/strong><br data-start=\\\"657\\\" data-end=\\\"660\\\">\\u2714 <strong data-start=\\\"662\\\" data-end=\\\"687\\\">Craniosacrale Therapie<\\\/strong><br data-start=\\\"687\\\" data-end=\\\"690\\\">\\u2714 <strong data-start=\\\"692\\\" data-end=\\\"726\\\">Frequenztherapie mit Diapason<\\\/strong><br data-start=\\\"726\\\" data-end=\\\"729\\\">\\u2714 <strong data-start=\\\"731\\\" data-end=\\\"752\\\">Meridiantherapie<\\\/strong><br data-start=\\\"752\\\" data-end=\\\"755\\\">\\u2714 <strong data-start=\\\"757\\\" data-end=\\\"796\\\">Knochenregenerationstherapie<\\\/strong><br data-start=\\\"796\\\" data-end=\\\"799\\\">\\u2714        <strong data-start=\\\"801\\\" data-end=\\\"834\\\">Spirituelles und mentales Coaching<\\\/strong><\\\/p>\\n<p data-start=\\\"838\\\" data-end=\\\"914\\\">Alle Behandlungen werden individuell auf die Bed\\u00fcrfnisse des Kunden abgestimmt.<\\\/p>\\n\"}},{\"@type\":\"Question\",\"name\":\"Sind die Behandlungen von den Krankenkassen anerkannt?\",\"acceptedAnswer\":{\"@type\":\"Answer\",\"text\":\"<p data-start=\\\"985\\\" data-end=\\\"1257\\\">Ja! <strong data-start=\\\"989\\\" data-end=\\\"1030\\\">Vita Pura Studio ist RME.ch-zertifiziert<\\\/strong>, was bedeutet, dass viele unserer Behandlungen von den <strong data-start=\\\"1103\\\" data-end=\\\"1133\\\">Zusatzversicherungen<\\\/strong> in der Schweiz anerkannt werden. Wir empfehlen Ihnen, sich direkt bei Ihrer Versicherung zu erkundigen, ob die von Ihnen gew\\u00fcnschte Behandlung gedeckt ist. <\\\/p>\\n\"}},{\"@type\":\"Question\",\"name\":\"Wie kann ich eine Behandlung buchen?\",\"acceptedAnswer\":{\"@type\":\"Answer\",\"text\":\"<p data-start=\\\"1313\\\" data-end=\\\"1575\\\">Sie k\\u00f6nnen Ihren Termin auf verschiedene Weise buchen:<br data-start=\\\"1364\\\" data-end=\\\"1367\\\">\\ud83d\\udcc5 <strong data-start=\\\"1370\\\" data-end=\\\"1380\\\">Online<\\\/strong>: Durch Ausf\\u00fcllen des Buchungsformulars auf unserer Website.<br data-start=\\\"1439\\\" data-end=\\\"1442\\\">\\ud83d\\udce7 <strong data-start=\\\"1445\\\" data-end=\\\"1454\\\">Per E-Mail<\\\/strong>: Schreiben Sie uns an <strong data-start=\\\"1467\\\" data-end=\\\"1493\\\"><a rel=\\\"noopener\\\" data-start=\\\"1469\\\" data-end=\\\"1491\\\">info@vitapurastudio.ch<\\\/a><\\\/strong><br data-start=\\\"1493\\\" data-end=\\\"1496\\\">\\ud83d\\udcde <strong data-start=\\\"1499\\\" data-end=\\\"1520\\\">Telefon\\\/WhatsApp<\\\/strong>: Rufen Sie an oder senden Sie eine Nachricht an <strong data-start=\\\"1553\\\" data-end=\\\"1573\\\">+41 79 661 55 18<\\\/strong><\\\/p>\\n<p data-start=\\\"1577\\\" data-end=\\\"1683\\\">Wir empfehlen, im Voraus zu buchen, um die Verf\\u00fcgbarkeit am gew\\u00fcnschten Tag und zur gew\\u00fcnschten Uhrzeit sicherzustellen.<\\\/p>\\n\"}},{\"@type\":\"Question\",\"name\":\"Sind die Behandlungen f\\u00fcr jeden geeignet?\",\"acceptedAnswer\":{\"@type\":\"Answer\",\"text\":\"<p data-start=\\\"2319\\\" data-end=\\\"2578\\\">Ja, die Behandlungen sind f\\u00fcr <strong data-start=\\\"2351\\\" data-end=\\\"2378\\\">Menschen jeden Alters<\\\/strong> geeignet. Wenn Sie jedoch besondere gesundheitliche Probleme haben (Schwangerschaft, Herz-Kreislauf-Probleme, k\\u00fcrzliche Operationen usw.), empfehlen wir Ihnen, vor der Behandlung Ihren Arzt zu konsultieren. <\\\/p>\\n\"}}]}<\/script>\n\t\t\t\t\t<\/div>\n\t\t\t\t\t\t<\/div>\n\t\t\t\t<\/div>\n\t\t\t\t\t<\/div>\n\t\t<\/div>\n\t\t\t\t<div class=\"elementor-column elementor-col-50 elementor-top-column elementor-element elementor-element-509380e9\" data-id=\"509380e9\" data-element_type=\"column\" data-e-type=\"column\">\n\t\t\t<div class=\"elementor-widget-wrap elementor-element-populated\">\n\t\t\t\t\t\t<div class=\"elementor-element elementor-element-4294f6db elementor-widget elementor-widget-heading\" data-id=\"4294f6db\" data-element_type=\"widget\" data-e-type=\"widget\" data-widget_type=\"heading.default\">\n\t\t\t\t<div class=\"elementor-widget-container\">\n\t\t\t\t\t<h5 class=\"elementor-heading-title elementor-size-default\">Kontaktieren Sie mich f\u00fcr weitere Fragen<\/h5>\t\t\t\t<\/div>\n\t\t\t\t<\/div>\n\t\t\t\t<div class=\"elementor-element elementor-element-1b9d727 elementor-button-align-stretch elementor-widget elementor-widget-form\" data-id=\"1b9d727\" data-element_type=\"widget\" data-e-type=\"widget\" data-settings=\"{&quot;step_next_label&quot;:&quot;Weiter&quot;,&quot;step_previous_label&quot;:&quot;Vorherige&quot;,&quot;button_width&quot;:&quot;100&quot;,&quot;step_type&quot;:&quot;number_text&quot;,&quot;step_icon_shape&quot;:&quot;circle&quot;}\" data-widget_type=\"form.default\">\n\t\t\t\t<div class=\"elementor-widget-container\">\n\t\t\t\t\t\t\t<form class=\"elementor-form\" method=\"post\" name=\"Neues Modul\" aria-label=\"Neues Modul\">\n\t\t\t<input type=\"hidden\" name=\"post_id\" value=\"10778\"\/>\n\t\t\t<input type=\"hidden\" name=\"form_id\" value=\"1b9d727\"\/>\n\t\t\t<input type=\"hidden\" name=\"referer_title\" value=\"H\u00e4ufig gestellte Fragen (FAQ)\" \/>\n\n\t\t\t\t\t\t\t<input type=\"hidden\" name=\"queried_id\" value=\"10778\"\/>\n\t\t\t\n\t\t\t<div class=\"elementor-form-fields-wrapper elementor-labels-above\">\n\t\t\t\t\t\t\t\t<div class=\"elementor-field-type-text elementor-field-group elementor-column elementor-field-group-name elementor-col-100\">\n\t\t\t\t\t\t\t\t\t\t\t\t<label for=\"form-field-name\" class=\"elementor-field-label\">\n\t\t\t\t\t\t\t\tName\t\t\t\t\t\t\t<\/label>\n\t\t\t\t\t\t\t\t\t\t\t\t\t\t<input size=\"1\" type=\"text\" name=\"form_fields[name]\" id=\"form-field-name\" class=\"elementor-field elementor-size-sm  elementor-field-textual\" placeholder=\"Name\">\n\t\t\t\t\t\t\t\t\t\t\t<\/div>\n\t\t\t\t\t\t\t\t<div class=\"elementor-field-type-email elementor-field-group elementor-column elementor-field-group-email elementor-col-100 elementor-field-required\">\n\t\t\t\t\t\t\t\t\t\t\t\t<label for=\"form-field-email\" class=\"elementor-field-label\">\n\t\t\t\t\t\t\t\tE-Mail\t\t\t\t\t\t\t<\/label>\n\t\t\t\t\t\t\t\t\t\t\t\t\t\t<input size=\"1\" type=\"email\" name=\"form_fields[email]\" id=\"form-field-email\" class=\"elementor-field elementor-size-sm  elementor-field-textual\" placeholder=\"E-Mail\" required=\"required\">\n\t\t\t\t\t\t\t\t\t\t\t<\/div>\n\t\t\t\t\t\t\t\t<div class=\"elementor-field-type-textarea elementor-field-group elementor-column elementor-field-group-message elementor-col-100\">\n\t\t\t\t\t\t\t\t\t\t\t\t<label for=\"form-field-message\" class=\"elementor-field-label\">\n\t\t\t\t\t\t\t\tNachricht\t\t\t\t\t\t\t<\/label>\n\t\t\t\t\t\t<textarea class=\"elementor-field-textual elementor-field  elementor-size-sm\" name=\"form_fields[message]\" id=\"form-field-message\" rows=\"4\" placeholder=\"Nachricht\"><\/textarea>\t\t\t\t<\/div>\n\t\t\t\t\t\t\t\t<div class=\"elementor-field-type-recaptcha_v3 elementor-field-group elementor-column elementor-field-group-field_b59fd1e elementor-col-100 recaptcha_v3-bottomright\">\n\t\t\t\t\t<div class=\"elementor-field\" id=\"form-field-field_b59fd1e\"><div class=\"elementor-g-recaptcha\" data-sitekey=\"6LeubesqAAAAAMwnCUuREwUlXr1n5kd6S3YcD5P4\" data-type=\"v3\" data-action=\"Form\" data-badge=\"bottomright\" data-size=\"invisible\"><\/div><\/div>\t\t\t\t<\/div>\n\t\t\t\t\t\t\t\t<div class=\"elementor-field-group elementor-column elementor-field-type-submit elementor-col-100 e-form__buttons\">\n\t\t\t\t\t<button class=\"elementor-button elementor-size-sm\" type=\"submit\">\n\t\t\t\t\t\t<span class=\"elementor-button-content-wrapper\">\n\t\t\t\t\t\t\t\t\t\t\t\t\t\t\t\t\t\t\t\t\t\t<span class=\"elementor-button-text\">Senden Sie<\/span>\n\t\t\t\t\t\t\t\t\t\t\t\t\t<\/span>\n\t\t\t\t\t<\/button>\n\t\t\t\t<\/div>\n\t\t\t<\/div>\n\t\t<\/form>\n\t\t\t\t\t\t<\/div>\n\t\t\t\t<\/div>\n\t\t\t\t\t<\/div>\n\t\t<\/div>\n\t\t\t\t\t<\/div>\n\t\t<\/section>\n\t\t\t\t<\/div>\n\t\t","protected":false},"excerpt":{"rendered":"<p>H\u00e4ufig gestellte Fragen &#8211; Vita Pura Studio Willkommen im FAQ-Bereich von Vita Pura Studio! Hier finden Sie Antworten auf die h\u00e4ufigsten Fragen zu unseren ganzheitlichen Behandlungen, zu Buchungsm\u00f6glichkeiten und Zertifizierungen. Wenn Sie die gesuchte Antwort nicht finden, kontaktieren Sie uns bitte und wir werden Ihnen gerne weiterhelfen. Welche Behandlungen bietet Vita Pura Studio an? Wir [&hellip;]<\/p>\n","protected":false},"author":2,"featured_media":0,"parent":0,"menu_order":0,"comment_status":"closed","ping_status":"closed","template":"","meta":{"_seopress_robots_primary_cat":"","_seopress_titles_title":"","_seopress_titles_desc":"","_seopress_robots_index":"","footnotes":""},"class_list":["post-10778","page","type-page","status-publish","hentry"],"_links":{"self":[{"href":"https:\/\/vitapurastudio.ch\/de\/wp-json\/wp\/v2\/pages\/10778","targetHints":{"allow":["GET"]}}],"collection":[{"href":"https:\/\/vitapurastudio.ch\/de\/wp-json\/wp\/v2\/pages"}],"about":[{"href":"https:\/\/vitapurastudio.ch\/de\/wp-json\/wp\/v2\/types\/page"}],"author":[{"embeddable":true,"href":"https:\/\/vitapurastudio.ch\/de\/wp-json\/wp\/v2\/users\/2"}],"replies":[{"embeddable":true,"href":"https:\/\/vitapurastudio.ch\/de\/wp-json\/wp\/v2\/comments?post=10778"}],"version-history":[{"count":0,"href":"https:\/\/vitapurastudio.ch\/de\/wp-json\/wp\/v2\/pages\/10778\/revisions"}],"wp:attachment":[{"href":"https:\/\/vitapurastudio.ch\/de\/wp-json\/wp\/v2\/media?parent=10778"}],"curies":[{"name":"wp","href":"https:\/\/api.w.org\/{rel}","templated":true}]}}