{"id":10764,"date":"2025-03-05T13:51:58","date_gmt":"2025-03-05T12:51:58","guid":{"rendered":"https:\/\/vitapurastudio.ch\/datenschutzbestimmungen\/"},"modified":"2025-03-07T12:59:04","modified_gmt":"2025-03-07T11:59:04","slug":"datenschutzbestimmungen","status":"publish","type":"page","link":"https:\/\/vitapurastudio.ch\/de\/datenschutzbestimmungen\/","title":{"rendered":"Datenschutzbestimmungen"},"content":{"rendered":"\n<p><strong>Letzte Aktualisierung: 05.03.2025<\/strong><\/p>\n\n<p>Diese Datenschutzrichtlinie beschreibt, wie <strong>Vita Pura Studio<\/strong>mit Sitz in <strong>Via Muro della Rossa 16, Solduno, Schweiz<\/strong>, Ihre pers\u00f6nlichen Daten in \u00dcbereinstimmung mit dem <strong>Bundesgesetz \u00fcber den Datenschutz (nLPD)<\/strong> und der <strong>Allgemeinen Datenschutzverordnung (GDPR), soweit anwendbar<\/strong>, sammelt, verwendet und sch\u00fctzt.<\/p>\n\n<h4 class=\"wp-block-heading\"><strong>1. Datenkontrolleur<\/strong><\/h4>\n\n<ul class=\"wp-block-list\">\n<li><strong>Vita Pura Studio<\/strong><\/li>\n\n\n\n<li><strong>Giuseppe Priolo<\/strong><\/li>\n\n\n\n<li><strong>Anschrift:<\/strong> Via Muro della Rossa 16, 6600 Solduno, Schweiz<\/li>\n\n\n\n<li><strong>E-Mail:<\/strong> <a>vitapurastudio@gmail.com<\/a><\/li>\n\n\n\n<li><strong>Telefon:<\/strong> +41 79 661 55 18<\/li>\n<\/ul>\n\n<h4 class=\"wp-block-heading\"><strong>2. Erhobene Daten<\/strong><\/h4>\n\n<p>Wenn Sie unsere Website besuchen und unsere Dienste nutzen, k\u00f6nnen wir die folgenden Daten erfassen:<\/p>\n\n<ul class=\"wp-block-list\">\n<li><strong>Personenbezogene Daten:<\/strong> Vorname, Nachname, E-Mail-Adresse, Telefonnummer, Daten, die freiwillig \u00fcber Kontaktformulare oder Buchungen angegeben werden.<\/li>\n\n\n\n<li><strong>Technische Daten:<\/strong> IP-Adresse, Browser-Typ, Betriebssystem, Zugriffszeiten und Browsing-Daten.<\/li>\n\n\n\n<li><strong>Cookies und Tracking-Technologien:<\/strong> Zur Verbesserung der Benutzerfreundlichkeit und zur Analyse des Datenverkehrs auf unserer Website.<\/li>\n<\/ul>\n\n<h4 class=\"wp-block-heading\"><strong>3. Zweck der Verarbeitung<\/strong><\/h4>\n\n<p>Die gesammelten Daten werden f\u00fcr folgende Zwecke verwendet:<\/p>\n\n<ul class=\"wp-block-list\">\n<li>Verwaltung von Anfragen nach Informationen oder Buchungen.<\/li>\n\n\n\n<li>Erbringen Sie die gew\u00fcnschten Dienstleistungen.<\/li>\n\n\n\n<li>Verbesserung der Nutzererfahrung auf unserer Website.<\/li>\n\n\n\n<li>Erf\u00fcllung rechtlicher und steuerlicher Verpflichtungen.<\/li>\n\n\n\n<li>Marketingaktivit\u00e4ten nur mit ausdr\u00fccklicher Zustimmung des Nutzers.<\/li>\n<\/ul>\n\n<h4 class=\"wp-block-heading\"><strong>4. Rechtsgrundlage der Verarbeitung<\/strong><\/h4>\n\n<p>Wir verarbeiten personenbezogene Daten auf der Grundlage von:<\/p>\n\n<ul class=\"wp-block-list\">\n<li>Die Zustimmung des Nutzers.<\/li>\n\n\n\n<li>Die Erf\u00fcllung eines Vertrags oder die Erf\u00fcllung vorvertraglicher Pflichten.<\/li>\n\n\n\n<li>Rechtliche Verpflichtungen nach schweizerischem und europ\u00e4ischem Recht.<\/li>\n\n\n\n<li>Berechtigtes Interesse (z. B. zur Verbesserung der angebotenen Dienstleistung).<\/li>\n<\/ul>\n\n<h4 class=\"wp-block-heading\"><strong>5. Vorratsspeicherung von Daten<\/strong><\/h4>\n\n<p>Personenbezogene Daten werden nur so lange aufbewahrt, wie es zur Erf\u00fcllung der Zwecke, f\u00fcr die sie erhoben wurden, oder zur Erf\u00fcllung rechtlicher Verpflichtungen erforderlich ist.<\/p>\n\n<h4 class=\"wp-block-heading\"><strong>6. Gemeinsame Nutzung von Daten<\/strong><\/h4>\n\n<p>Wir verkaufen, vermieten oder tauschen keine pers\u00f6nlichen Daten mit Dritten. Daten d\u00fcrfen nur weitergegeben werden an: <\/p>\n\n<ul class=\"wp-block-list\">\n<li>Dienstanbieter (z. B. Webhosting, E-Mail-Marketingdienste) mit angemessenen Sicherheitsma\u00dfnahmen.<\/li>\n\n\n\n<li>Zust\u00e4ndige Beh\u00f6rden im Falle einer rechtlichen Verpflichtung.<\/li>\n<\/ul>\n\n<h4 class=\"wp-block-heading\"><strong>7. Datensicherheit<\/strong><\/h4>\n\n<p>Wir treffen technische und organisatorische Ma\u00dfnahmen, um personenbezogene Daten vor unberechtigtem Zugriff, Verlust oder Ver\u00e4nderung zu sch\u00fctzen.<\/p>\n\n<h4 class=\"wp-block-heading\"><strong>8. Rechte der Nutzer<\/strong><\/h4>\n\n<p>Die Nutzer haben das Recht auf:<\/p>\n\n<ul class=\"wp-block-list\">\n<li>Zugang zu Ihren pers\u00f6nlichen Daten.<\/li>\n\n\n\n<li>die Berichtigung oder L\u00f6schung von Daten zu beantragen.<\/li>\n\n\n\n<li>Widerspruch gegen die Verarbeitung zu Marketingzwecken.<\/li>\n\n\n\n<li>Sie k\u00f6nnen Ihre Einwilligung jederzeit widerrufen.<\/li>\n\n\n\n<li>Beantragen Sie die Daten\u00fcbertragbarkeit (falls zutreffend).<\/li>\n<\/ul>\n\n<p>Um Ihre Rechte auszu\u00fcben, k\u00f6nnen Sie uns kontaktieren unter <strong><a>info@vitapurastudio.ch<\/a><\/strong>.<\/p>\n\n<h4 class=\"wp-block-heading\"><strong>9. Cookie-Richtlinie<\/strong><\/h4>\n\n<p>Wir verwenden <strong>technische und analytische Cookies<\/strong>, um die Benutzerfreundlichkeit zu verbessern. Die Nutzer k\u00f6nnen ihre Cookie-Einstellungen direkt in ihrem Browser verwalten. <\/p>\n\n<h4 class=\"wp-block-heading\"><strong>10. \u00c4nderungen der Datenschutzrichtlinie<\/strong><\/h4>\n\n<p>Wir behalten uns das Recht vor, diese Datenschutzrichtlinie zu \u00e4ndern. \u00c4nderungen werden auf dieser Seite ver\u00f6ffentlicht. <\/p>\n","protected":false},"excerpt":{"rendered":"<p>Letzte Aktualisierung: 05.03.2025 Diese Datenschutzrichtlinie beschreibt, wie Vita Pura Studiomit Sitz in Via Muro della Rossa 16, Solduno, Schweiz, Ihre pers\u00f6nlichen Daten in \u00dcbereinstimmung mit dem Bundesgesetz \u00fcber den Datenschutz (nLPD) und der Allgemeinen Datenschutzverordnung (GDPR), soweit anwendbar, sammelt, verwendet und sch\u00fctzt. 1. Datenkontrolleur 2. Erhobene Daten Wenn Sie unsere Website besuchen und unsere Dienste [&hellip;]<\/p>\n","protected":false},"author":2,"featured_media":0,"parent":0,"menu_order":0,"comment_status":"closed","ping_status":"closed","template":"","meta":{"_seopress_robots_primary_cat":"","_seopress_titles_title":"","_seopress_titles_desc":"","_seopress_robots_index":"","footnotes":""},"class_list":["post-10764","page","type-page","status-publish","hentry"],"_links":{"self":[{"href":"https:\/\/vitapurastudio.ch\/de\/wp-json\/wp\/v2\/pages\/10764","targetHints":{"allow":["GET"]}}],"collection":[{"href":"https:\/\/vitapurastudio.ch\/de\/wp-json\/wp\/v2\/pages"}],"about":[{"href":"https:\/\/vitapurastudio.ch\/de\/wp-json\/wp\/v2\/types\/page"}],"author":[{"embeddable":true,"href":"https:\/\/vitapurastudio.ch\/de\/wp-json\/wp\/v2\/users\/2"}],"replies":[{"embeddable":true,"href":"https:\/\/vitapurastudio.ch\/de\/wp-json\/wp\/v2\/comments?post=10764"}],"version-history":[{"count":0,"href":"https:\/\/vitapurastudio.ch\/de\/wp-json\/wp\/v2\/pages\/10764\/revisions"}],"wp:attachment":[{"href":"https:\/\/vitapurastudio.ch\/de\/wp-json\/wp\/v2\/media?parent=10764"}],"curies":[{"name":"wp","href":"https:\/\/api.w.org\/{rel}","templated":true}]}}