{"id":10733,"date":"2025-03-05T10:56:12","date_gmt":"2025-03-05T09:56:12","guid":{"rendered":"https:\/\/vitapurastudio.ch\/craniosacral\/"},"modified":"2025-03-17T08:57:40","modified_gmt":"2025-03-17T07:57:40","slug":"craniosacral","status":"publish","type":"page","link":"https:\/\/vitapurastudio.ch\/de\/behandlungen\/craniosacral\/","title":{"rendered":"Craniosacral"},"content":{"rendered":"\t\t<div data-elementor-type=\"wp-page\" data-elementor-id=\"10733\" class=\"elementor elementor-10733 elementor-280\" data-elementor-post-type=\"page\">\n\t\t\t\t\t\t<section class=\"elementor-section elementor-top-section elementor-element elementor-element-cff620b elementor-section-content-middle elementor-section-boxed elementor-section-height-default elementor-section-height-default\" data-id=\"cff620b\" data-element_type=\"section\" data-e-type=\"section\">\n\t\t\t\t\t\t\t<div class=\"elementor-background-overlay\"><\/div>\n\t\t\t\t\t\t\t<div class=\"elementor-container elementor-column-gap-default\">\n\t\t\t\t\t<div class=\"elementor-column elementor-col-100 elementor-top-column elementor-element elementor-element-953b1a2\" data-id=\"953b1a2\" data-element_type=\"column\" data-e-type=\"column\">\n\t\t\t<div class=\"elementor-widget-wrap elementor-element-populated\">\n\t\t\t\t\t\t<div class=\"elementor-element elementor-element-1fb0699 elementor-widget elementor-widget-text-editor\" data-id=\"1fb0699\" data-element_type=\"widget\" data-e-type=\"widget\" data-widget_type=\"text-editor.default\">\n\t\t\t\t<div class=\"elementor-widget-container\">\n\t\t\t\t\t\t\t\t\t<div><pre><nav  aria-label=\"Brotkrumen\"><ol class=\"breadcrumb\"><li class=\"breadcrumb-item active\" aria-current=\"page\"><span>Home<\/span><\/li><\/ol><\/nav><\/pre><\/div>\t\t\t\t\t\t\t\t<\/div>\n\t\t\t\t<\/div>\n\t\t\t\t\t<\/div>\n\t\t<\/div>\n\t\t\t\t\t<\/div>\n\t\t<\/section>\n\t\t\t\t<section class=\"elementor-section elementor-top-section elementor-element elementor-element-f14ced1 elementor-reverse-mobile elementor-section-boxed elementor-section-height-default elementor-section-height-default\" data-id=\"f14ced1\" data-element_type=\"section\" data-e-type=\"section\">\n\t\t\t\t\t\t<div class=\"elementor-container elementor-column-gap-default\">\n\t\t\t\t\t<div class=\"elementor-column elementor-col-33 elementor-top-column elementor-element elementor-element-fb8782d\" data-id=\"fb8782d\" data-element_type=\"column\" data-e-type=\"column\">\n\t\t\t<div class=\"elementor-widget-wrap elementor-element-populated\">\n\t\t\t\t\t\t<section class=\"elementor-section elementor-inner-section elementor-element elementor-element-0334621 elementor-section-boxed elementor-section-height-default elementor-section-height-default\" data-id=\"0334621\" data-element_type=\"section\" data-e-type=\"section\" data-settings=\"{&quot;background_background&quot;:&quot;classic&quot;,&quot;sticky&quot;:&quot;top&quot;,&quot;sticky_on&quot;:[&quot;desktop&quot;],&quot;sticky_offset&quot;:&quot;50&quot;,&quot;sticky_effects_offset&quot;:0,&quot;sticky_anchor_link_offset&quot;:0}\">\n\t\t\t\t\t\t<div class=\"elementor-container elementor-column-gap-default\">\n\t\t\t\t\t<div class=\"elementor-column elementor-col-100 elementor-inner-column elementor-element elementor-element-ad2de2a\" data-id=\"ad2de2a\" data-element_type=\"column\" data-e-type=\"column\">\n\t\t\t<div class=\"elementor-widget-wrap elementor-element-populated\">\n\t\t\t\t\t\t<div class=\"elementor-element elementor-element-fa95baa elementor-widget elementor-widget-heading\" data-id=\"fa95baa\" data-element_type=\"widget\" data-e-type=\"widget\" data-widget_type=\"heading.default\">\n\t\t\t\t<div class=\"elementor-widget-container\">\n\t\t\t\t\t<h3 class=\"elementor-heading-title elementor-size-default\">Wie kann ich Ihnen helfen?<\/h3>\t\t\t\t<\/div>\n\t\t\t\t<\/div>\n\t\t\t\t<div class=\"elementor-element elementor-element-9cf8ef9 elementor-widget elementor-widget-text-editor\" data-id=\"9cf8ef9\" data-element_type=\"widget\" data-e-type=\"widget\" data-widget_type=\"text-editor.default\">\n\t\t\t\t<div class=\"elementor-widget-container\">\n\t\t\t\t\t\t\t\t\t<p data-start=\"61\" data-end=\"311\">Entdecken Sie einen ma\u00dfgeschneiderten Wellness-Pfad mit ganzheitlichen Behandlungen, therapeutischen Massagen und fortschrittlichen Energietechniken. Befreien Sie sich von Stress, l\u00f6sen Sie Verspannungen und entdecken Sie mit der Unterst\u00fctzung eines erfahrenen Therapeuten Ihre innere Harmonie wieder. <\/p>\t\t\t\t\t\t\t\t<\/div>\n\t\t\t\t<\/div>\n\t\t\t\t<div class=\"elementor-element elementor-element-eab7411 elementor-align-justify elementor-widget elementor-widget-button\" data-id=\"eab7411\" data-element_type=\"widget\" data-e-type=\"widget\" data-widget_type=\"button.default\">\n\t\t\t\t<div class=\"elementor-widget-container\">\n\t\t\t\t\t\t\t\t\t<div class=\"elementor-button-wrapper\">\n\t\t\t\t\t<a class=\"elementor-button elementor-button-link elementor-size-sm\" href=\"https:\/\/vitapurastudio.ch\/de\/reservierung-der-behandlung\/\">\n\t\t\t\t\t\t<span class=\"elementor-button-content-wrapper\">\n\t\t\t\t\t\t\t\t\t<span class=\"elementor-button-text\">BUCHEN SIE IHRE BEHANDLUNG<\/span>\n\t\t\t\t\t<\/span>\n\t\t\t\t\t<\/a>\n\t\t\t\t<\/div>\n\t\t\t\t\t\t\t\t<\/div>\n\t\t\t\t<\/div>\n\t\t\t\t\t<\/div>\n\t\t<\/div>\n\t\t\t\t\t<\/div>\n\t\t<\/section>\n\t\t\t\t<section class=\"elementor-section elementor-inner-section elementor-element elementor-element-447ca26 elementor-section-boxed elementor-section-height-default elementor-section-height-default\" data-id=\"447ca26\" data-element_type=\"section\" data-e-type=\"section\" data-settings=\"{&quot;background_background&quot;:&quot;classic&quot;}\">\n\t\t\t\t\t\t<div class=\"elementor-container elementor-column-gap-default\">\n\t\t\t\t\t<div class=\"elementor-column elementor-col-100 elementor-inner-column elementor-element elementor-element-ce2db2c\" data-id=\"ce2db2c\" data-element_type=\"column\" data-e-type=\"column\">\n\t\t\t<div class=\"elementor-widget-wrap elementor-element-populated\">\n\t\t\t\t\t\t<div class=\"elementor-element elementor-element-3705fd7 elementor-widget elementor-widget-heading\" data-id=\"3705fd7\" data-element_type=\"widget\" data-e-type=\"widget\" data-widget_type=\"heading.default\">\n\t\t\t\t<div class=\"elementor-widget-container\">\n\t\t\t\t\t<h3 class=\"elementor-heading-title elementor-size-default\">Alle Behandlungen<\/h3>\t\t\t\t<\/div>\n\t\t\t\t<\/div>\n\t\t\t\t<div class=\"elementor-element elementor-element-ee16ea2 elementor-tablet-align-center elementor-mobile-align-start elementor-icon-list--layout-traditional elementor-list-item-link-full_width elementor-widget elementor-widget-global elementor-global-15721 elementor-global-243 elementor-widget-icon-list\" data-id=\"ee16ea2\" data-element_type=\"widget\" data-e-type=\"widget\" data-widget_type=\"icon-list.default\">\n\t\t\t\t<div class=\"elementor-widget-container\">\n\t\t\t\t\t\t\t<ul class=\"elementor-icon-list-items\">\n\t\t\t\t\t\t\t<li class=\"elementor-icon-list-item\">\n\t\t\t\t\t\t\t\t\t\t\t<a href=\"https:\/\/vitapurastudio.ch\/de\/behandlungen\/massagen\/\">\n\n\t\t\t\t\t\t\t\t\t\t\t\t<span class=\"elementor-icon-list-icon\">\n\t\t\t\t\t\t\t<svg aria-hidden=\"true\" class=\"e-font-icon-svg e-fas-check\" viewBox=\"0 0 512 512\" xmlns=\"http:\/\/www.w3.org\/2000\/svg\"><path d=\"M173.898 439.404l-166.4-166.4c-9.997-9.997-9.997-26.206 0-36.204l36.203-36.204c9.997-9.998 26.207-9.998 36.204 0L192 312.69 432.095 72.596c9.997-9.997 26.207-9.997 36.204 0l36.203 36.204c9.997 9.997 9.997 26.206 0 36.204l-294.4 294.401c-9.998 9.997-26.207 9.997-36.204-.001z\"><\/path><\/svg>\t\t\t\t\t\t<\/span>\n\t\t\t\t\t\t\t\t\t\t<span class=\"elementor-icon-list-text\">Massagen<\/span>\n\t\t\t\t\t\t\t\t\t\t\t<\/a>\n\t\t\t\t\t\t\t\t\t<\/li>\n\t\t\t\t\t\t\t\t<li class=\"elementor-icon-list-item\">\n\t\t\t\t\t\t\t\t\t\t\t<a href=\"https:\/\/vitapurastudio.ch\/de\/behandlungen\/fussreflexzonenmassage\/\">\n\n\t\t\t\t\t\t\t\t\t\t\t\t<span class=\"elementor-icon-list-icon\">\n\t\t\t\t\t\t\t<svg aria-hidden=\"true\" class=\"e-font-icon-svg e-fas-check\" viewBox=\"0 0 512 512\" xmlns=\"http:\/\/www.w3.org\/2000\/svg\"><path d=\"M173.898 439.404l-166.4-166.4c-9.997-9.997-9.997-26.206 0-36.204l36.203-36.204c9.997-9.998 26.207-9.998 36.204 0L192 312.69 432.095 72.596c9.997-9.997 26.207-9.997 36.204 0l36.203 36.204c9.997 9.997 9.997 26.206 0 36.204l-294.4 294.401c-9.998 9.997-26.207 9.997-36.204-.001z\"><\/path><\/svg>\t\t\t\t\t\t<\/span>\n\t\t\t\t\t\t\t\t\t\t<span class=\"elementor-icon-list-text\">Fu\u00dfreflexzonenmassage<\/span>\n\t\t\t\t\t\t\t\t\t\t\t<\/a>\n\t\t\t\t\t\t\t\t\t<\/li>\n\t\t\t\t\t\t\t\t<li class=\"elementor-icon-list-item\">\n\t\t\t\t\t\t\t\t\t\t\t<span class=\"elementor-icon-list-icon\">\n\t\t\t\t\t\t\t<svg aria-hidden=\"true\" class=\"e-font-icon-svg e-fas-check\" viewBox=\"0 0 512 512\" xmlns=\"http:\/\/www.w3.org\/2000\/svg\"><path d=\"M173.898 439.404l-166.4-166.4c-9.997-9.997-9.997-26.206 0-36.204l36.203-36.204c9.997-9.998 26.207-9.998 36.204 0L192 312.69 432.095 72.596c9.997-9.997 26.207-9.997 36.204 0l36.203 36.204c9.997 9.997 9.997 26.206 0 36.204l-294.4 294.401c-9.998 9.997-26.207 9.997-36.204-.001z\"><\/path><\/svg>\t\t\t\t\t\t<\/span>\n\t\t\t\t\t\t\t\t\t\t<span class=\"elementor-icon-list-text\">Craniosacral<\/span>\n\t\t\t\t\t\t\t\t\t<\/li>\n\t\t\t\t\t\t\t\t<li class=\"elementor-icon-list-item\">\n\t\t\t\t\t\t\t\t\t\t\t<span class=\"elementor-icon-list-icon\">\n\t\t\t\t\t\t\t<svg aria-hidden=\"true\" class=\"e-font-icon-svg e-fas-check\" viewBox=\"0 0 512 512\" xmlns=\"http:\/\/www.w3.org\/2000\/svg\"><path d=\"M173.898 439.404l-166.4-166.4c-9.997-9.997-9.997-26.206 0-36.204l36.203-36.204c9.997-9.998 26.207-9.998 36.204 0L192 312.69 432.095 72.596c9.997-9.997 26.207-9.997 36.204 0l36.203 36.204c9.997 9.997 9.997 26.206 0 36.204l-294.4 294.401c-9.998 9.997-26.207 9.997-36.204-.001z\"><\/path><\/svg>\t\t\t\t\t\t<\/span>\n\t\t\t\t\t\t\t\t\t\t<span class=\"elementor-icon-list-text\">Reiki<\/span>\n\t\t\t\t\t\t\t\t\t<\/li>\n\t\t\t\t\t\t\t\t<li class=\"elementor-icon-list-item\">\n\t\t\t\t\t\t\t\t\t\t\t<span class=\"elementor-icon-list-icon\">\n\t\t\t\t\t\t\t<svg aria-hidden=\"true\" class=\"e-font-icon-svg e-fas-check\" viewBox=\"0 0 512 512\" xmlns=\"http:\/\/www.w3.org\/2000\/svg\"><path d=\"M173.898 439.404l-166.4-166.4c-9.997-9.997-9.997-26.206 0-36.204l36.203-36.204c9.997-9.998 26.207-9.998 36.204 0L192 312.69 432.095 72.596c9.997-9.997 26.207-9.997 36.204 0l36.203 36.204c9.997 9.997 9.997 26.206 0 36.204l-294.4 294.401c-9.998 9.997-26.207 9.997-36.204-.001z\"><\/path><\/svg>\t\t\t\t\t\t<\/span>\n\t\t\t\t\t\t\t\t\t\t<span class=\"elementor-icon-list-text\">Therapie zur Knochenregeneration<\/span>\n\t\t\t\t\t\t\t\t\t<\/li>\n\t\t\t\t\t\t\t\t<li class=\"elementor-icon-list-item\">\n\t\t\t\t\t\t\t\t\t\t\t<span class=\"elementor-icon-list-icon\">\n\t\t\t\t\t\t\t<svg aria-hidden=\"true\" class=\"e-font-icon-svg e-fas-check\" viewBox=\"0 0 512 512\" xmlns=\"http:\/\/www.w3.org\/2000\/svg\"><path d=\"M173.898 439.404l-166.4-166.4c-9.997-9.997-9.997-26.206 0-36.204l36.203-36.204c9.997-9.998 26.207-9.998 36.204 0L192 312.69 432.095 72.596c9.997-9.997 26.207-9.997 36.204 0l36.203 36.204c9.997 9.997 9.997 26.206 0 36.204l-294.4 294.401c-9.998 9.997-26.207 9.997-36.204-.001z\"><\/path><\/svg>\t\t\t\t\t\t<\/span>\n\t\t\t\t\t\t\t\t\t\t<span class=\"elementor-icon-list-text\">Meridian-Therapie  <\/span>\n\t\t\t\t\t\t\t\t\t<\/li>\n\t\t\t\t\t\t\t\t<li class=\"elementor-icon-list-item\">\n\t\t\t\t\t\t\t\t\t\t\t<span class=\"elementor-icon-list-icon\">\n\t\t\t\t\t\t\t<svg aria-hidden=\"true\" class=\"e-font-icon-svg e-fas-check\" viewBox=\"0 0 512 512\" xmlns=\"http:\/\/www.w3.org\/2000\/svg\"><path d=\"M173.898 439.404l-166.4-166.4c-9.997-9.997-9.997-26.206 0-36.204l36.203-36.204c9.997-9.998 26.207-9.998 36.204 0L192 312.69 432.095 72.596c9.997-9.997 26.207-9.997 36.204 0l36.203 36.204c9.997 9.997 9.997 26.206 0 36.204l-294.4 294.401c-9.998 9.997-26.207 9.997-36.204-.001z\"><\/path><\/svg>\t\t\t\t\t\t<\/span>\n\t\t\t\t\t\t\t\t\t\t<span class=\"elementor-icon-list-text\">Stimmgabeltherapie<\/span>\n\t\t\t\t\t\t\t\t\t<\/li>\n\t\t\t\t\t\t\t\t<li class=\"elementor-icon-list-item\">\n\t\t\t\t\t\t\t\t\t\t\t<a href=\"https:\/\/vitapurastudio.ch\/de\/spiritueller-und-mentaler-coach\/\">\n\n\t\t\t\t\t\t\t\t\t\t\t\t<span class=\"elementor-icon-list-icon\">\n\t\t\t\t\t\t\t<svg aria-hidden=\"true\" class=\"e-font-icon-svg e-fas-check\" viewBox=\"0 0 512 512\" xmlns=\"http:\/\/www.w3.org\/2000\/svg\"><path d=\"M173.898 439.404l-166.4-166.4c-9.997-9.997-9.997-26.206 0-36.204l36.203-36.204c9.997-9.998 26.207-9.998 36.204 0L192 312.69 432.095 72.596c9.997-9.997 26.207-9.997 36.204 0l36.203 36.204c9.997 9.997 9.997 26.206 0 36.204l-294.4 294.401c-9.998 9.997-26.207 9.997-36.204-.001z\"><\/path><\/svg>\t\t\t\t\t\t<\/span>\n\t\t\t\t\t\t\t\t\t\t<span class=\"elementor-icon-list-text\">Spiritueller und mentaler Coach<\/span>\n\t\t\t\t\t\t\t\t\t\t\t<\/a>\n\t\t\t\t\t\t\t\t\t<\/li>\n\t\t\t\t\t\t<\/ul>\n\t\t\t\t\t\t<\/div>\n\t\t\t\t<\/div>\n\t\t\t\t\t<\/div>\n\t\t<\/div>\n\t\t\t\t\t<\/div>\n\t\t<\/section>\n\t\t\t\t\t<\/div>\n\t\t<\/div>\n\t\t\t\t<div class=\"elementor-column elementor-col-66 elementor-top-column elementor-element elementor-element-b166eed\" data-id=\"b166eed\" data-element_type=\"column\" data-e-type=\"column\">\n\t\t\t<div class=\"elementor-widget-wrap elementor-element-populated\">\n\t\t\t\t\t\t<div class=\"elementor-element elementor-element-4122e03 elementor-widget elementor-widget-image\" data-id=\"4122e03\" data-element_type=\"widget\" data-e-type=\"widget\" data-widget_type=\"image.default\">\n\t\t\t\t<div class=\"elementor-widget-container\">\n\t\t\t\t\t\t\t\t\t\t\t\t\t\t\t<img fetchpriority=\"high\" decoding=\"async\" width=\"765\" height=\"1024\" src=\"https:\/\/vitapurastudio.ch\/wp-content\/uploads\/sites\/82\/2025\/03\/IMG_0645-765x1024.jpg\" class=\"attachment-large size-large wp-image-15822\" alt=\"\" srcset=\"https:\/\/vitapurastudio.ch\/wp-content\/uploads\/sites\/82\/2025\/03\/IMG_0645-765x1024.jpg 765w, https:\/\/vitapurastudio.ch\/wp-content\/uploads\/sites\/82\/2025\/03\/IMG_0645-224x300.jpg 224w, https:\/\/vitapurastudio.ch\/wp-content\/uploads\/sites\/82\/2025\/03\/IMG_0645-768x1028.jpg 768w, https:\/\/vitapurastudio.ch\/wp-content\/uploads\/sites\/82\/2025\/03\/IMG_0645.jpg 1091w\" sizes=\"(max-width: 765px) 100vw, 765px\" \/>\t\t\t\t\t\t\t\t\t\t\t\t\t\t\t<\/div>\n\t\t\t\t<\/div>\n\t\t\t\t<div class=\"elementor-element elementor-element-6b01833 elementor-widget elementor-widget-heading\" data-id=\"6b01833\" data-element_type=\"widget\" data-e-type=\"widget\" data-widget_type=\"heading.default\">\n\t\t\t\t<div class=\"elementor-widget-container\">\n\t\t\t\t\t<h2 class=\"elementor-heading-title elementor-size-default\">Craniosacral<\/h2>\t\t\t\t<\/div>\n\t\t\t\t<\/div>\n\t\t\t\t<div class=\"elementor-element elementor-element-6c26388 elementor-widget elementor-widget-heading\" data-id=\"6c26388\" data-element_type=\"widget\" data-e-type=\"widget\" data-widget_type=\"heading.default\">\n\t\t\t\t<div class=\"elementor-widget-container\">\n\t\t\t\t\t<h3 class=\"elementor-heading-title elementor-size-default\">Bringt K\u00f6rper und Geist mit einer sanften Ber\u00fchrung wieder ins Gleichgewicht\n<\/h3>\t\t\t\t<\/div>\n\t\t\t\t<\/div>\n\t\t\t\t<div class=\"elementor-element elementor-element-6ea5c8d elementor-widget elementor-widget-text-editor\" data-id=\"6ea5c8d\" data-element_type=\"widget\" data-e-type=\"widget\" data-widget_type=\"text-editor.default\">\n\t\t\t\t<div class=\"elementor-widget-container\">\n\t\t\t\t\t\t\t\t\t<p data-start=\"81\" data-end=\"414\">Die <strong data-start=\"84\" data-end=\"109\">Craniosacral-Therapie<\/strong> ist eine sanfte, nicht-invasive Behandlung, die dazu beitr\u00e4gt, das Nervensystem wieder ins Gleichgewicht zu bringen, die K\u00f6rperhaltung zu verbessern und tief sitzende Spannungen zu l\u00f6sen. Durch sanfte Manipulationen an den Knochen des Sch\u00e4dels, der Wirbels\u00e4ule und des Kreuzbeins regt diese Methode die nat\u00fcrlichen Selbstheilungsprozesse des K\u00f6rpers an. <\/p><p data-start=\"416\" data-end=\"591\">A <strong data-start=\"418\" data-end=\"438\">Vita Pura Studio<\/strong>Mit der Craniosacral-Therapie f\u00f6rdern wir die Tiefenentspannung, stellen das psychophysische Gleichgewicht wieder her und verbessern das allgemeine Wohlbefinden.<\/p><hr data-start=\"593\" data-end=\"596\"><h3 data-start=\"598\" data-end=\"650\"><strong data-start=\"602\" data-end=\"648\">\ud83c\udf3f Wie funktioniert die Craniosacral-Therapie?<\/strong><\/h3><p data-start=\"651\" data-end=\"948\">Die Behandlung basiert auf der Wahrnehmung der <strong data-start=\"695\" data-end=\"722\">craniosacralen Bewegung<\/strong>, einem leichten Rhythmus im K\u00f6rper, der durch Stress, Trauma oder Fehlhaltungen beeintr\u00e4chtigt werden kann. Durch leichte Ber\u00fchrungen wird versucht, diese Bewegung wieder auszugleichen und den nat\u00fcrlichen Energiefluss wiederherzustellen. <\/p><p data-start=\"950\" data-end=\"1110\">\ud83d\udd39 <strong data-start=\"953\" data-end=\"992\">Stimuliert das zentrale Nervensystem<\/strong><br data-start=\"992\" data-end=\"995\">\ud83d\udd39 <strong data-start=\"998\" data-end=\"1056\">F\u00f6rdert die Aufl\u00f6sung von Spannungen und Energieblockaden<\/strong><br data-start=\"1056\" data-end=\"1059\">\ud83d\udd39 <strong data-start=\"1062\" data-end=\"1108\">Verbessert das k\u00f6rperliche und emotionale Wohlbefinden<\/strong><\/p><hr data-start=\"1112\" data-end=\"1115\"><h3 data-start=\"1117\" data-end=\"1166\"><strong data-start=\"1121\" data-end=\"1164\">\ud83d\udc86 Vorteile der Craniosacral-Therapie<\/strong><\/h3><p data-start=\"1167\" data-end=\"1748\">\u2714 <strong data-start=\"1169\" data-end=\"1210\">Abbau von Stress, Angst und Schlaflosigkeit<\/strong> &#8211; F\u00f6rdert tiefe Entspannung und mentale Ruhe.<br data-start=\"1277\" data-end=\"1280\">\u2714 <strong data-start=\"1282\" data-end=\"1342\">Linderung von Kopfschmerzen, Migr\u00e4ne und Nackenverspannungen<\/strong> &#8211; Entlastet den Druck im Sch\u00e4del- und Nackenbereich.<br data-start=\"1397\" data-end=\"1400\">\u2714 <strong data-start=\"1402\" data-end=\"1469\">Verbesserung der K\u00f6rperhaltung und des Wohlbefindens des Bewegungsapparates<\/strong> &#8211; Bei Ischias, Hexenschuss und Muskelverspannungen.<br data-start=\"1528\" data-end=\"1531\">\u2714 <strong data-start=\"1533\" data-end=\"1580\" data-is-only-node=\"\">Unterst\u00fctzung bei Traumata und chronischen Schmerzen<\/strong> &#8211; Hilft dem K\u00f6rper, sich nach Verletzungen oder Operationen zu erholen.<br data-start=\"1639\" data-end=\"1642\">\u2714 <strong data-start=\"1644\" data-end=\"1684\">Stimulation des Immunsystems<\/strong> &#8211; St\u00e4rkt die nat\u00fcrlichen Abwehrkr\u00e4fte und gleicht die Lebensenergie aus.<\/p><hr data-start=\"1750\" data-end=\"1753\"><h3 data-start=\"1755\" data-end=\"1812\"><strong data-start=\"1759\" data-end=\"1810\">\u2728 Buchen Sie jetzt Ihre Craniosacral-Behandlung!<\/strong><\/h3><p data-start=\"1814\" data-end=\"1975\">Wenn Sie auf der Suche nach einer nat\u00fcrlichen Methode sind, um Stress abzubauen, Ihre Haltung zu verbessern und Ihr inneres Gleichgewicht wiederzufinden, ist die Craniosacral-Therapie die ideale L\u00f6sung.<\/p>\t\t\t\t\t\t\t\t<\/div>\n\t\t\t\t<\/div>\n\t\t\t\t\t<\/div>\n\t\t<\/div>\n\t\t\t\t\t<\/div>\n\t\t<\/section>\n\t\t\t\t<\/div>\n\t\t","protected":false},"excerpt":{"rendered":"<p>Wie kann ich Ihnen helfen? Entdecken Sie einen ma\u00dfgeschneiderten Wellness-Pfad mit ganzheitlichen Behandlungen, therapeutischen Massagen und fortschrittlichen Energietechniken. Befreien Sie sich von Stress, l\u00f6sen Sie Verspannungen und entdecken Sie mit der Unterst\u00fctzung eines erfahrenen Therapeuten Ihre innere Harmonie wieder. BUCHEN SIE IHRE BEHANDLUNG Alle Behandlungen Massaggi Riflessologia plantare Craniosacrale Reiki Terapia rigenerazione delle ossa Meridiana [&hellip;]<\/p>\n","protected":false},"author":2,"featured_media":0,"parent":10742,"menu_order":0,"comment_status":"closed","ping_status":"closed","template":"","meta":{"_seopress_robots_primary_cat":"","_seopress_titles_title":"Craniosacral | Rebalancing und nat\u00fcrliches Wohlbefinden - Vita Pura Studio","_seopress_titles_desc":"Meta Title (Craniosacral - SEO):\nCraniosacral | Balance and Natural Well-being - Vita Pura Studio\n\nMeta Description (160 characters):\nEntdecken Sie die Craniosacral-Therapie unter Vita Pura Studio in Solduno. Entspannen Sie das Nervensystem, verbessern Sie Ihre Haltung und bauen Sie Verspannungen ab. RME.ch zertifizierte Behandlung.  ","_seopress_robots_index":"","footnotes":""},"class_list":["post-10733","page","type-page","status-publish","hentry"],"_links":{"self":[{"href":"https:\/\/vitapurastudio.ch\/de\/wp-json\/wp\/v2\/pages\/10733","targetHints":{"allow":["GET"]}}],"collection":[{"href":"https:\/\/vitapurastudio.ch\/de\/wp-json\/wp\/v2\/pages"}],"about":[{"href":"https:\/\/vitapurastudio.ch\/de\/wp-json\/wp\/v2\/types\/page"}],"author":[{"embeddable":true,"href":"https:\/\/vitapurastudio.ch\/de\/wp-json\/wp\/v2\/users\/2"}],"replies":[{"embeddable":true,"href":"https:\/\/vitapurastudio.ch\/de\/wp-json\/wp\/v2\/comments?post=10733"}],"version-history":[{"count":0,"href":"https:\/\/vitapurastudio.ch\/de\/wp-json\/wp\/v2\/pages\/10733\/revisions"}],"up":[{"embeddable":true,"href":"https:\/\/vitapurastudio.ch\/de\/wp-json\/wp\/v2\/pages\/10742"}],"wp:attachment":[{"href":"https:\/\/vitapurastudio.ch\/de\/wp-json\/wp\/v2\/media?parent=10733"}],"curies":[{"name":"wp","href":"https:\/\/api.w.org\/{rel}","templated":true}]}}