{"id":10709,"date":"2025-03-05T11:03:49","date_gmt":"2025-03-05T10:03:49","guid":{"rendered":"https:\/\/vitapurastudio.ch\/frequenztherapie-stimmgabel\/"},"modified":"2025-03-11T20:37:17","modified_gmt":"2025-03-11T19:37:17","slug":"frequenztherapie-stimmgabel","status":"publish","type":"page","link":"https:\/\/vitapurastudio.ch\/de\/behandlungen\/frequenztherapie-stimmgabel\/","title":{"rendered":"Frequenztherapie-Stimmgabel"},"content":{"rendered":"\t\t<div data-elementor-type=\"wp-page\" data-elementor-id=\"10709\" class=\"elementor elementor-10709 elementor-312\" data-elementor-post-type=\"page\">\n\t\t\t\t\t\t<section class=\"elementor-section elementor-top-section elementor-element elementor-element-08dc5e0 elementor-section-content-middle elementor-section-boxed elementor-section-height-default elementor-section-height-default\" data-id=\"08dc5e0\" data-element_type=\"section\" data-e-type=\"section\">\n\t\t\t\t\t\t\t<div class=\"elementor-background-overlay\"><\/div>\n\t\t\t\t\t\t\t<div class=\"elementor-container elementor-column-gap-default\">\n\t\t\t\t\t<div class=\"elementor-column elementor-col-100 elementor-top-column elementor-element elementor-element-ae55d56\" data-id=\"ae55d56\" data-element_type=\"column\" data-e-type=\"column\">\n\t\t\t<div class=\"elementor-widget-wrap elementor-element-populated\">\n\t\t\t\t\t\t<div class=\"elementor-element elementor-element-e5daa69 elementor-widget elementor-widget-text-editor\" data-id=\"e5daa69\" data-element_type=\"widget\" data-e-type=\"widget\" data-widget_type=\"text-editor.default\">\n\t\t\t\t<div class=\"elementor-widget-container\">\n\t\t\t\t\t\t\t\t\t<div><pre><nav  aria-label=\"Brotkrumen\"><ol class=\"breadcrumb\"><li class=\"breadcrumb-item active\" aria-current=\"page\"><span>Home<\/span><\/li><\/ol><\/nav><\/pre><\/div>\t\t\t\t\t\t\t\t<\/div>\n\t\t\t\t<\/div>\n\t\t\t\t\t<\/div>\n\t\t<\/div>\n\t\t\t\t\t<\/div>\n\t\t<\/section>\n\t\t\t\t<section class=\"elementor-section elementor-top-section elementor-element elementor-element-e47ede3 elementor-reverse-mobile elementor-section-boxed elementor-section-height-default elementor-section-height-default\" data-id=\"e47ede3\" data-element_type=\"section\" data-e-type=\"section\">\n\t\t\t\t\t\t<div class=\"elementor-container elementor-column-gap-default\">\n\t\t\t\t\t<div class=\"elementor-column elementor-col-33 elementor-top-column elementor-element elementor-element-3fe5b98\" data-id=\"3fe5b98\" data-element_type=\"column\" data-e-type=\"column\">\n\t\t\t<div class=\"elementor-widget-wrap elementor-element-populated\">\n\t\t\t\t\t\t<section class=\"elementor-section elementor-inner-section elementor-element elementor-element-40c13f3 elementor-section-boxed elementor-section-height-default elementor-section-height-default\" data-id=\"40c13f3\" data-element_type=\"section\" data-e-type=\"section\" data-settings=\"{&quot;background_background&quot;:&quot;classic&quot;,&quot;sticky&quot;:&quot;top&quot;,&quot;sticky_on&quot;:[&quot;desktop&quot;],&quot;sticky_offset&quot;:&quot;50&quot;,&quot;sticky_effects_offset&quot;:0,&quot;sticky_anchor_link_offset&quot;:0}\">\n\t\t\t\t\t\t<div class=\"elementor-container elementor-column-gap-default\">\n\t\t\t\t\t<div class=\"elementor-column elementor-col-100 elementor-inner-column elementor-element elementor-element-edbb6f2\" data-id=\"edbb6f2\" data-element_type=\"column\" data-e-type=\"column\">\n\t\t\t<div class=\"elementor-widget-wrap elementor-element-populated\">\n\t\t\t\t\t\t<div class=\"elementor-element elementor-element-0588ad5 elementor-widget elementor-widget-heading\" data-id=\"0588ad5\" data-element_type=\"widget\" data-e-type=\"widget\" data-widget_type=\"heading.default\">\n\t\t\t\t<div class=\"elementor-widget-container\">\n\t\t\t\t\t<h3 class=\"elementor-heading-title elementor-size-default\">Wie kann ich Ihnen helfen?<\/h3>\t\t\t\t<\/div>\n\t\t\t\t<\/div>\n\t\t\t\t<div class=\"elementor-element elementor-element-69a2c50 elementor-widget elementor-widget-text-editor\" data-id=\"69a2c50\" data-element_type=\"widget\" data-e-type=\"widget\" data-widget_type=\"text-editor.default\">\n\t\t\t\t<div class=\"elementor-widget-container\">\n\t\t\t\t\t\t\t\t\t<p data-start=\"61\" data-end=\"311\">Entdecken Sie einen ma\u00dfgeschneiderten Wellness-Pfad mit ganzheitlichen Behandlungen, therapeutischen Massagen und fortschrittlichen Energietechniken. Befreien Sie sich von Stress, l\u00f6sen Sie Verspannungen und entdecken Sie mit der Unterst\u00fctzung eines erfahrenen Therapeuten Ihre innere Harmonie wieder. <\/p>\t\t\t\t\t\t\t\t<\/div>\n\t\t\t\t<\/div>\n\t\t\t\t<div class=\"elementor-element elementor-element-f77c893 elementor-align-justify elementor-widget elementor-widget-button\" data-id=\"f77c893\" data-element_type=\"widget\" data-e-type=\"widget\" data-widget_type=\"button.default\">\n\t\t\t\t<div class=\"elementor-widget-container\">\n\t\t\t\t\t\t\t\t\t<div class=\"elementor-button-wrapper\">\n\t\t\t\t\t<a class=\"elementor-button elementor-button-link elementor-size-sm\" href=\"https:\/\/vitapurastudio.ch\/de\/reservierung-der-behandlung\/\">\n\t\t\t\t\t\t<span class=\"elementor-button-content-wrapper\">\n\t\t\t\t\t\t\t\t\t<span class=\"elementor-button-text\">BUCHEN SIE IHRE BEHANDLUNG<\/span>\n\t\t\t\t\t<\/span>\n\t\t\t\t\t<\/a>\n\t\t\t\t<\/div>\n\t\t\t\t\t\t\t\t<\/div>\n\t\t\t\t<\/div>\n\t\t\t\t\t<\/div>\n\t\t<\/div>\n\t\t\t\t\t<\/div>\n\t\t<\/section>\n\t\t\t\t<section class=\"elementor-section elementor-inner-section elementor-element elementor-element-56116f9 elementor-section-boxed elementor-section-height-default elementor-section-height-default\" data-id=\"56116f9\" data-element_type=\"section\" data-e-type=\"section\" data-settings=\"{&quot;background_background&quot;:&quot;classic&quot;}\">\n\t\t\t\t\t\t<div class=\"elementor-container elementor-column-gap-default\">\n\t\t\t\t\t<div class=\"elementor-column elementor-col-100 elementor-inner-column elementor-element elementor-element-1936e17\" data-id=\"1936e17\" data-element_type=\"column\" data-e-type=\"column\">\n\t\t\t<div class=\"elementor-widget-wrap elementor-element-populated\">\n\t\t\t\t\t\t<div class=\"elementor-element elementor-element-b55013f elementor-widget elementor-widget-heading\" data-id=\"b55013f\" data-element_type=\"widget\" data-e-type=\"widget\" data-widget_type=\"heading.default\">\n\t\t\t\t<div class=\"elementor-widget-container\">\n\t\t\t\t\t<h3 class=\"elementor-heading-title elementor-size-default\">Alle Behandlungen<\/h3>\t\t\t\t<\/div>\n\t\t\t\t<\/div>\n\t\t\t\t<div class=\"elementor-element elementor-element-6fb7ad8 elementor-tablet-align-center elementor-mobile-align-start elementor-icon-list--layout-traditional elementor-list-item-link-full_width elementor-widget elementor-widget-global elementor-global-15721 elementor-global-243 elementor-widget-icon-list\" data-id=\"6fb7ad8\" data-element_type=\"widget\" data-e-type=\"widget\" data-widget_type=\"icon-list.default\">\n\t\t\t\t<div class=\"elementor-widget-container\">\n\t\t\t\t\t\t\t<ul class=\"elementor-icon-list-items\">\n\t\t\t\t\t\t\t<li class=\"elementor-icon-list-item\">\n\t\t\t\t\t\t\t\t\t\t\t<a href=\"https:\/\/vitapurastudio.ch\/de\/behandlungen\/massagen\/\">\n\n\t\t\t\t\t\t\t\t\t\t\t\t<span class=\"elementor-icon-list-icon\">\n\t\t\t\t\t\t\t<svg aria-hidden=\"true\" class=\"e-font-icon-svg e-fas-check\" viewBox=\"0 0 512 512\" xmlns=\"http:\/\/www.w3.org\/2000\/svg\"><path d=\"M173.898 439.404l-166.4-166.4c-9.997-9.997-9.997-26.206 0-36.204l36.203-36.204c9.997-9.998 26.207-9.998 36.204 0L192 312.69 432.095 72.596c9.997-9.997 26.207-9.997 36.204 0l36.203 36.204c9.997 9.997 9.997 26.206 0 36.204l-294.4 294.401c-9.998 9.997-26.207 9.997-36.204-.001z\"><\/path><\/svg>\t\t\t\t\t\t<\/span>\n\t\t\t\t\t\t\t\t\t\t<span class=\"elementor-icon-list-text\">Massagen<\/span>\n\t\t\t\t\t\t\t\t\t\t\t<\/a>\n\t\t\t\t\t\t\t\t\t<\/li>\n\t\t\t\t\t\t\t\t<li class=\"elementor-icon-list-item\">\n\t\t\t\t\t\t\t\t\t\t\t<a href=\"https:\/\/vitapurastudio.ch\/de\/behandlungen\/fussreflexzonenmassage\/\">\n\n\t\t\t\t\t\t\t\t\t\t\t\t<span class=\"elementor-icon-list-icon\">\n\t\t\t\t\t\t\t<svg aria-hidden=\"true\" class=\"e-font-icon-svg e-fas-check\" viewBox=\"0 0 512 512\" xmlns=\"http:\/\/www.w3.org\/2000\/svg\"><path d=\"M173.898 439.404l-166.4-166.4c-9.997-9.997-9.997-26.206 0-36.204l36.203-36.204c9.997-9.998 26.207-9.998 36.204 0L192 312.69 432.095 72.596c9.997-9.997 26.207-9.997 36.204 0l36.203 36.204c9.997 9.997 9.997 26.206 0 36.204l-294.4 294.401c-9.998 9.997-26.207 9.997-36.204-.001z\"><\/path><\/svg>\t\t\t\t\t\t<\/span>\n\t\t\t\t\t\t\t\t\t\t<span class=\"elementor-icon-list-text\">Fu\u00dfreflexzonenmassage<\/span>\n\t\t\t\t\t\t\t\t\t\t\t<\/a>\n\t\t\t\t\t\t\t\t\t<\/li>\n\t\t\t\t\t\t\t\t<li class=\"elementor-icon-list-item\">\n\t\t\t\t\t\t\t\t\t\t\t<span class=\"elementor-icon-list-icon\">\n\t\t\t\t\t\t\t<svg aria-hidden=\"true\" class=\"e-font-icon-svg e-fas-check\" viewBox=\"0 0 512 512\" xmlns=\"http:\/\/www.w3.org\/2000\/svg\"><path d=\"M173.898 439.404l-166.4-166.4c-9.997-9.997-9.997-26.206 0-36.204l36.203-36.204c9.997-9.998 26.207-9.998 36.204 0L192 312.69 432.095 72.596c9.997-9.997 26.207-9.997 36.204 0l36.203 36.204c9.997 9.997 9.997 26.206 0 36.204l-294.4 294.401c-9.998 9.997-26.207 9.997-36.204-.001z\"><\/path><\/svg>\t\t\t\t\t\t<\/span>\n\t\t\t\t\t\t\t\t\t\t<span class=\"elementor-icon-list-text\">Craniosacral<\/span>\n\t\t\t\t\t\t\t\t\t<\/li>\n\t\t\t\t\t\t\t\t<li class=\"elementor-icon-list-item\">\n\t\t\t\t\t\t\t\t\t\t\t<span class=\"elementor-icon-list-icon\">\n\t\t\t\t\t\t\t<svg aria-hidden=\"true\" class=\"e-font-icon-svg e-fas-check\" viewBox=\"0 0 512 512\" xmlns=\"http:\/\/www.w3.org\/2000\/svg\"><path d=\"M173.898 439.404l-166.4-166.4c-9.997-9.997-9.997-26.206 0-36.204l36.203-36.204c9.997-9.998 26.207-9.998 36.204 0L192 312.69 432.095 72.596c9.997-9.997 26.207-9.997 36.204 0l36.203 36.204c9.997 9.997 9.997 26.206 0 36.204l-294.4 294.401c-9.998 9.997-26.207 9.997-36.204-.001z\"><\/path><\/svg>\t\t\t\t\t\t<\/span>\n\t\t\t\t\t\t\t\t\t\t<span class=\"elementor-icon-list-text\">Reiki<\/span>\n\t\t\t\t\t\t\t\t\t<\/li>\n\t\t\t\t\t\t\t\t<li class=\"elementor-icon-list-item\">\n\t\t\t\t\t\t\t\t\t\t\t<span class=\"elementor-icon-list-icon\">\n\t\t\t\t\t\t\t<svg aria-hidden=\"true\" class=\"e-font-icon-svg e-fas-check\" viewBox=\"0 0 512 512\" xmlns=\"http:\/\/www.w3.org\/2000\/svg\"><path d=\"M173.898 439.404l-166.4-166.4c-9.997-9.997-9.997-26.206 0-36.204l36.203-36.204c9.997-9.998 26.207-9.998 36.204 0L192 312.69 432.095 72.596c9.997-9.997 26.207-9.997 36.204 0l36.203 36.204c9.997 9.997 9.997 26.206 0 36.204l-294.4 294.401c-9.998 9.997-26.207 9.997-36.204-.001z\"><\/path><\/svg>\t\t\t\t\t\t<\/span>\n\t\t\t\t\t\t\t\t\t\t<span class=\"elementor-icon-list-text\">Therapie zur Knochenregeneration<\/span>\n\t\t\t\t\t\t\t\t\t<\/li>\n\t\t\t\t\t\t\t\t<li class=\"elementor-icon-list-item\">\n\t\t\t\t\t\t\t\t\t\t\t<span class=\"elementor-icon-list-icon\">\n\t\t\t\t\t\t\t<svg aria-hidden=\"true\" class=\"e-font-icon-svg e-fas-check\" viewBox=\"0 0 512 512\" xmlns=\"http:\/\/www.w3.org\/2000\/svg\"><path d=\"M173.898 439.404l-166.4-166.4c-9.997-9.997-9.997-26.206 0-36.204l36.203-36.204c9.997-9.998 26.207-9.998 36.204 0L192 312.69 432.095 72.596c9.997-9.997 26.207-9.997 36.204 0l36.203 36.204c9.997 9.997 9.997 26.206 0 36.204l-294.4 294.401c-9.998 9.997-26.207 9.997-36.204-.001z\"><\/path><\/svg>\t\t\t\t\t\t<\/span>\n\t\t\t\t\t\t\t\t\t\t<span class=\"elementor-icon-list-text\">Meridian-Therapie  <\/span>\n\t\t\t\t\t\t\t\t\t<\/li>\n\t\t\t\t\t\t\t\t<li class=\"elementor-icon-list-item\">\n\t\t\t\t\t\t\t\t\t\t\t<span class=\"elementor-icon-list-icon\">\n\t\t\t\t\t\t\t<svg aria-hidden=\"true\" class=\"e-font-icon-svg e-fas-check\" viewBox=\"0 0 512 512\" xmlns=\"http:\/\/www.w3.org\/2000\/svg\"><path d=\"M173.898 439.404l-166.4-166.4c-9.997-9.997-9.997-26.206 0-36.204l36.203-36.204c9.997-9.998 26.207-9.998 36.204 0L192 312.69 432.095 72.596c9.997-9.997 26.207-9.997 36.204 0l36.203 36.204c9.997 9.997 9.997 26.206 0 36.204l-294.4 294.401c-9.998 9.997-26.207 9.997-36.204-.001z\"><\/path><\/svg>\t\t\t\t\t\t<\/span>\n\t\t\t\t\t\t\t\t\t\t<span class=\"elementor-icon-list-text\">Stimmgabeltherapie<\/span>\n\t\t\t\t\t\t\t\t\t<\/li>\n\t\t\t\t\t\t\t\t<li class=\"elementor-icon-list-item\">\n\t\t\t\t\t\t\t\t\t\t\t<a href=\"https:\/\/vitapurastudio.ch\/de\/spiritueller-und-mentaler-coach\/\">\n\n\t\t\t\t\t\t\t\t\t\t\t\t<span class=\"elementor-icon-list-icon\">\n\t\t\t\t\t\t\t<svg aria-hidden=\"true\" class=\"e-font-icon-svg e-fas-check\" viewBox=\"0 0 512 512\" xmlns=\"http:\/\/www.w3.org\/2000\/svg\"><path d=\"M173.898 439.404l-166.4-166.4c-9.997-9.997-9.997-26.206 0-36.204l36.203-36.204c9.997-9.998 26.207-9.998 36.204 0L192 312.69 432.095 72.596c9.997-9.997 26.207-9.997 36.204 0l36.203 36.204c9.997 9.997 9.997 26.206 0 36.204l-294.4 294.401c-9.998 9.997-26.207 9.997-36.204-.001z\"><\/path><\/svg>\t\t\t\t\t\t<\/span>\n\t\t\t\t\t\t\t\t\t\t<span class=\"elementor-icon-list-text\">Spiritueller und mentaler Coach<\/span>\n\t\t\t\t\t\t\t\t\t\t\t<\/a>\n\t\t\t\t\t\t\t\t\t<\/li>\n\t\t\t\t\t\t<\/ul>\n\t\t\t\t\t\t<\/div>\n\t\t\t\t<\/div>\n\t\t\t\t\t<\/div>\n\t\t<\/div>\n\t\t\t\t\t<\/div>\n\t\t<\/section>\n\t\t\t\t\t<\/div>\n\t\t<\/div>\n\t\t\t\t<div class=\"elementor-column elementor-col-66 elementor-top-column elementor-element elementor-element-28c893e\" data-id=\"28c893e\" data-element_type=\"column\" data-e-type=\"column\">\n\t\t\t<div class=\"elementor-widget-wrap elementor-element-populated\">\n\t\t\t\t\t\t<div class=\"elementor-element elementor-element-ab6473d elementor-widget elementor-widget-image\" data-id=\"ab6473d\" data-element_type=\"widget\" data-e-type=\"widget\" data-widget_type=\"image.default\">\n\t\t\t\t<div class=\"elementor-widget-container\">\n\t\t\t\t\t\t\t\t\t\t\t\t\t\t\t<img fetchpriority=\"high\" decoding=\"async\" width=\"768\" height=\"1024\" src=\"https:\/\/vitapurastudio.ch\/wp-content\/uploads\/sites\/82\/2025\/03\/IMG_8227-1-768x1024.jpeg\" class=\"attachment-large size-large wp-image-15834\" alt=\"\" srcset=\"https:\/\/vitapurastudio.ch\/wp-content\/uploads\/sites\/82\/2025\/03\/IMG_8227-1-768x1024.jpeg 768w, https:\/\/vitapurastudio.ch\/wp-content\/uploads\/sites\/82\/2025\/03\/IMG_8227-1-225x300.jpeg 225w, https:\/\/vitapurastudio.ch\/wp-content\/uploads\/sites\/82\/2025\/03\/IMG_8227-1-1152x1536.jpeg 1152w, https:\/\/vitapurastudio.ch\/wp-content\/uploads\/sites\/82\/2025\/03\/IMG_8227-1-1536x2048.jpeg 1536w, https:\/\/vitapurastudio.ch\/wp-content\/uploads\/sites\/82\/2025\/03\/IMG_8227-1-scaled.jpeg 1920w\" sizes=\"(max-width: 768px) 100vw, 768px\" \/>\t\t\t\t\t\t\t\t\t\t\t\t\t\t\t<\/div>\n\t\t\t\t<\/div>\n\t\t\t\t<div class=\"elementor-element elementor-element-3adbb17 elementor-widget elementor-widget-heading\" data-id=\"3adbb17\" data-element_type=\"widget\" data-e-type=\"widget\" data-widget_type=\"heading.default\">\n\t\t\t\t<div class=\"elementor-widget-container\">\n\t\t\t\t\t<h2 class=\"elementor-heading-title elementor-size-default\">Frequenz der Stimmgabel  <\/h2>\t\t\t\t<\/div>\n\t\t\t\t<\/div>\n\t\t\t\t<div class=\"elementor-element elementor-element-901ddc0 elementor-widget elementor-widget-heading\" data-id=\"901ddc0\" data-element_type=\"widget\" data-e-type=\"widget\" data-widget_type=\"heading.default\">\n\t\t\t\t<div class=\"elementor-widget-container\">\n\t\t\t\t\t<h3 class=\"elementor-heading-title elementor-size-default\">Harmonisieren Sie Ihren K\u00f6rper mit Klangschwingungen\n<\/h3>\t\t\t\t<\/div>\n\t\t\t\t<\/div>\n\t\t\t\t<div class=\"elementor-element elementor-element-c2e688d elementor-widget elementor-widget-text-editor\" data-id=\"c2e688d\" data-element_type=\"widget\" data-e-type=\"widget\" data-widget_type=\"text-editor.default\">\n\t\t\t\t<div class=\"elementor-widget-container\">\n\t\t\t\t\t\t\t\t\t<p data-start=\"88\" data-end=\"463\">Die <strong data-start=\"91\" data-end=\"125\">Stimmgabel-Frequenztherapie<\/strong> ist eine Schwingungsbehandlung, bei der Schallwellen zur Wiederherstellung des Energiegleichgewichts und zur F\u00f6rderung des psychophysischen Wohlbefindens eingesetzt werden. Durch die Anwendung von Stimmgabeln an bestimmten Punkten des K\u00f6rpers werden tiefe Schwingungen erzeugt, die <strong data-start=\"374\" data-end=\"460\">das Nervensystem entspannen, Spannungen abbauen und den Energiefluss verbessern.<\/strong> <\/p><p data-start=\"465\" data-end=\"626\">A <strong data-start=\"467\" data-end=\"487\">Vita Pura Studio<\/strong>Mit dieser Technik bringen wir K\u00f6rper und Geist in Einklang und f\u00f6rdern einen Zustand tiefer Entspannung und Zellregeneration.<\/p><hr data-start=\"628\" data-end=\"631\"><h3 data-start=\"633\" data-end=\"684\"><strong data-start=\"637\" data-end=\"682\">\ud83c\udf3f Wie funktioniert die Stimmgabeltherapie?<\/strong><\/h3><p data-start=\"685\" data-end=\"950\">Stimmgabeln, Instrumente, die auf bestimmte Frequenzen geeicht sind, werden an strategischen Punkten des K\u00f6rpers angebracht, um wohltuende Schwingungen zu \u00fcbertragen. Diese Schallwellen dringen in das Gewebe und die Zellen ein und stimulieren die <strong data-start=\"899\" data-end=\"947\">Wiederherstellung des Gleichgewichts des Nerven- und Muskelsystems<\/strong>. <\/p><p data-start=\"952\" data-end=\"1142\">\ud83d\udd39 <strong data-start=\"955\" data-end=\"1017\">Hilft, Muskelverspannungen und Energieblockaden zu l\u00f6sen<\/strong><br data-start=\"1017\" data-end=\"1020\">\ud83d\udd39 <strong data-start=\"1023\" data-end=\"1079\">Stimuliert Tiefenentspannung und Konzentration<\/strong><br data-start=\"1079\" data-end=\"1082\">\ud83d\udd39 <strong data-start=\"1085\" data-end=\"1140\">F\u00f6rdert die Harmonisierung der K\u00f6rperfrequenzen<\/strong><\/p><hr data-start=\"1144\" data-end=\"1147\"><h3 data-start=\"1149\" data-end=\"1207\"><strong data-start=\"1153\" data-end=\"1205\">\ud83d\udc86 Vorteile der Stimmgabel-Frequenztherapie<\/strong><\/h3><p data-start=\"1208\" data-end=\"1785\">\u2714 <strong data-start=\"1210\" data-end=\"1259\">Abbau von Stress, Angst und emotionalen Spannungen<\/strong> &#8211; Der Klang f\u00f6rdert einen Zustand der Ruhe und Gelassenheit.<br data-start=\"1311\" data-end=\"1314\">\u2714 <strong data-start=\"1316\" data-end=\"1366\">Verbesserung von Schlaf und Konzentration<\/strong> &#8211; Die Frequenzen harmonisieren die Gehirnt\u00e4tigkeit.<br data-start=\"1415\" data-end=\"1418\">\u2714 <strong data-start=\"1420\" data-end=\"1466\">Energieausgleich und k\u00f6rperliches Wohlbefinden<\/strong> &#8211; Die Schwingungen haben eine Tiefenwirkung auf Muskeln und Nervensystem.<br data-start=\"1535\" data-end=\"1538\">\u2714 <strong data-start=\"1540\" data-end=\"1598\" data-is-only-node=\"\">Unterst\u00fctzung bei der Genesung von chronischen Schmerzen und Entz\u00fcndungen<\/strong> &#8211; Die Therapie hilft, Muskel- und Gelenkbeschwerden zu reduzieren.<br data-start=\"1659\" data-end=\"1662\">\u2714 <strong data-start=\"1664\" data-end=\"1725\">Anregung des Immunsystems und des Kreislaufs<\/strong> &#8211; Die Schwingungen f\u00f6rdern einen besseren Energiefluss.<\/p><hr data-start=\"1787\" data-end=\"1790\"><h3 data-start=\"1792\" data-end=\"1874\"><strong data-start=\"1796\" data-end=\"1872\">\u2728 Buchen Sie jetzt Ihre Stimmgabel-Frequenztherapie-Behandlung!<\/strong><\/h3><p data-start=\"1876\" data-end=\"2053\">Wenn Sie <strong data-start=\"1888\" data-end=\"1986\">Ihr inneres Gleichgewicht wiederfinden, Spannungen abbauen und Ihr psychophysisches Wohlbefinden verbessern<\/strong> m\u00f6chten, ist die Diapason-Frequenztherapie die ideale L\u00f6sung f\u00fcr Sie.<\/p>\t\t\t\t\t\t\t\t<\/div>\n\t\t\t\t<\/div>\n\t\t\t\t\t<\/div>\n\t\t<\/div>\n\t\t\t\t\t<\/div>\n\t\t<\/section>\n\t\t\t\t<\/div>\n\t\t","protected":false},"excerpt":{"rendered":"<p>Wie kann ich Ihnen helfen? Entdecken Sie einen ma\u00dfgeschneiderten Wellness-Pfad mit ganzheitlichen Behandlungen, therapeutischen Massagen und fortschrittlichen Energietechniken. Befreien Sie sich von Stress, l\u00f6sen Sie Verspannungen und entdecken Sie mit der Unterst\u00fctzung eines erfahrenen Therapeuten Ihre innere Harmonie wieder. BUCHEN SIE IHRE BEHANDLUNG Alle Behandlungen Massaggi Riflessologia plantare Craniosacrale Reiki Terapia rigenerazione delle ossa Meridiana [&hellip;]<\/p>\n","protected":false},"author":2,"featured_media":0,"parent":10742,"menu_order":0,"comment_status":"closed","ping_status":"closed","template":"","meta":{"_seopress_robots_primary_cat":"","_seopress_titles_title":"Diapason-Frequenztherapie | Energieausgleich und Klangschwingungen","_seopress_titles_desc":"Harmonisieren Sie K\u00f6rper und Geist mit der Diapason-Frequenztherapie von Vita Pura Studio in Solduno. Tiefenentspannung und Energieausgleich. Buchen Sie jetzt Ihre Behandlung!  ","_seopress_robots_index":"","footnotes":""},"class_list":["post-10709","page","type-page","status-publish","hentry"],"_links":{"self":[{"href":"https:\/\/vitapurastudio.ch\/de\/wp-json\/wp\/v2\/pages\/10709","targetHints":{"allow":["GET"]}}],"collection":[{"href":"https:\/\/vitapurastudio.ch\/de\/wp-json\/wp\/v2\/pages"}],"about":[{"href":"https:\/\/vitapurastudio.ch\/de\/wp-json\/wp\/v2\/types\/page"}],"author":[{"embeddable":true,"href":"https:\/\/vitapurastudio.ch\/de\/wp-json\/wp\/v2\/users\/2"}],"replies":[{"embeddable":true,"href":"https:\/\/vitapurastudio.ch\/de\/wp-json\/wp\/v2\/comments?post=10709"}],"version-history":[{"count":0,"href":"https:\/\/vitapurastudio.ch\/de\/wp-json\/wp\/v2\/pages\/10709\/revisions"}],"up":[{"embeddable":true,"href":"https:\/\/vitapurastudio.ch\/de\/wp-json\/wp\/v2\/pages\/10742"}],"wp:attachment":[{"href":"https:\/\/vitapurastudio.ch\/de\/wp-json\/wp\/v2\/media?parent=10709"}],"curies":[{"name":"wp","href":"https:\/\/api.w.org\/{rel}","templated":true}]}}