{"id":10695,"date":"2025-03-05T11:00:27","date_gmt":"2025-03-05T10:00:27","guid":{"rendered":"https:\/\/vitapurastudio.ch\/reiki\/"},"modified":"2025-03-07T12:58:56","modified_gmt":"2025-03-07T11:58:56","slug":"reiki","status":"publish","type":"page","link":"https:\/\/vitapurastudio.ch\/de\/behandlungen\/reiki\/","title":{"rendered":"Reiki"},"content":{"rendered":"\t\t<div data-elementor-type=\"wp-page\" data-elementor-id=\"10695\" class=\"elementor elementor-10695 elementor-295\" data-elementor-post-type=\"page\">\n\t\t\t\t\t\t<section class=\"elementor-section elementor-top-section elementor-element elementor-element-01d07c0 elementor-section-content-middle elementor-section-boxed elementor-section-height-default elementor-section-height-default\" data-id=\"01d07c0\" data-element_type=\"section\" data-e-type=\"section\">\n\t\t\t\t\t\t\t<div class=\"elementor-background-overlay\"><\/div>\n\t\t\t\t\t\t\t<div class=\"elementor-container elementor-column-gap-default\">\n\t\t\t\t\t<div class=\"elementor-column elementor-col-100 elementor-top-column elementor-element elementor-element-2724137\" data-id=\"2724137\" data-element_type=\"column\" data-e-type=\"column\">\n\t\t\t<div class=\"elementor-widget-wrap elementor-element-populated\">\n\t\t\t\t\t\t<div class=\"elementor-element elementor-element-dccc095 elementor-widget elementor-widget-text-editor\" data-id=\"dccc095\" data-element_type=\"widget\" data-e-type=\"widget\" data-widget_type=\"text-editor.default\">\n\t\t\t\t<div class=\"elementor-widget-container\">\n\t\t\t\t\t\t\t\t\t<div><pre><nav  aria-label=\"Brotkrumen\"><ol class=\"breadcrumb\"><li class=\"breadcrumb-item active\" aria-current=\"page\"><span>Home<\/span><\/li><\/ol><\/nav><\/pre><\/div>\t\t\t\t\t\t\t\t<\/div>\n\t\t\t\t<\/div>\n\t\t\t\t\t<\/div>\n\t\t<\/div>\n\t\t\t\t\t<\/div>\n\t\t<\/section>\n\t\t\t\t<section class=\"elementor-section elementor-top-section elementor-element elementor-element-354e1f8 elementor-reverse-mobile elementor-section-boxed elementor-section-height-default elementor-section-height-default\" data-id=\"354e1f8\" data-element_type=\"section\" data-e-type=\"section\">\n\t\t\t\t\t\t<div class=\"elementor-container elementor-column-gap-default\">\n\t\t\t\t\t<div class=\"elementor-column elementor-col-33 elementor-top-column elementor-element elementor-element-bb8b7b4\" data-id=\"bb8b7b4\" data-element_type=\"column\" data-e-type=\"column\">\n\t\t\t<div class=\"elementor-widget-wrap elementor-element-populated\">\n\t\t\t\t\t\t<section class=\"elementor-section elementor-inner-section elementor-element elementor-element-c907aa8 elementor-section-boxed elementor-section-height-default elementor-section-height-default\" data-id=\"c907aa8\" data-element_type=\"section\" data-e-type=\"section\" data-settings=\"{&quot;background_background&quot;:&quot;classic&quot;,&quot;sticky&quot;:&quot;top&quot;,&quot;sticky_on&quot;:[&quot;desktop&quot;],&quot;sticky_offset&quot;:50,&quot;sticky_effects_offset&quot;:0,&quot;sticky_anchor_link_offset&quot;:0}\">\n\t\t\t\t\t\t<div class=\"elementor-container elementor-column-gap-default\">\n\t\t\t\t\t<div class=\"elementor-column elementor-col-100 elementor-inner-column elementor-element elementor-element-50ea284\" data-id=\"50ea284\" data-element_type=\"column\" data-e-type=\"column\">\n\t\t\t<div class=\"elementor-widget-wrap elementor-element-populated\">\n\t\t\t\t\t\t<div class=\"elementor-element elementor-element-c10008b elementor-widget elementor-widget-heading\" data-id=\"c10008b\" data-element_type=\"widget\" data-e-type=\"widget\" data-widget_type=\"heading.default\">\n\t\t\t\t<div class=\"elementor-widget-container\">\n\t\t\t\t\t<h3 class=\"elementor-heading-title elementor-size-default\">Wie kann ich Ihnen helfen?<\/h3>\t\t\t\t<\/div>\n\t\t\t\t<\/div>\n\t\t\t\t<div class=\"elementor-element elementor-element-3ed5635 elementor-widget elementor-widget-text-editor\" data-id=\"3ed5635\" data-element_type=\"widget\" data-e-type=\"widget\" data-widget_type=\"text-editor.default\">\n\t\t\t\t<div class=\"elementor-widget-container\">\n\t\t\t\t\t\t\t\t\t<p data-start=\"61\" data-end=\"311\">Entdecken Sie einen ma\u00dfgeschneiderten Wellness-Pfad mit ganzheitlichen Behandlungen, therapeutischen Massagen und fortschrittlichen Energietechniken. Befreien Sie sich von Stress, l\u00f6sen Sie Verspannungen und entdecken Sie mit der Unterst\u00fctzung eines erfahrenen Therapeuten Ihre innere Harmonie wieder. <\/p>\t\t\t\t\t\t\t\t<\/div>\n\t\t\t\t<\/div>\n\t\t\t\t<div class=\"elementor-element elementor-element-670e373 elementor-align-justify elementor-widget elementor-widget-button\" data-id=\"670e373\" data-element_type=\"widget\" data-e-type=\"widget\" data-widget_type=\"button.default\">\n\t\t\t\t<div class=\"elementor-widget-container\">\n\t\t\t\t\t\t\t\t\t<div class=\"elementor-button-wrapper\">\n\t\t\t\t\t<a class=\"elementor-button elementor-button-link elementor-size-sm\" href=\"https:\/\/vitapurastudio.ch\/prenotazione-del-trattamento\/\">\n\t\t\t\t\t\t<span class=\"elementor-button-content-wrapper\">\n\t\t\t\t\t\t\t\t\t<span class=\"elementor-button-text\">BUCHEN SIE IHRE BEHANDLUNG<\/span>\n\t\t\t\t\t<\/span>\n\t\t\t\t\t<\/a>\n\t\t\t\t<\/div>\n\t\t\t\t\t\t\t\t<\/div>\n\t\t\t\t<\/div>\n\t\t\t\t\t<\/div>\n\t\t<\/div>\n\t\t\t\t\t<\/div>\n\t\t<\/section>\n\t\t\t\t<section class=\"elementor-section elementor-inner-section elementor-element elementor-element-3b71b0c elementor-section-boxed elementor-section-height-default elementor-section-height-default\" data-id=\"3b71b0c\" data-element_type=\"section\" data-e-type=\"section\" data-settings=\"{&quot;background_background&quot;:&quot;classic&quot;}\">\n\t\t\t\t\t\t<div class=\"elementor-container elementor-column-gap-default\">\n\t\t\t\t\t<div class=\"elementor-column elementor-col-100 elementor-inner-column elementor-element elementor-element-bd5305c\" data-id=\"bd5305c\" data-element_type=\"column\" data-e-type=\"column\">\n\t\t\t<div class=\"elementor-widget-wrap elementor-element-populated\">\n\t\t\t\t\t\t<div class=\"elementor-element elementor-element-ce5c7c9 elementor-widget elementor-widget-heading\" data-id=\"ce5c7c9\" data-element_type=\"widget\" data-e-type=\"widget\" data-widget_type=\"heading.default\">\n\t\t\t\t<div class=\"elementor-widget-container\">\n\t\t\t\t\t<h3 class=\"elementor-heading-title elementor-size-default\">Alle Behandlungen<\/h3>\t\t\t\t<\/div>\n\t\t\t\t<\/div>\n\t\t\t\t<div class=\"elementor-element elementor-element-4c1b107 elementor-tablet-align-center elementor-mobile-align-start elementor-icon-list--layout-traditional elementor-list-item-link-full_width elementor-widget elementor-widget-global elementor-global-15721 elementor-global-243 elementor-widget-icon-list\" data-id=\"4c1b107\" data-element_type=\"widget\" data-e-type=\"widget\" data-widget_type=\"icon-list.default\">\n\t\t\t\t<div class=\"elementor-widget-container\">\n\t\t\t\t\t\t\t<ul class=\"elementor-icon-list-items\">\n\t\t\t\t\t\t\t<li class=\"elementor-icon-list-item\">\n\t\t\t\t\t\t\t\t\t\t\t<a href=\"https:\/\/vitapurastudio.ch\/de\/behandlungen\/massagen\/\">\n\n\t\t\t\t\t\t\t\t\t\t\t\t<span class=\"elementor-icon-list-icon\">\n\t\t\t\t\t\t\t<svg aria-hidden=\"true\" class=\"e-font-icon-svg e-fas-check\" viewBox=\"0 0 512 512\" xmlns=\"http:\/\/www.w3.org\/2000\/svg\"><path d=\"M173.898 439.404l-166.4-166.4c-9.997-9.997-9.997-26.206 0-36.204l36.203-36.204c9.997-9.998 26.207-9.998 36.204 0L192 312.69 432.095 72.596c9.997-9.997 26.207-9.997 36.204 0l36.203 36.204c9.997 9.997 9.997 26.206 0 36.204l-294.4 294.401c-9.998 9.997-26.207 9.997-36.204-.001z\"><\/path><\/svg>\t\t\t\t\t\t<\/span>\n\t\t\t\t\t\t\t\t\t\t<span class=\"elementor-icon-list-text\">Massagen<\/span>\n\t\t\t\t\t\t\t\t\t\t\t<\/a>\n\t\t\t\t\t\t\t\t\t<\/li>\n\t\t\t\t\t\t\t\t<li class=\"elementor-icon-list-item\">\n\t\t\t\t\t\t\t\t\t\t\t<a href=\"https:\/\/vitapurastudio.ch\/de\/behandlungen\/fussreflexzonenmassage\/\">\n\n\t\t\t\t\t\t\t\t\t\t\t\t<span class=\"elementor-icon-list-icon\">\n\t\t\t\t\t\t\t<svg aria-hidden=\"true\" class=\"e-font-icon-svg e-fas-check\" viewBox=\"0 0 512 512\" xmlns=\"http:\/\/www.w3.org\/2000\/svg\"><path d=\"M173.898 439.404l-166.4-166.4c-9.997-9.997-9.997-26.206 0-36.204l36.203-36.204c9.997-9.998 26.207-9.998 36.204 0L192 312.69 432.095 72.596c9.997-9.997 26.207-9.997 36.204 0l36.203 36.204c9.997 9.997 9.997 26.206 0 36.204l-294.4 294.401c-9.998 9.997-26.207 9.997-36.204-.001z\"><\/path><\/svg>\t\t\t\t\t\t<\/span>\n\t\t\t\t\t\t\t\t\t\t<span class=\"elementor-icon-list-text\">Fu\u00dfreflexzonenmassage<\/span>\n\t\t\t\t\t\t\t\t\t\t\t<\/a>\n\t\t\t\t\t\t\t\t\t<\/li>\n\t\t\t\t\t\t\t\t<li class=\"elementor-icon-list-item\">\n\t\t\t\t\t\t\t\t\t\t\t<span class=\"elementor-icon-list-icon\">\n\t\t\t\t\t\t\t<svg aria-hidden=\"true\" class=\"e-font-icon-svg e-fas-check\" viewBox=\"0 0 512 512\" xmlns=\"http:\/\/www.w3.org\/2000\/svg\"><path d=\"M173.898 439.404l-166.4-166.4c-9.997-9.997-9.997-26.206 0-36.204l36.203-36.204c9.997-9.998 26.207-9.998 36.204 0L192 312.69 432.095 72.596c9.997-9.997 26.207-9.997 36.204 0l36.203 36.204c9.997 9.997 9.997 26.206 0 36.204l-294.4 294.401c-9.998 9.997-26.207 9.997-36.204-.001z\"><\/path><\/svg>\t\t\t\t\t\t<\/span>\n\t\t\t\t\t\t\t\t\t\t<span class=\"elementor-icon-list-text\">Craniosacral<\/span>\n\t\t\t\t\t\t\t\t\t<\/li>\n\t\t\t\t\t\t\t\t<li class=\"elementor-icon-list-item\">\n\t\t\t\t\t\t\t\t\t\t\t<span class=\"elementor-icon-list-icon\">\n\t\t\t\t\t\t\t<svg aria-hidden=\"true\" class=\"e-font-icon-svg e-fas-check\" viewBox=\"0 0 512 512\" xmlns=\"http:\/\/www.w3.org\/2000\/svg\"><path d=\"M173.898 439.404l-166.4-166.4c-9.997-9.997-9.997-26.206 0-36.204l36.203-36.204c9.997-9.998 26.207-9.998 36.204 0L192 312.69 432.095 72.596c9.997-9.997 26.207-9.997 36.204 0l36.203 36.204c9.997 9.997 9.997 26.206 0 36.204l-294.4 294.401c-9.998 9.997-26.207 9.997-36.204-.001z\"><\/path><\/svg>\t\t\t\t\t\t<\/span>\n\t\t\t\t\t\t\t\t\t\t<span class=\"elementor-icon-list-text\">Reiki<\/span>\n\t\t\t\t\t\t\t\t\t<\/li>\n\t\t\t\t\t\t\t\t<li class=\"elementor-icon-list-item\">\n\t\t\t\t\t\t\t\t\t\t\t<span class=\"elementor-icon-list-icon\">\n\t\t\t\t\t\t\t<svg aria-hidden=\"true\" class=\"e-font-icon-svg e-fas-check\" viewBox=\"0 0 512 512\" xmlns=\"http:\/\/www.w3.org\/2000\/svg\"><path d=\"M173.898 439.404l-166.4-166.4c-9.997-9.997-9.997-26.206 0-36.204l36.203-36.204c9.997-9.998 26.207-9.998 36.204 0L192 312.69 432.095 72.596c9.997-9.997 26.207-9.997 36.204 0l36.203 36.204c9.997 9.997 9.997 26.206 0 36.204l-294.4 294.401c-9.998 9.997-26.207 9.997-36.204-.001z\"><\/path><\/svg>\t\t\t\t\t\t<\/span>\n\t\t\t\t\t\t\t\t\t\t<span class=\"elementor-icon-list-text\">Therapie zur Knochenregeneration<\/span>\n\t\t\t\t\t\t\t\t\t<\/li>\n\t\t\t\t\t\t\t\t<li class=\"elementor-icon-list-item\">\n\t\t\t\t\t\t\t\t\t\t\t<span class=\"elementor-icon-list-icon\">\n\t\t\t\t\t\t\t<svg aria-hidden=\"true\" class=\"e-font-icon-svg e-fas-check\" viewBox=\"0 0 512 512\" xmlns=\"http:\/\/www.w3.org\/2000\/svg\"><path d=\"M173.898 439.404l-166.4-166.4c-9.997-9.997-9.997-26.206 0-36.204l36.203-36.204c9.997-9.998 26.207-9.998 36.204 0L192 312.69 432.095 72.596c9.997-9.997 26.207-9.997 36.204 0l36.203 36.204c9.997 9.997 9.997 26.206 0 36.204l-294.4 294.401c-9.998 9.997-26.207 9.997-36.204-.001z\"><\/path><\/svg>\t\t\t\t\t\t<\/span>\n\t\t\t\t\t\t\t\t\t\t<span class=\"elementor-icon-list-text\">Meridian-Therapie  <\/span>\n\t\t\t\t\t\t\t\t\t<\/li>\n\t\t\t\t\t\t\t\t<li class=\"elementor-icon-list-item\">\n\t\t\t\t\t\t\t\t\t\t\t<span class=\"elementor-icon-list-icon\">\n\t\t\t\t\t\t\t<svg aria-hidden=\"true\" class=\"e-font-icon-svg e-fas-check\" viewBox=\"0 0 512 512\" xmlns=\"http:\/\/www.w3.org\/2000\/svg\"><path d=\"M173.898 439.404l-166.4-166.4c-9.997-9.997-9.997-26.206 0-36.204l36.203-36.204c9.997-9.998 26.207-9.998 36.204 0L192 312.69 432.095 72.596c9.997-9.997 26.207-9.997 36.204 0l36.203 36.204c9.997 9.997 9.997 26.206 0 36.204l-294.4 294.401c-9.998 9.997-26.207 9.997-36.204-.001z\"><\/path><\/svg>\t\t\t\t\t\t<\/span>\n\t\t\t\t\t\t\t\t\t\t<span class=\"elementor-icon-list-text\">Stimmgabeltherapie<\/span>\n\t\t\t\t\t\t\t\t\t<\/li>\n\t\t\t\t\t\t\t\t<li class=\"elementor-icon-list-item\">\n\t\t\t\t\t\t\t\t\t\t\t<a href=\"https:\/\/vitapurastudio.ch\/de\/spiritueller-und-mentaler-coach\/\">\n\n\t\t\t\t\t\t\t\t\t\t\t\t<span class=\"elementor-icon-list-icon\">\n\t\t\t\t\t\t\t<svg aria-hidden=\"true\" class=\"e-font-icon-svg e-fas-check\" viewBox=\"0 0 512 512\" xmlns=\"http:\/\/www.w3.org\/2000\/svg\"><path d=\"M173.898 439.404l-166.4-166.4c-9.997-9.997-9.997-26.206 0-36.204l36.203-36.204c9.997-9.998 26.207-9.998 36.204 0L192 312.69 432.095 72.596c9.997-9.997 26.207-9.997 36.204 0l36.203 36.204c9.997 9.997 9.997 26.206 0 36.204l-294.4 294.401c-9.998 9.997-26.207 9.997-36.204-.001z\"><\/path><\/svg>\t\t\t\t\t\t<\/span>\n\t\t\t\t\t\t\t\t\t\t<span class=\"elementor-icon-list-text\">Spiritueller und mentaler Coach<\/span>\n\t\t\t\t\t\t\t\t\t\t\t<\/a>\n\t\t\t\t\t\t\t\t\t<\/li>\n\t\t\t\t\t\t<\/ul>\n\t\t\t\t\t\t<\/div>\n\t\t\t\t<\/div>\n\t\t\t\t\t<\/div>\n\t\t<\/div>\n\t\t\t\t\t<\/div>\n\t\t<\/section>\n\t\t\t\t\t<\/div>\n\t\t<\/div>\n\t\t\t\t<div class=\"elementor-column elementor-col-66 elementor-top-column elementor-element elementor-element-ba86627\" data-id=\"ba86627\" data-element_type=\"column\" data-e-type=\"column\">\n\t\t\t<div class=\"elementor-widget-wrap elementor-element-populated\">\n\t\t\t\t\t\t<div class=\"elementor-element elementor-element-0c1ec1f elementor-widget elementor-widget-image\" data-id=\"0c1ec1f\" data-element_type=\"widget\" data-e-type=\"widget\" data-widget_type=\"image.default\">\n\t\t\t\t<div class=\"elementor-widget-container\">\n\t\t\t\t\t\t\t\t\t\t\t\t\t\t\t<img fetchpriority=\"high\" decoding=\"async\" width=\"800\" height=\"534\" src=\"https:\/\/vitapurastudio.ch\/wp-content\/uploads\/sites\/82\/2025\/03\/cropped-shot-of-male-therapist-doing-reiki-healing-session-to-woman-1024x683.jpg\" class=\"attachment-large size-large wp-image-4608\" alt=\"\" srcset=\"https:\/\/vitapurastudio.ch\/wp-content\/uploads\/sites\/82\/2025\/03\/cropped-shot-of-male-therapist-doing-reiki-healing-session-to-woman-1024x683.jpg 1024w, https:\/\/vitapurastudio.ch\/wp-content\/uploads\/sites\/82\/2025\/03\/cropped-shot-of-male-therapist-doing-reiki-healing-session-to-woman-300x200.jpg 300w, https:\/\/vitapurastudio.ch\/wp-content\/uploads\/sites\/82\/2025\/03\/cropped-shot-of-male-therapist-doing-reiki-healing-session-to-woman-768x512.jpg 768w, https:\/\/vitapurastudio.ch\/wp-content\/uploads\/sites\/82\/2025\/03\/cropped-shot-of-male-therapist-doing-reiki-healing-session-to-woman-1536x1025.jpg 1536w, https:\/\/vitapurastudio.ch\/wp-content\/uploads\/sites\/82\/2025\/03\/cropped-shot-of-male-therapist-doing-reiki-healing-session-to-woman-800x534.jpg 800w, https:\/\/vitapurastudio.ch\/wp-content\/uploads\/sites\/82\/2025\/03\/cropped-shot-of-male-therapist-doing-reiki-healing-session-to-woman.jpg 2000w\" sizes=\"(max-width: 800px) 100vw, 800px\" \/>\t\t\t\t\t\t\t\t\t\t\t\t\t\t\t<\/div>\n\t\t\t\t<\/div>\n\t\t\t\t<div class=\"elementor-element elementor-element-294b553 elementor-widget elementor-widget-heading\" data-id=\"294b553\" data-element_type=\"widget\" data-e-type=\"widget\" data-widget_type=\"heading.default\">\n\t\t\t\t<div class=\"elementor-widget-container\">\n\t\t\t\t\t<h2 class=\"elementor-heading-title elementor-size-default\">Reiki<\/h2>\t\t\t\t<\/div>\n\t\t\t\t<\/div>\n\t\t\t\t<div class=\"elementor-element elementor-element-b2fa932 elementor-widget elementor-widget-heading\" data-id=\"b2fa932\" data-element_type=\"widget\" data-e-type=\"widget\" data-widget_type=\"heading.default\">\n\t\t\t\t<div class=\"elementor-widget-container\">\n\t\t\t\t\t<h3 class=\"elementor-heading-title elementor-size-default\">Bringen Sie Ihre Lebensenergie wieder ins Gleichgewicht und gewinnen Sie innere Harmonie zur\u00fcck\n<\/h3>\t\t\t\t<\/div>\n\t\t\t\t<\/div>\n\t\t\t\t<div class=\"elementor-element elementor-element-93dad81 elementor-widget elementor-widget-text-editor\" data-id=\"93dad81\" data-element_type=\"widget\" data-e-type=\"widget\" data-widget_type=\"text-editor.default\">\n\t\t\t\t<div class=\"elementor-widget-container\">\n\t\t\t\t\t\t\t\t\t<p data-start=\"83\" data-end=\"340\"><strong data-start=\"86\" data-end=\"95\">Reiki<\/strong> ist eine japanische Energiepraxis, die durch Handauflegen das psychophysische Wohlbefinden f\u00f6rdert. Diese Behandlung hilft, <strong data-start=\"235\" data-end=\"337\">Energieblockaden aufzul\u00f6sen, Stress abzubauen und die nat\u00fcrlichen Selbstheilungsprozesse anzuregen<\/strong>. <\/p><p data-start=\"342\" data-end=\"507\">A <strong data-start=\"344\" data-end=\"364\">Vita Pura Studio<\/strong>Mit Reiki harmonisieren wir den Energiefluss des K\u00f6rpers, f\u00f6rdern einen Zustand tiefer Entspannung und innerer Ausgeglichenheit.<\/p><hr data-start=\"509\" data-end=\"512\"><h3 data-start=\"514\" data-end=\"562\"><strong data-start=\"518\" data-end=\"560\">\ud83c\udf3f Wie funktioniert eine Reiki-Behandlung?<\/strong><\/h3><p data-start=\"563\" data-end=\"845\">W\u00e4hrend einer Reiki-Sitzung kanalisiert der Therapeut universelle Energie und \u00fcbertr\u00e4gt sie durch H\u00e4nde, die auf bestimmte Punkte des K\u00f6rpers gelegt werden. Diese Energie hilft, das Gleichgewicht zwischen K\u00f6rper, Geist und Seele wiederherzustellen und f\u00f6rdert ein Gef\u00fchl der Ruhe und des tiefen Wohlbefindens. <\/p><p data-start=\"847\" data-end=\"1004\">\ud83d\udd39 <strong data-start=\"850\" data-end=\"895\">Bringt den nat\u00fcrlichen Energiefluss wieder ins Gleichgewicht<\/strong><br data-start=\"895\" data-end=\"898\">\ud83d\udd39 <strong data-start=\"901\" data-end=\"951\">Hilft, k\u00f6rperliche und emotionale Spannungen zu l\u00f6sen<\/strong><br data-start=\"951\" data-end=\"954\">\ud83d\udd39 <strong data-start=\"957\" data-end=\"1002\">Verbessert die Verbindung zwischen K\u00f6rper und Geist<\/strong><\/p><hr data-start=\"1006\" data-end=\"1009\"><h3 data-start=\"1011\" data-end=\"1042\"><strong data-start=\"1015\" data-end=\"1040\">\ud83d\udc86 Vorteile von Reiki<\/strong><\/h3><p data-start=\"1043\" data-end=\"1584\"><br data-start=\"1137\" data-end=\"1140\">\u2714 <strong data-start=\"1142\" data-end=\"1183\">Erh\u00f6hte Energie und Vitalit\u00e4t<\/strong> &#8211; <strong data-start=\"1045\" data-end=\"1076\">Verbessert<\/strong> das allgemeine Wohlbefinden und die innere Verbundenheit.<br data-start=\"1244\" data-end=\"1247\">\u2714 <strong data-start=\"1249\" data-end=\"1303\">Verbesserter Schlaf und Lebensqualit\u00e4t<\/strong> &#8211; F\u00f6rdert eine verj\u00fcngende Erholung.<br data-start=\"1342\" data-end=\"1345\">\u2714 <strong data-start=\"1347\" data-end=\"1389\" data-is-only-node=\"\">Emotionale Unterst\u00fctzung und spirituelles Wachstum<\/strong> &#8211; Hilft, innere Blockaden zu l\u00f6sen und f\u00f6rdert das Bewusstsein.<br data-start=\"1459\" data-end=\"1462\">\u2714 <strong data-start=\"1464\" data-end=\"1520\">Anregung der nat\u00fcrlichen Selbstheilungsprozesse<\/strong> &#8211; St\u00e4rkt das Immunsystem und das psychophysische Wohlbefinden.<\/p><hr data-start=\"1586\" data-end=\"1589\"><h3 data-start=\"1591\" data-end=\"1640\"><strong data-start=\"1595\" data-end=\"1638\">\u2728 Buchen Sie jetzt Ihre Reiki-Behandlung!<\/strong><\/h3><p data-start=\"1642\" data-end=\"1770\">Wenn Sie Ihr inneres Gleichgewicht wiederherstellen und sich von Stress und Spannungen befreien m\u00f6chten, ist Reiki die perfekte L\u00f6sung f\u00fcr Sie.<\/p>\t\t\t\t\t\t\t\t<\/div>\n\t\t\t\t<\/div>\n\t\t\t\t\t<\/div>\n\t\t<\/div>\n\t\t\t\t\t<\/div>\n\t\t<\/section>\n\t\t\t\t<\/div>\n\t\t","protected":false},"excerpt":{"rendered":"<p>Wie kann ich Ihnen helfen? Entdecken Sie einen ma\u00dfgeschneiderten Wellness-Pfad mit ganzheitlichen Behandlungen, therapeutischen Massagen und fortschrittlichen Energietechniken. Befreien Sie sich von Stress, l\u00f6sen Sie Verspannungen und entdecken Sie mit der Unterst\u00fctzung eines erfahrenen Therapeuten Ihre innere Harmonie wieder. BUCHEN SIE IHRE BEHANDLUNG Alle Behandlungen Massaggi Riflessologia plantare Craniosacrale Reiki Terapia rigenerazione delle ossa Meridiana [&hellip;]<\/p>\n","protected":false},"author":2,"featured_media":0,"parent":10742,"menu_order":0,"comment_status":"closed","ping_status":"closed","template":"","meta":{"_seopress_robots_primary_cat":"","_seopress_titles_title":"Reiki | Energieausgleich und Wohlbefinden - Vita Pura Studio","_seopress_titles_desc":"Entdecken Sie Reiki unter Vita Pura Studio in Solduno. Energien wieder ins Gleichgewicht bringen, emotionale Blockaden l\u00f6sen und Stress abbauen. RME.ch zertifizierte Behandlung. Jetzt buchen!   ","_seopress_robots_index":"","footnotes":""},"class_list":["post-10695","page","type-page","status-publish","hentry"],"_links":{"self":[{"href":"https:\/\/vitapurastudio.ch\/de\/wp-json\/wp\/v2\/pages\/10695","targetHints":{"allow":["GET"]}}],"collection":[{"href":"https:\/\/vitapurastudio.ch\/de\/wp-json\/wp\/v2\/pages"}],"about":[{"href":"https:\/\/vitapurastudio.ch\/de\/wp-json\/wp\/v2\/types\/page"}],"author":[{"embeddable":true,"href":"https:\/\/vitapurastudio.ch\/de\/wp-json\/wp\/v2\/users\/2"}],"replies":[{"embeddable":true,"href":"https:\/\/vitapurastudio.ch\/de\/wp-json\/wp\/v2\/comments?post=10695"}],"version-history":[{"count":0,"href":"https:\/\/vitapurastudio.ch\/de\/wp-json\/wp\/v2\/pages\/10695\/revisions"}],"up":[{"embeddable":true,"href":"https:\/\/vitapurastudio.ch\/de\/wp-json\/wp\/v2\/pages\/10742"}],"wp:attachment":[{"href":"https:\/\/vitapurastudio.ch\/de\/wp-json\/wp\/v2\/media?parent=10695"}],"curies":[{"name":"wp","href":"https:\/\/api.w.org\/{rel}","templated":true}]}}